{"id":229996,"date":"2025-03-22T16:04:50","date_gmt":"2025-03-22T16:04:50","guid":{"rendered":"https:\/\/aromasentia.com\/product\/double-cotton-bedspread-wall-hanging-winter-tree\/"},"modified":"2025-06-23T18:47:14","modified_gmt":"2025-06-23T18:47:14","slug":"dessus-lit-tenture-double-arbre-dhiver","status":"publish","type":"product","link":"https:\/\/aromasentia.com\/fr\/dessus-lit-tenture-double-arbre-dhiver\/","title":{"rendered":"Dessus Lit\/Tenture Double &#8211; Arbre d&rsquo;Hiver"},"content":{"rendered":"<p>Fabriqu\u00e9es \u00e0 la main en Inde, ces tentures murales sont id\u00e9ales pour les architectes d&rsquo;int\u00e9rieur &#8211; les couleurs riches sont id\u00e9ales pour l&rsquo;inspiration du sch\u00e9ma.<\/p>\n<p>Ils peuvent \u00eatre utilis\u00e9s comme couvre-lit ou simplement pour d\u00e9corer le mur.<\/p>\n","protected":false},"excerpt":{"rendered":"<p>Fabriqu\u00e9es \u00e0 la main en Inde, ces tentures murales sont id\u00e9ales pour les architectes d&rsquo;int\u00e9rieur &#8211; les couleurs riches sont id\u00e9ales pour l&rsquo;inspiration du sch\u00e9ma. Ils peuvent \u00eatre utilis\u00e9s comme couvre-lit ou simplement pour d\u00e9corer le mur.<\/p>\n","protected":false},"featured_media":361670,"comment_status":"closed","ping_status":"open","template":"","meta":{"_angie_page":false},"product_brand":[],"product_cat":[14446,18109,16869],"product_tag":[],"class_list":{"0":"post-229996","1":"product","2":"type-product","3":"status-publish","4":"has-post-thumbnail","6":"product_cat-maison-et-jardin","7":"product_cat-tentures-murales","8":"product_cat-textiles","9":"pa_collection-cotton-bedspreads-wall-hangings-fr","10":"pa_made-in-inde","12":"first","13":"instock","14":"purchasable","15":"product-type-simple"},"supplier_id":null,"supplier_sku":"CBWH-13","barcode":null,"atum_controlled":true,"out_stock_date":null,"out_stock_threshold":null,"inheritable":false,"inbound_stock":null,"stock_on_hold":0,"sold_today":0,"sales_last_days":0,"reserved_stock":null,"customer_returns":null,"warehouse_damage":null,"lost_in_post":null,"other_logs":null,"out_stock_days":0,"lost_sales":0,"has_location":null,"update_date":"2026-04-27T06:56:10","atum_locations":[],"atum_stock_status":"instock","restock_status":false,"low_stock_amount":"","sales_update_date":"2026-01-30T01:26:00","calc_backorders":null,"_links":{"self":[{"href":"https:\/\/aromasentia.com\/fr\/wp-json\/wp\/v2\/product\/229996","targetHints":{"allow":["GET"]}}],"collection":[{"href":"https:\/\/aromasentia.com\/fr\/wp-json\/wp\/v2\/product"}],"about":[{"href":"https:\/\/aromasentia.com\/fr\/wp-json\/wp\/v2\/types\/product"}],"replies":[{"embeddable":true,"href":"https:\/\/aromasentia.com\/fr\/wp-json\/wp\/v2\/comments?post=229996"}],"version-history":[{"count":0,"href":"https:\/\/aromasentia.com\/fr\/wp-json\/wp\/v2\/product\/229996\/revisions"}],"wp:featuredmedia":[{"embeddable":true,"href":"https:\/\/aromasentia.com\/fr\/wp-json\/wp\/v2\/media\/361670"}],"wp:attachment":[{"href":"https:\/\/aromasentia.com\/fr\/wp-json\/wp\/v2\/media?parent=229996"}],"wp:term":[{"taxonomy":"product_brand","embeddable":true,"href":"https:\/\/aromasentia.com\/fr\/wp-json\/wp\/v2\/product_brand?post=229996"},{"taxonomy":"product_cat","embeddable":true,"href":"https:\/\/aromasentia.com\/fr\/wp-json\/wp\/v2\/product_cat?post=229996"},{"taxonomy":"product_tag","embeddable":true,"href":"https:\/\/aromasentia.com\/fr\/wp-json\/wp\/v2\/product_tag?post=229996"}],"curies":[{"name":"wp","href":"https:\/\/api.w.org\/{rel}","templated":true}]}}