{"id":229924,"date":"2025-03-22T16:04:50","date_gmt":"2025-03-22T16:04:50","guid":{"rendered":"https:\/\/aromasentia.com\/product\/simple-bamboo-bird-whistle\/"},"modified":"2025-06-23T18:47:03","modified_gmt":"2025-06-23T18:47:03","slug":"sifflet-en-bambou-simple","status":"publish","type":"product","link":"https:\/\/aromasentia.com\/fr\/sifflet-en-bambou-simple\/","title":{"rendered":"Sifflet en bambou simple"},"content":{"rendered":"<p>Jetez un coup d&rsquo;\u0153il \u00e0 nos jolis <strong><span style=\"color: rgb(75, 80, 88);\">Sifflets d&rsquo;oiseaux en bois<\/span><\/strong> faits \u00e0 la main. Bas\u00e9 sur l&rsquo;utilisation d&rsquo;appels d&rsquo;oiseaux.&nbsp;<\/p>\n<p><strong><span style=\"color: rgb(75, 80, 88);\">Vendus par 20, de simples sifflets en bambou peuvent \u00eatre peints selon votre choix. <\/span><\/strong><\/p>\n<p>Profitez de son son relaxant produit par la vibration de l&rsquo;air passant sur un bord. Nous sommes s\u00fbrs que ce produit artisanal ravira petits et grands amoureux de la nature !&nbsp;<\/p>\n<p><strong><span style=\"color: rgb(141, 186, 216);\">Commandez maintenant pour apporter des r\u00e9cr\u00e9ations de chants d&rsquo;oiseaux dans votre boutique.<\/span><\/strong><\/p>\n","protected":false},"excerpt":{"rendered":"<p>Jetez un coup d&rsquo;\u0153il \u00e0 nos jolis Sifflets d&rsquo;oiseaux en bois faits \u00e0 la main. Bas\u00e9 sur l&rsquo;utilisation d&rsquo;appels d&rsquo;oiseaux.&nbsp; Vendus par 20, de simples sifflets en bambou peuvent \u00eatre peints selon votre choix. Profitez de son son relaxant produit par la vibration de l&rsquo;air passant sur un bord. Nous sommes s\u00fbrs que ce produit [&hellip;]<\/p>\n","protected":false},"featured_media":361188,"comment_status":"closed","ping_status":"open","template":"","meta":{"_angie_page":false},"product_brand":[],"product_cat":[14054,14235],"product_tag":[],"class_list":{"0":"post-229924","1":"product","2":"type-product","3":"status-publish","4":"has-post-thumbnail","6":"product_cat-cadeaux-vintage-et-souvenirs","7":"product_cat-instruments-de-musique","8":"pa_collection-bird-whistles-fr","9":"pa_made-in-indonesie","11":"first","12":"instock","13":"purchasable","14":"product-type-simple"},"supplier_id":null,"supplier_sku":"Bwis-03","barcode":null,"atum_controlled":true,"out_stock_date":null,"out_stock_threshold":null,"inheritable":false,"inbound_stock":null,"stock_on_hold":0,"sold_today":0,"sales_last_days":0,"reserved_stock":null,"customer_returns":null,"warehouse_damage":null,"lost_in_post":null,"other_logs":null,"out_stock_days":0,"lost_sales":0,"has_location":null,"update_date":"2026-04-27T06:55:59","atum_locations":[],"atum_stock_status":"instock","restock_status":false,"low_stock_amount":"","sales_update_date":"2026-02-06T00:02:02","calc_backorders":null,"_links":{"self":[{"href":"https:\/\/aromasentia.com\/fr\/wp-json\/wp\/v2\/product\/229924","targetHints":{"allow":["GET"]}}],"collection":[{"href":"https:\/\/aromasentia.com\/fr\/wp-json\/wp\/v2\/product"}],"about":[{"href":"https:\/\/aromasentia.com\/fr\/wp-json\/wp\/v2\/types\/product"}],"replies":[{"embeddable":true,"href":"https:\/\/aromasentia.com\/fr\/wp-json\/wp\/v2\/comments?post=229924"}],"version-history":[{"count":0,"href":"https:\/\/aromasentia.com\/fr\/wp-json\/wp\/v2\/product\/229924\/revisions"}],"wp:featuredmedia":[{"embeddable":true,"href":"https:\/\/aromasentia.com\/fr\/wp-json\/wp\/v2\/media\/361188"}],"wp:attachment":[{"href":"https:\/\/aromasentia.com\/fr\/wp-json\/wp\/v2\/media?parent=229924"}],"wp:term":[{"taxonomy":"product_brand","embeddable":true,"href":"https:\/\/aromasentia.com\/fr\/wp-json\/wp\/v2\/product_brand?post=229924"},{"taxonomy":"product_cat","embeddable":true,"href":"https:\/\/aromasentia.com\/fr\/wp-json\/wp\/v2\/product_cat?post=229924"},{"taxonomy":"product_tag","embeddable":true,"href":"https:\/\/aromasentia.com\/fr\/wp-json\/wp\/v2\/product_tag?post=229924"}],"curies":[{"name":"wp","href":"https:\/\/api.w.org\/{rel}","templated":true}]}}