{"id":229888,"date":"2025-03-22T16:04:50","date_gmt":"2025-03-22T16:04:50","guid":{"rendered":"https:\/\/aromasentia.com\/product\/balance-wine-holders-dolphin\/"},"modified":"2025-06-23T18:46:58","modified_gmt":"2025-06-23T18:46:58","slug":"porte-bouteilles-en-bois-de-suar-dauphin","status":"publish","type":"product","link":"https:\/\/aromasentia.com\/fr\/porte-bouteilles-en-bois-de-suar-dauphin\/","title":{"rendered":"Porte bouteilles en bois de Suar Dauphin"},"content":{"rendered":"<p>Porte-bouteille en bois de Suar avec dauphin. Il se balance sur toute surface plate et peut porter une bouteille de vin._x000D_<br \/>\n<br \/>_x000D_<br \/>\nAvec une finition en bois naturel, ils sont parfaits pour toutes boutiques de souvenirs ou toute personne amoureuse des animaux.<br \/>_x000D_<br \/>\nCes beaux porte-bouteilles originaux et uniques en provenance d&rsquo;Indon\u00e9sie confondent lignes contemporaines et grand art. <br \/>_x000D_<br \/>\nId\u00e9aux pour y d\u00e9poser une bouteille de vin ou une bouteille d&rsquo;huile d&rsquo;olive._x000D_<br \/>\n<br \/>_x000D_<br \/>\nCes produits feront parler vos invit\u00e9s \u00e0 la table de d\u00eener ou dans tout endroit o\u00f9 ils sont pr\u00e9sent\u00e9s. <br \/>_x000D_<br \/>\nFabriqu\u00e9s \u00e0 la main avec du bois de Suar naturel de haute qualit\u00e9. Cela accentue les motifs du bois et rend chaque mod\u00e8le unique._x000D_<br \/>\n<br \/>_x000D_<br \/>\nN.B: Ils sont tous sculpt\u00e9s minutieusement \u00e0 partir d&rsquo;un morceau de bois (\u00e0 part les yeux des escargots) ce qui en font des supports pour bouteille de vin de grande classe._x000D_<br \/>\n<br \/>_x000D_<br \/>\nPour prendre soin de cet article: assurez-vous de l&rsquo;essuyer avec un chiffon humide de temps en temps et parfois le polir avec quelques gouttes d&rsquo;huile d&rsquo;olive pour conserver sa souplesse et \u00e9viter que le bois s\u00e8che.<br \/>_x000D_<br \/>\nAssurez-vous que la bouteille de vin soit bien rang\u00e9e dans le porte-bouteille (ajuster le goulot de la bouteille dans le trou). <br \/>_x000D_<br \/>\nCes produit sont vendus sans bouteille de vin.<\/p>\n","protected":false},"excerpt":{"rendered":"<p>Porte-bouteille en bois de Suar avec dauphin. Il se balance sur toute surface plate et peut porter une bouteille de vin._x000D_ _x000D_ Avec une finition en bois naturel, ils sont parfaits pour toutes boutiques de souvenirs ou toute personne amoureuse des animaux._x000D_ Ces beaux porte-bouteilles originaux et uniques en provenance d&rsquo;Indon\u00e9sie confondent lignes contemporaines et [&hellip;]<\/p>\n","protected":false},"featured_media":361011,"comment_status":"closed","ping_status":"open","template":"","meta":{"_angie_page":false},"product_brand":[],"product_cat":[16988,14446],"product_tag":[],"class_list":{"0":"post-229888","1":"product","2":"type-product","3":"status-publish","4":"has-post-thumbnail","6":"product_cat-cuisine-et-accessoires","7":"product_cat-maison-et-jardin","8":"pa_collection-suar-wood-balance-wine-holders-fr","9":"pa_made-in-indonesie","11":"first","12":"instock","13":"purchasable","14":"product-type-simple"},"supplier_id":null,"supplier_sku":"BWH-03","barcode":null,"atum_controlled":true,"out_stock_date":null,"out_stock_threshold":null,"inheritable":false,"inbound_stock":null,"stock_on_hold":0,"sold_today":0,"sales_last_days":0,"reserved_stock":null,"customer_returns":null,"warehouse_damage":null,"lost_in_post":null,"other_logs":null,"out_stock_days":0,"lost_sales":0,"has_location":null,"update_date":"2026-05-08T05:06:07","atum_locations":[],"atum_stock_status":"instock","restock_status":false,"low_stock_amount":"","sales_update_date":"2026-01-30T01:24:58","calc_backorders":null,"_links":{"self":[{"href":"https:\/\/aromasentia.com\/fr\/wp-json\/wp\/v2\/product\/229888","targetHints":{"allow":["GET"]}}],"collection":[{"href":"https:\/\/aromasentia.com\/fr\/wp-json\/wp\/v2\/product"}],"about":[{"href":"https:\/\/aromasentia.com\/fr\/wp-json\/wp\/v2\/types\/product"}],"replies":[{"embeddable":true,"href":"https:\/\/aromasentia.com\/fr\/wp-json\/wp\/v2\/comments?post=229888"}],"version-history":[{"count":0,"href":"https:\/\/aromasentia.com\/fr\/wp-json\/wp\/v2\/product\/229888\/revisions"}],"wp:featuredmedia":[{"embeddable":true,"href":"https:\/\/aromasentia.com\/fr\/wp-json\/wp\/v2\/media\/361011"}],"wp:attachment":[{"href":"https:\/\/aromasentia.com\/fr\/wp-json\/wp\/v2\/media?parent=229888"}],"wp:term":[{"taxonomy":"product_brand","embeddable":true,"href":"https:\/\/aromasentia.com\/fr\/wp-json\/wp\/v2\/product_brand?post=229888"},{"taxonomy":"product_cat","embeddable":true,"href":"https:\/\/aromasentia.com\/fr\/wp-json\/wp\/v2\/product_cat?post=229888"},{"taxonomy":"product_tag","embeddable":true,"href":"https:\/\/aromasentia.com\/fr\/wp-json\/wp\/v2\/product_tag?post=229888"}],"curies":[{"name":"wp","href":"https:\/\/api.w.org\/{rel}","templated":true}]}}