{"id":229860,"date":"2025-03-22T16:04:50","date_gmt":"2025-03-22T16:04:50","guid":{"rendered":"https:\/\/aromasentia.com\/product\/bw-double-cotton-bedspread-wall-hanging-hamsa\/"},"modified":"2025-06-23T18:46:55","modified_gmt":"2025-06-23T18:46:55","slug":"dessus-de-lit-double-tenture-nb-main-de-fatma","status":"publish","type":"product","link":"https:\/\/aromasentia.com\/fr\/dessus-de-lit-double-tenture-nb-main-de-fatma\/","title":{"rendered":"Dessus de Lit Double\/ Tenture N&#038;B &#8211; Main de Fatma"},"content":{"rendered":"<p>Ces couvre-lits en coton double noir et blanc sont de v\u00e9ritables \u0153uvres d&rsquo;art. Plein de significations symboliques tir\u00e9es des anciennes traditions indiennes, les caract\u00e9ristiques de 7 motifs diff\u00e9rents imprim\u00e9s \u00e0 la main entra\u00eeneront des imperfections mineures.&nbsp;<\/p>\n<p>Ne pas confondre avec des articles imprim\u00e9s \u00e0 la machine bon march\u00e9 produits en s\u00e9rie. Ces designs sont en noir et blanc, de grande qualit\u00e9, magnifiquement con&ccedil;us et d&rsquo;un excellent rapport qualit\u00e9-prix, comment vos clients pourront-ils r\u00e9sister ?&nbsp;<\/p>\n<p>Les tentures murales sont emball\u00e9es avec une petite carte avec une photo du produit, un code-barres et une description. En raison de sa nature unique et faite \u00e0 la main, les mesures peuvent varier un peu.&nbsp;<\/p>\n<p><strong><span style=\"color: rgb(75, 80, 88);\">Mati\u00e8re :<\/span><\/strong> 100% Coton &#8211; Fabriqu\u00e9 en Inde&nbsp;<\/p>\n<p><strong><span style=\"color: rgb(75, 80, 88);\">Taille :<\/span><\/strong> Largeur : 200cm<\/p>\n<p><strong><span style=\"color: rgb(75, 80, 88);\">Hauteur :<\/span><\/strong> 230cm&nbsp;<\/p>\n<p><strong><span style=\"color: rgb(141, 186, 216);\">Commandez-en aujourd&rsquo;hui et regardez-les s&rsquo;envoler des \u00e9tag\u00e8res.<\/span><\/strong><\/p>\n","protected":false},"excerpt":{"rendered":"<p>Ces couvre-lits en coton double noir et blanc sont de v\u00e9ritables \u0153uvres d&rsquo;art. Plein de significations symboliques tir\u00e9es des anciennes traditions indiennes, les caract\u00e9ristiques de 7 motifs diff\u00e9rents imprim\u00e9s \u00e0 la main entra\u00eeneront des imperfections mineures.&nbsp; Ne pas confondre avec des articles imprim\u00e9s \u00e0 la machine bon march\u00e9 produits en s\u00e9rie. Ces designs sont en [&hellip;]<\/p>\n","protected":false},"featured_media":360838,"comment_status":"closed","ping_status":"open","template":"","meta":[],"product_brand":[],"product_cat":[18109,16869],"product_tag":[],"class_list":{"0":"post-229860","1":"product","2":"type-product","3":"status-publish","4":"has-post-thumbnail","6":"product_cat-tentures-murales","7":"product_cat-textiles","8":"pa_collection-black-and-white-double-cotton-bedspread-fr","9":"pa_made-in-inde","11":"first","12":"instock","13":"purchasable","14":"product-type-simple"},"supplier_id":null,"supplier_sku":"BWCB-04","barcode":null,"atum_controlled":true,"out_stock_date":null,"out_stock_threshold":null,"inheritable":false,"inbound_stock":null,"stock_on_hold":0,"sold_today":0,"sales_last_days":0,"reserved_stock":null,"customer_returns":null,"warehouse_damage":null,"lost_in_post":null,"other_logs":null,"out_stock_days":0,"lost_sales":0,"has_location":null,"update_date":"2026-01-30T01:26:11","atum_locations":[],"atum_stock_status":"instock","restock_status":false,"low_stock_amount":"","sales_update_date":"2026-01-30T01:26:11","calc_backorders":null,"_links":{"self":[{"href":"https:\/\/aromasentia.com\/fr\/wp-json\/wp\/v2\/product\/229860","targetHints":{"allow":["GET"]}}],"collection":[{"href":"https:\/\/aromasentia.com\/fr\/wp-json\/wp\/v2\/product"}],"about":[{"href":"https:\/\/aromasentia.com\/fr\/wp-json\/wp\/v2\/types\/product"}],"replies":[{"embeddable":true,"href":"https:\/\/aromasentia.com\/fr\/wp-json\/wp\/v2\/comments?post=229860"}],"version-history":[{"count":0,"href":"https:\/\/aromasentia.com\/fr\/wp-json\/wp\/v2\/product\/229860\/revisions"}],"wp:featuredmedia":[{"embeddable":true,"href":"https:\/\/aromasentia.com\/fr\/wp-json\/wp\/v2\/media\/360838"}],"wp:attachment":[{"href":"https:\/\/aromasentia.com\/fr\/wp-json\/wp\/v2\/media?parent=229860"}],"wp:term":[{"taxonomy":"product_brand","embeddable":true,"href":"https:\/\/aromasentia.com\/fr\/wp-json\/wp\/v2\/product_brand?post=229860"},{"taxonomy":"product_cat","embeddable":true,"href":"https:\/\/aromasentia.com\/fr\/wp-json\/wp\/v2\/product_cat?post=229860"},{"taxonomy":"product_tag","embeddable":true,"href":"https:\/\/aromasentia.com\/fr\/wp-json\/wp\/v2\/product_tag?post=229860"}],"curies":[{"name":"wp","href":"https:\/\/api.w.org\/{rel}","templated":true}]}}