{"id":229836,"date":"2025-03-22T16:04:50","date_gmt":"2025-03-22T16:04:50","guid":{"rendered":"https:\/\/aromasentia.com\/product\/five-flags-butterfly-and-angel\/"},"modified":"2025-06-23T18:46:51","modified_gmt":"2025-06-23T18:46:51","slug":"mandala-nuages","status":"publish","type":"product","link":"https:\/\/aromasentia.com\/fr\/mandala-nuages\/","title":{"rendered":"Mandala nuages"},"content":{"rendered":"<p>Pour fabriquer ces magnifiques tentures , il faut d&apos;abord &nbsp;dessiner le design \u00e0 la cire chaude directement sur le tissu, puis en utilisant des teintures naturelles l&apos;\u0153uvre d&apos;art prend forme. Plus tard, le tissu est \u00e9tir\u00e9 et s\u00e9ch\u00e9 au soleil. La touche finale est l\u2019application des couleurs vives \u00e9clatantes.<\/p>\n<p>Fabriqu\u00e9es sur l&apos;\u00eele de Bali dans l&apos;enclave artistique d&apos;Ubud, ces tentures vont apporter de la couleur \u00e0 votre bourique. La collection comprend des banni\u00e8res inspir\u00e9es par des tableaux, mais aussi des dessins de Charka , de yoga et de fresques de Bouddhas.<\/p>\n","protected":false},"excerpt":{"rendered":"<p>Pour fabriquer ces magnifiques tentures , il faut d&apos;abord &nbsp;dessiner le design \u00e0 la cire chaude directement sur le tissu, puis en utilisant des teintures naturelles l&apos;\u0153uvre d&apos;art prend forme. Plus tard, le tissu est \u00e9tir\u00e9 et s\u00e9ch\u00e9 au soleil. La touche finale est l\u2019application des couleurs vives \u00e9clatantes. Fabriqu\u00e9es sur l&apos;\u00eele de Bali dans [&hellip;]<\/p>\n","protected":false},"featured_media":360590,"comment_status":"closed","ping_status":"open","template":"","meta":{"_angie_page":false},"product_brand":[],"product_cat":[16892,14446],"product_tag":[],"class_list":{"0":"post-229836","1":"product","2":"type-product","3":"status-publish","4":"has-post-thumbnail","6":"product_cat-decoration","7":"product_cat-maison-et-jardin","8":"pa_collection-black-and-white-double-cotton-bedspread-fr","9":"pa_made-in-indonesie","11":"first","12":"instock","13":"purchasable","14":"product-type-simple"},"supplier_id":null,"supplier_sku":"Bwax-20","barcode":null,"atum_controlled":true,"out_stock_date":null,"out_stock_threshold":null,"inheritable":false,"inbound_stock":null,"stock_on_hold":0,"sold_today":0,"sales_last_days":0,"reserved_stock":null,"customer_returns":null,"warehouse_damage":null,"lost_in_post":null,"other_logs":null,"out_stock_days":0,"lost_sales":0,"has_location":null,"update_date":"2026-05-04T00:02:51","atum_locations":[],"atum_stock_status":"instock","restock_status":false,"low_stock_amount":"","sales_update_date":"2026-01-30T01:25:24","calc_backorders":null,"_links":{"self":[{"href":"https:\/\/aromasentia.com\/fr\/wp-json\/wp\/v2\/product\/229836","targetHints":{"allow":["GET"]}}],"collection":[{"href":"https:\/\/aromasentia.com\/fr\/wp-json\/wp\/v2\/product"}],"about":[{"href":"https:\/\/aromasentia.com\/fr\/wp-json\/wp\/v2\/types\/product"}],"replies":[{"embeddable":true,"href":"https:\/\/aromasentia.com\/fr\/wp-json\/wp\/v2\/comments?post=229836"}],"version-history":[{"count":0,"href":"https:\/\/aromasentia.com\/fr\/wp-json\/wp\/v2\/product\/229836\/revisions"}],"wp:featuredmedia":[{"embeddable":true,"href":"https:\/\/aromasentia.com\/fr\/wp-json\/wp\/v2\/media\/360590"}],"wp:attachment":[{"href":"https:\/\/aromasentia.com\/fr\/wp-json\/wp\/v2\/media?parent=229836"}],"wp:term":[{"taxonomy":"product_brand","embeddable":true,"href":"https:\/\/aromasentia.com\/fr\/wp-json\/wp\/v2\/product_brand?post=229836"},{"taxonomy":"product_cat","embeddable":true,"href":"https:\/\/aromasentia.com\/fr\/wp-json\/wp\/v2\/product_cat?post=229836"},{"taxonomy":"product_tag","embeddable":true,"href":"https:\/\/aromasentia.com\/fr\/wp-json\/wp\/v2\/product_tag?post=229836"}],"curies":[{"name":"wp","href":"https:\/\/api.w.org\/{rel}","templated":true}]}}