{"id":229824,"date":"2025-03-22T16:04:50","date_gmt":"2025-03-22T16:04:50","guid":{"rendered":"https:\/\/aromasentia.com\/product\/seven-flags-chakra-7x32x23cm\/"},"modified":"2025-06-23T18:46:49","modified_gmt":"2025-06-23T18:46:49","slug":"tentures-murales-cirees-batik-de-bali-7-drapeaux-chakra-7x32x23cm","status":"publish","type":"product","link":"https:\/\/aromasentia.com\/fr\/tentures-murales-cirees-batik-de-bali-7-drapeaux-chakra-7x32x23cm\/","title":{"rendered":"Tentures murales cir\u00e9es Batik de Bali 7 drapeaux &#8211; Chakra 7x(32x23cm)"},"content":{"rendered":"<p>Jetez un \u0153il \u00e0 notre <strong><span style=\"color: rgb(75, 80, 88);\">Tenture Murale incroyable Chakra 7 Drapeaux<\/span><\/strong> fera un ajout incroyable \u00e0 votre magasin.&nbsp;<\/p>\n<p>Cet art magnifique et magnifiquement r\u00e9alis\u00e9 est cr\u00e9\u00e9 en dessinant d&rsquo;abord le motif \u00e0 la cire chaude directement sur le tissu, puis en utilisant des colorants naturels, l&rsquo;\u0153uvre d&rsquo;art est soigneusement cr\u00e9\u00e9e.&nbsp;<\/p>\n<p>Plus tard, le tissu est \u00e9tir\u00e9 et s\u00e9ch\u00e9 au soleil, apr\u00e8s le lavage de la cire, le design final prend vie avec des couleurs vives et vibrantes.&nbsp;<\/p>\n<p>Cr\u00e9\u00e9 sur l&rsquo;\u00eele de Bali dans l&rsquo;enclave artistique d&rsquo;Ubud, cet art mural en gros est parfait pour apporter une \u00e9nergie positive \u00e0 n&rsquo;importe quel espace. Il fera un joli centre de table sur un mur de salon, vos clients ne pourront r\u00e9sister \u00e0 son charme unique.&nbsp;<\/p>\n<p><strong><span style=\"color: rgb(141, 186, 216);\">Commandez d\u00e8s aujourd&rsquo;hui pour ajouter de l&rsquo;art unique \u00e0 votre magasin.<\/span><\/strong><\/p>\n","protected":false},"excerpt":{"rendered":"<p>Jetez un \u0153il \u00e0 notre Tenture Murale incroyable Chakra 7 Drapeaux fera un ajout incroyable \u00e0 votre magasin.&nbsp; Cet art magnifique et magnifiquement r\u00e9alis\u00e9 est cr\u00e9\u00e9 en dessinant d&rsquo;abord le motif \u00e0 la cire chaude directement sur le tissu, puis en utilisant des colorants naturels, l&rsquo;\u0153uvre d&rsquo;art est soigneusement cr\u00e9\u00e9e.&nbsp; Plus tard, le tissu est [&hellip;]<\/p>\n","protected":false},"featured_media":360750,"comment_status":"closed","ping_status":"open","template":"","meta":{"_angie_page":false},"product_brand":[],"product_cat":[14446,18109,16869],"product_tag":[],"class_list":{"0":"post-229824","1":"product","2":"type-product","3":"status-publish","4":"has-post-thumbnail","6":"product_cat-maison-et-jardin","7":"product_cat-tentures-murales","8":"product_cat-textiles","9":"pa_collection-bali-wax-batik-wall-hangings-fr","10":"pa_made-in-indonesie","12":"first","13":"instock","14":"purchasable","15":"product-type-simple"},"supplier_id":null,"supplier_sku":"Bwax-16","barcode":null,"atum_controlled":true,"out_stock_date":null,"out_stock_threshold":null,"inheritable":false,"inbound_stock":null,"stock_on_hold":0,"sold_today":0,"sales_last_days":0,"reserved_stock":null,"customer_returns":null,"warehouse_damage":null,"lost_in_post":null,"other_logs":null,"out_stock_days":0,"lost_sales":0,"has_location":null,"update_date":"2026-04-27T06:55:48","atum_locations":[],"atum_stock_status":"instock","restock_status":false,"low_stock_amount":"","sales_update_date":"2026-01-30T01:24:57","calc_backorders":null,"_links":{"self":[{"href":"https:\/\/aromasentia.com\/fr\/wp-json\/wp\/v2\/product\/229824","targetHints":{"allow":["GET"]}}],"collection":[{"href":"https:\/\/aromasentia.com\/fr\/wp-json\/wp\/v2\/product"}],"about":[{"href":"https:\/\/aromasentia.com\/fr\/wp-json\/wp\/v2\/types\/product"}],"replies":[{"embeddable":true,"href":"https:\/\/aromasentia.com\/fr\/wp-json\/wp\/v2\/comments?post=229824"}],"version-history":[{"count":0,"href":"https:\/\/aromasentia.com\/fr\/wp-json\/wp\/v2\/product\/229824\/revisions"}],"wp:featuredmedia":[{"embeddable":true,"href":"https:\/\/aromasentia.com\/fr\/wp-json\/wp\/v2\/media\/360750"}],"wp:attachment":[{"href":"https:\/\/aromasentia.com\/fr\/wp-json\/wp\/v2\/media?parent=229824"}],"wp:term":[{"taxonomy":"product_brand","embeddable":true,"href":"https:\/\/aromasentia.com\/fr\/wp-json\/wp\/v2\/product_brand?post=229824"},{"taxonomy":"product_cat","embeddable":true,"href":"https:\/\/aromasentia.com\/fr\/wp-json\/wp\/v2\/product_cat?post=229824"},{"taxonomy":"product_tag","embeddable":true,"href":"https:\/\/aromasentia.com\/fr\/wp-json\/wp\/v2\/product_tag?post=229824"}],"curies":[{"name":"wp","href":"https:\/\/api.w.org\/{rel}","templated":true}]}}