{"id":229776,"date":"2025-03-22T16:04:50","date_gmt":"2025-03-22T16:04:50","guid":{"rendered":"https:\/\/aromasentia.com\/product\/bali-patio-parasol-cotton-orange-decor-2m\/"},"modified":"2025-06-23T18:46:44","modified_gmt":"2025-06-23T18:46:44","slug":"parasol-bali-coton-decor-orange-2m","status":"publish","type":"product","link":"https:\/\/aromasentia.com\/fr\/parasol-bali-coton-decor-orange-2m\/","title":{"rendered":"Parasol Bali &#8211; Coton &#8211; D\u00e9cor Orange &#8211; 2m"},"content":{"rendered":"<p><strong>Notre Parasol Bali &#8211; Coton &#8211; D\u00e9cor Orange &#8211; 2m&nbsp;<\/strong>est un ajout vibrant et \u00e9l\u00e9gant \u00e0 l&rsquo;espace de vie de vos clients.&nbsp;<\/p>\n<p>Laissez-les s&rsquo;immerger dans la chaleur des teintes tropicales et faites l&rsquo;exp\u00e9rience d&rsquo;un m\u00e9lange parfait de confort et de design avec ce chef-d&rsquo;\u0153uvre artisanal d&rsquo;Indon\u00e9sie.&nbsp;<\/p>\n<p>Chaque parasol Bali est m\u00e9ticuleusement fabriqu\u00e9 par des artisans qualifi\u00e9s en Indon\u00e9sie, ce qui garantit un produit d&rsquo;une qualit\u00e9 et d&rsquo;une authenticit\u00e9 in\u00e9gal\u00e9es.&nbsp;<\/p>\n<p>Les d\u00e9tails complexes et le d\u00e9vouement \u00e0 l&rsquo;artisanat transparaissent, faisant de ce parasol une v\u00e9ritable \u0153uvre d&rsquo;art. Infusez votre espace avec l&rsquo;\u00e9nergie vivante de la couleur orange.&nbsp;<\/p>\n<p>Les tons vibrants et les motifs dor\u00e9s captivants de la toile ajoutent une touche d&rsquo;exotisme, transformant votre patio en une oasis vibrante rappelant les paysages chauds de Bali. &nbsp;&nbsp;<\/p>\n<p>Impr\u00e9gnez votre environnement de l&rsquo;esprit de Bali, en cr\u00e9ant une atmosph\u00e8re vibrante et accueillante qui refl\u00e8te votre sens unique du style.&nbsp;<\/p>\n<p><strong>L&rsquo;ombrelle de patio Bali &#8211; coton &#8211; d\u00e9cor orange &#8211; 2m est parfaite pour les d\u00e9taillants qui cherchent \u00e0 offrir \u00e0 leurs clients un produit original et d&rsquo;inspiration culturelle.&nbsp;<\/strong><\/p>\n<p><span class=\"fr-video fr-deletable fr-fvc fr-dvb fr-draggable\" contenteditable=\"false\" draggable=\"true\"><iframe loading=\"lazy\" width=\"640\" height=\"360\" src=\"https:\/\/www.youtube.com\/embed\/yvvC5cSHYf4?&#038;wmode=opaque&#038;rel=0\" frameborder=\"0\" allowfullscreen=\"\" class=\"fr-draggable\"><\/iframe><\/span><\/p>\n","protected":false},"excerpt":{"rendered":"<p>Notre Parasol Bali &#8211; Coton &#8211; D\u00e9cor Orange &#8211; 2m&nbsp;est un ajout vibrant et \u00e9l\u00e9gant \u00e0 l&rsquo;espace de vie de vos clients.&nbsp; Laissez-les s&rsquo;immerger dans la chaleur des teintes tropicales et faites l&rsquo;exp\u00e9rience d&rsquo;un m\u00e9lange parfait de confort et de design avec ce chef-d&rsquo;\u0153uvre artisanal d&rsquo;Indon\u00e9sie.&nbsp; Chaque parasol Bali est m\u00e9ticuleusement fabriqu\u00e9 par des artisans [&hellip;]<\/p>\n","protected":false},"featured_media":360415,"comment_status":"closed","ping_status":"open","template":"","meta":{"_angie_page":false},"product_brand":[],"product_cat":[14446,16880],"product_tag":[],"class_list":{"0":"post-229776","1":"product","2":"type-product","3":"status-publish","4":"has-post-thumbnail","6":"product_cat-maison-et-jardin","7":"product_cat-meubles","8":"pa_collection-barrel-tables-stools-fr","9":"pa_made-in-indonesie","11":"first","12":"instock","13":"purchasable","14":"product-type-simple"},"supplier_id":null,"supplier_sku":"BPAR-06","barcode":null,"atum_controlled":true,"out_stock_date":null,"out_stock_threshold":null,"inheritable":false,"inbound_stock":null,"stock_on_hold":0,"sold_today":0,"sales_last_days":0,"reserved_stock":null,"customer_returns":null,"warehouse_damage":null,"lost_in_post":null,"other_logs":null,"out_stock_days":0,"lost_sales":0,"has_location":null,"update_date":"2026-04-27T06:55:40","atum_locations":[],"atum_stock_status":"instock","restock_status":false,"low_stock_amount":"","sales_update_date":"2025-10-09T03:26:58","calc_backorders":null,"_links":{"self":[{"href":"https:\/\/aromasentia.com\/fr\/wp-json\/wp\/v2\/product\/229776","targetHints":{"allow":["GET"]}}],"collection":[{"href":"https:\/\/aromasentia.com\/fr\/wp-json\/wp\/v2\/product"}],"about":[{"href":"https:\/\/aromasentia.com\/fr\/wp-json\/wp\/v2\/types\/product"}],"replies":[{"embeddable":true,"href":"https:\/\/aromasentia.com\/fr\/wp-json\/wp\/v2\/comments?post=229776"}],"version-history":[{"count":0,"href":"https:\/\/aromasentia.com\/fr\/wp-json\/wp\/v2\/product\/229776\/revisions"}],"wp:featuredmedia":[{"embeddable":true,"href":"https:\/\/aromasentia.com\/fr\/wp-json\/wp\/v2\/media\/360415"}],"wp:attachment":[{"href":"https:\/\/aromasentia.com\/fr\/wp-json\/wp\/v2\/media?parent=229776"}],"wp:term":[{"taxonomy":"product_brand","embeddable":true,"href":"https:\/\/aromasentia.com\/fr\/wp-json\/wp\/v2\/product_brand?post=229776"},{"taxonomy":"product_cat","embeddable":true,"href":"https:\/\/aromasentia.com\/fr\/wp-json\/wp\/v2\/product_cat?post=229776"},{"taxonomy":"product_tag","embeddable":true,"href":"https:\/\/aromasentia.com\/fr\/wp-json\/wp\/v2\/product_tag?post=229776"}],"curies":[{"name":"wp","href":"https:\/\/api.w.org\/{rel}","templated":true}]}}