{"id":229760,"date":"2025-03-22T16:04:50","date_gmt":"2025-03-22T16:04:50","guid":{"rendered":"https:\/\/aromasentia.com\/product\/bali-home-decor-parasol-canvas-natural-40cm\/"},"modified":"2025-06-23T18:46:40","modified_gmt":"2025-06-23T18:46:40","slug":"decoration-maison-parasol-bali-toile-naturel-40cm","status":"publish","type":"product","link":"https:\/\/aromasentia.com\/fr\/decoration-maison-parasol-bali-toile-naturel-40cm\/","title":{"rendered":"D\u00e9coration Maison &#8211; Parasol Bali &#8211; Toile &#8211; Naturel &#8211; 40cm"},"content":{"rendered":"<p>Nos <strong><span style=\"color: rgb(75, 80, 88);\">Parasols Bali<\/span><\/strong> sont de superbes pi\u00e8ces d\u00e9coratives originaires de Bali, en Indon\u00e9sie.&nbsp;<\/p>\n<p>Malgr\u00e9 leur petite hauteur de 40 cm, ils d\u00e9gagent un charme captivant et ajoutent une touche d&rsquo;esth\u00e9tique balinaise \u00e0 n&rsquo;importe quel espace.&nbsp;<\/p>\n<p>Le parasol de couleur naturelle d\u00e9gage une tonalit\u00e9 terreuse et neutre, se fondant parfaitement dans diff\u00e9rents styles d&rsquo;int\u00e9rieur. Cette teinte polyvalente apporte un sentiment de calme, de tranquillit\u00e9 et une touche de beaut\u00e9 naturelle \u00e0 votre maison.<\/p>\n<p>Il compl\u00e8te une large gamme de palettes de couleurs et cr\u00e9e une ambiance harmonieuse et \u00e9quilibr\u00e9e.&nbsp;<\/p>\n<p><strong><span style=\"color: rgb(75, 80, 88);\">Dimensions&nbsp;<\/span><\/strong><\/p>\n<p><strong><span style=\"color: rgb(75, 80, 88);\">Hauteur :&nbsp;<\/span><\/strong>68cm&nbsp;<\/p>\n<p><strong><span style=\"color: rgb(75, 80, 88);\">Largeur :&nbsp;<\/span><\/strong>40cm&nbsp;<\/p>\n<p><strong><span style=\"color: rgb(141, 186, 216);\">Ajoutez une touche de charme balinais \u00e0 n&rsquo;importe quel espace.<\/span><\/strong><\/p>\n<p><strong><span style=\"color: rgb(141, 186, 216);\"><span class=\"fr-video fr-deletable fr-fvc fr-dvb fr-draggable\" contenteditable=\"false\" draggable=\"true\"><iframe loading=\"lazy\" width=\"640\" height=\"360\" src=\"https:\/\/www.youtube.com\/embed\/yvvC5cSHYf4?&#038;wmode=opaque&#038;rel=0\" frameborder=\"0\" allowfullscreen=\"\" class=\"fr-draggable\"><\/iframe><\/span><\/span><\/strong><\/p>\n","protected":false},"excerpt":{"rendered":"<p>Nos Parasols Bali sont de superbes pi\u00e8ces d\u00e9coratives originaires de Bali, en Indon\u00e9sie.&nbsp; Malgr\u00e9 leur petite hauteur de 40 cm, ils d\u00e9gagent un charme captivant et ajoutent une touche d&rsquo;esth\u00e9tique balinaise \u00e0 n&rsquo;importe quel espace.&nbsp; Le parasol de couleur naturelle d\u00e9gage une tonalit\u00e9 terreuse et neutre, se fondant parfaitement dans diff\u00e9rents styles d&rsquo;int\u00e9rieur. Cette teinte [&hellip;]<\/p>\n","protected":false},"featured_media":360323,"comment_status":"closed","ping_status":"open","template":"","meta":{"_angie_page":false},"product_brand":[],"product_cat":[16892,14446],"product_tag":[],"class_list":{"0":"post-229760","1":"product","2":"type-product","3":"status-publish","4":"has-post-thumbnail","6":"product_cat-decoration","7":"product_cat-maison-et-jardin","8":"pa_collection-bali-decor-parasols-fr","9":"pa_made-in-indonesie","11":"first","12":"instock","13":"purchasable","14":"product-type-simple"},"supplier_id":null,"supplier_sku":"BPAR-08","barcode":null,"atum_controlled":true,"out_stock_date":null,"out_stock_threshold":null,"inheritable":false,"inbound_stock":null,"stock_on_hold":0,"sold_today":0,"sales_last_days":0,"reserved_stock":null,"customer_returns":null,"warehouse_damage":null,"lost_in_post":null,"other_logs":null,"out_stock_days":0,"lost_sales":0,"has_location":null,"update_date":"2026-05-04T00:02:51","atum_locations":[],"atum_stock_status":"instock","restock_status":false,"low_stock_amount":"","sales_update_date":"2026-01-30T01:25:24","calc_backorders":null,"_links":{"self":[{"href":"https:\/\/aromasentia.com\/fr\/wp-json\/wp\/v2\/product\/229760","targetHints":{"allow":["GET"]}}],"collection":[{"href":"https:\/\/aromasentia.com\/fr\/wp-json\/wp\/v2\/product"}],"about":[{"href":"https:\/\/aromasentia.com\/fr\/wp-json\/wp\/v2\/types\/product"}],"replies":[{"embeddable":true,"href":"https:\/\/aromasentia.com\/fr\/wp-json\/wp\/v2\/comments?post=229760"}],"version-history":[{"count":0,"href":"https:\/\/aromasentia.com\/fr\/wp-json\/wp\/v2\/product\/229760\/revisions"}],"wp:featuredmedia":[{"embeddable":true,"href":"https:\/\/aromasentia.com\/fr\/wp-json\/wp\/v2\/media\/360323"}],"wp:attachment":[{"href":"https:\/\/aromasentia.com\/fr\/wp-json\/wp\/v2\/media?parent=229760"}],"wp:term":[{"taxonomy":"product_brand","embeddable":true,"href":"https:\/\/aromasentia.com\/fr\/wp-json\/wp\/v2\/product_brand?post=229760"},{"taxonomy":"product_cat","embeddable":true,"href":"https:\/\/aromasentia.com\/fr\/wp-json\/wp\/v2\/product_cat?post=229760"},{"taxonomy":"product_tag","embeddable":true,"href":"https:\/\/aromasentia.com\/fr\/wp-json\/wp\/v2\/product_tag?post=229760"}],"curies":[{"name":"wp","href":"https:\/\/api.w.org\/{rel}","templated":true}]}}