{"id":229740,"date":"2025-03-22T16:04:50","date_gmt":"2025-03-22T16:04:50","guid":{"rendered":"https:\/\/aromasentia.com\/product\/boho-comfort-throws-125x150cm-black-beige-regency\/"},"modified":"2025-06-23T18:46:38","modified_gmt":"2025-06-23T18:46:38","slug":"couverture-confort-boho-125x150cm-noir-beige-regency","status":"publish","type":"product","link":"https:\/\/aromasentia.com\/fr\/couverture-confort-boho-125x150cm-noir-beige-regency\/","title":{"rendered":"Couverture Confort Boho &#8211; 125x150cm &#8211; Noir &#038; Beige Regency"},"content":{"rendered":"<p>Pr\u00e9sentation de nos<strong><span style=\"color: rgb(75, 80, 88);\">&nbsp;Couvertures Boho Confort<\/span><\/strong> &ndash; le moyen ultime d&rsquo;insuffler une touche de charme boh\u00e8me \u00e0 votre inventaire et de r\u00e9pondre aux clients qui recherchent \u00e0 la fois style et confort.&nbsp;<\/p>\n<p>Ces Couvertures visent \u00e0 allier confort et esth\u00e9tique de mani\u00e8re transparente.&nbsp;<\/p>\n<p>Fabriqu\u00e9s avec amour, nos jet\u00e9s Boho Confort sont fabriqu\u00e9s \u00e0 100 % en coton.&nbsp;<\/p>\n<p>\u00e9levez votre espace avec la beaut\u00e9 intemporelle du jet\u00e9 confort Boho Regency noir et beige.&nbsp;<\/p>\n<p>Sa combinaison classique de noir et de beige respire la sophistication, ce qui en fait un compl\u00e9ment id\u00e9al \u00e0 tout int\u00e9rieur.&nbsp;<\/p>\n<p>Mesurant 140&#215;200 cm, il est aussi luxueux que el\u00e9gant.<\/p>\n<p><strong><span style=\"color: rgb(141, 186, 216);\">Apportez l&rsquo;ambiance boh\u00e8me et am\u00e9liorez l&rsquo;inventaire de votre magasin avec ces plaids irr\u00e9sistibles d\u00e8s aujourd&rsquo;hui !<\/span><\/strong><\/p>\n","protected":false},"excerpt":{"rendered":"<p>Pr\u00e9sentation de nos&nbsp;Couvertures Boho Confort &ndash; le moyen ultime d&rsquo;insuffler une touche de charme boh\u00e8me \u00e0 votre inventaire et de r\u00e9pondre aux clients qui recherchent \u00e0 la fois style et confort.&nbsp; Ces Couvertures visent \u00e0 allier confort et esth\u00e9tique de mani\u00e8re transparente.&nbsp; Fabriqu\u00e9s avec amour, nos jet\u00e9s Boho Confort sont fabriqu\u00e9s \u00e0 100 % en [&hellip;]<\/p>\n","protected":false},"featured_media":360126,"comment_status":"closed","ping_status":"open","template":"","meta":{"_angie_page":false},"product_brand":[],"product_cat":[14446,17946,16869],"product_tag":[],"class_list":{"0":"post-229740","1":"product","2":"type-product","3":"status-publish","4":"has-post-thumbnail","6":"product_cat-maison-et-jardin","7":"product_cat-plaids","8":"product_cat-textiles","9":"pa_collection-bali-decor-parasols-fr","10":"pa_made-in-inde","12":"first","13":"instock","14":"purchasable","15":"product-type-simple"},"supplier_id":null,"supplier_sku":"BOHOT-03","barcode":null,"atum_controlled":true,"out_stock_date":null,"out_stock_threshold":null,"inheritable":false,"inbound_stock":null,"stock_on_hold":0,"sold_today":0,"sales_last_days":0,"reserved_stock":null,"customer_returns":null,"warehouse_damage":null,"lost_in_post":null,"other_logs":null,"out_stock_days":0,"lost_sales":0,"has_location":null,"update_date":"2026-04-27T06:55:25","atum_locations":[],"atum_stock_status":"instock","restock_status":false,"low_stock_amount":"","sales_update_date":"2026-01-30T01:24:49","calc_backorders":null,"_links":{"self":[{"href":"https:\/\/aromasentia.com\/fr\/wp-json\/wp\/v2\/product\/229740","targetHints":{"allow":["GET"]}}],"collection":[{"href":"https:\/\/aromasentia.com\/fr\/wp-json\/wp\/v2\/product"}],"about":[{"href":"https:\/\/aromasentia.com\/fr\/wp-json\/wp\/v2\/types\/product"}],"replies":[{"embeddable":true,"href":"https:\/\/aromasentia.com\/fr\/wp-json\/wp\/v2\/comments?post=229740"}],"version-history":[{"count":0,"href":"https:\/\/aromasentia.com\/fr\/wp-json\/wp\/v2\/product\/229740\/revisions"}],"wp:featuredmedia":[{"embeddable":true,"href":"https:\/\/aromasentia.com\/fr\/wp-json\/wp\/v2\/media\/360126"}],"wp:attachment":[{"href":"https:\/\/aromasentia.com\/fr\/wp-json\/wp\/v2\/media?parent=229740"}],"wp:term":[{"taxonomy":"product_brand","embeddable":true,"href":"https:\/\/aromasentia.com\/fr\/wp-json\/wp\/v2\/product_brand?post=229740"},{"taxonomy":"product_cat","embeddable":true,"href":"https:\/\/aromasentia.com\/fr\/wp-json\/wp\/v2\/product_cat?post=229740"},{"taxonomy":"product_tag","embeddable":true,"href":"https:\/\/aromasentia.com\/fr\/wp-json\/wp\/v2\/product_tag?post=229740"}],"curies":[{"name":"wp","href":"https:\/\/api.w.org\/{rel}","templated":true}]}}