{"id":229728,"date":"2025-03-22T16:04:50","date_gmt":"2025-03-22T16:04:50","guid":{"rendered":"https:\/\/aromasentia.com\/product\/lrg-round-seagrass-bird-box-with-chimes-56x20cm\/"},"modified":"2025-06-23T18:46:36","modified_gmt":"2025-06-23T18:46:36","slug":"mangeoire-pour-oiseaux-large-rond-avec-carillons-56x20cm","status":"publish","type":"product","link":"https:\/\/aromasentia.com\/fr\/mangeoire-pour-oiseaux-large-rond-avec-carillons-56x20cm\/","title":{"rendered":"Mangeoire pour oiseaux &#8211; Large &#038; Rond avec carillons 56x20cm"},"content":{"rendered":"<p>Con&ccedil;ue \u00e0 Bali, cette gamme de<strong><span style=\"color: rgb(75, 80, 88);\">&nbsp;Nichoirs en gros est fabriqu\u00e9e \u00e0 partir d&rsquo;herbes marines<\/span><\/strong>, ce qui en fait un cadeau fantastique pour un jardinier passionn\u00e9 ou tout simplement pour divertir la famille tout en cr\u00e9ant une maison pour les oiseaux du quartier.&nbsp;<\/p>\n<p>Certains d\u00e9cor\u00e9s de carillons \u00e9oliens en bambou, cr\u00e9ant une d\u00e9coration de jardin rustique, apporteront \u00e0 coup s\u00fbr un look inspir\u00e9 d&rsquo;un chalet de conte de f\u00e9es \u00e0 n&rsquo;importe quel espace ext\u00e9rieur.&nbsp;<\/p>\n<p>Un bel accessoire de jardin pour attirer de nombreux amis \u00e0 plumes, l&rsquo;avant comporte un trou d&rsquo;entr\u00e9e extra large &#8211; parfait pour accueillir une vari\u00e9t\u00e9 d&rsquo;oiseaux. Dot\u00e9 d&rsquo;une corde de suspension pour pouvoir l&rsquo;accrocher facilement \u00e0 une branche d&rsquo;arbre ou \u00e0 un support.&nbsp;<\/p>\n<p><strong><span style=\"color: rgb(141, 186, 216);\">Commandez d\u00e8s aujourd&rsquo;hui ces bo\u00eetes \u00e0 oiseaux naturelles &laquo; gentilles avec la Terre &raquo; !<\/span><\/strong><\/p>\n","protected":false},"excerpt":{"rendered":"<p>Con&ccedil;ue \u00e0 Bali, cette gamme de&nbsp;Nichoirs en gros est fabriqu\u00e9e \u00e0 partir d&rsquo;herbes marines, ce qui en fait un cadeau fantastique pour un jardinier passionn\u00e9 ou tout simplement pour divertir la famille tout en cr\u00e9ant une maison pour les oiseaux du quartier.&nbsp; Certains d\u00e9cor\u00e9s de carillons \u00e9oliens en bambou, cr\u00e9ant une d\u00e9coration de jardin rustique, [&hellip;]<\/p>\n","protected":false},"featured_media":359987,"comment_status":"closed","ping_status":"open","template":"","meta":[],"product_brand":[],"product_cat":[14446],"product_tag":[],"class_list":{"0":"post-229728","1":"product","2":"type-product","3":"status-publish","4":"has-post-thumbnail","6":"product_cat-maison-et-jardin","7":"pa_collection-boho-comfort-throws-fr","8":"pa_made-in-indonesie","10":"first","11":"instock","12":"purchasable","13":"product-type-simple"},"supplier_id":null,"supplier_sku":"BirdB-05","barcode":null,"atum_controlled":true,"out_stock_date":null,"out_stock_threshold":null,"inheritable":false,"inbound_stock":null,"stock_on_hold":0,"sold_today":0,"sales_last_days":0,"reserved_stock":null,"customer_returns":null,"warehouse_damage":null,"lost_in_post":null,"other_logs":null,"out_stock_days":0,"lost_sales":0,"has_location":null,"update_date":"2026-01-30T01:26:07","atum_locations":[],"atum_stock_status":"instock","restock_status":false,"low_stock_amount":"","sales_update_date":"2026-01-30T01:26:07","calc_backorders":null,"_links":{"self":[{"href":"https:\/\/aromasentia.com\/fr\/wp-json\/wp\/v2\/product\/229728","targetHints":{"allow":["GET"]}}],"collection":[{"href":"https:\/\/aromasentia.com\/fr\/wp-json\/wp\/v2\/product"}],"about":[{"href":"https:\/\/aromasentia.com\/fr\/wp-json\/wp\/v2\/types\/product"}],"replies":[{"embeddable":true,"href":"https:\/\/aromasentia.com\/fr\/wp-json\/wp\/v2\/comments?post=229728"}],"version-history":[{"count":0,"href":"https:\/\/aromasentia.com\/fr\/wp-json\/wp\/v2\/product\/229728\/revisions"}],"wp:featuredmedia":[{"embeddable":true,"href":"https:\/\/aromasentia.com\/fr\/wp-json\/wp\/v2\/media\/359987"}],"wp:attachment":[{"href":"https:\/\/aromasentia.com\/fr\/wp-json\/wp\/v2\/media?parent=229728"}],"wp:term":[{"taxonomy":"product_brand","embeddable":true,"href":"https:\/\/aromasentia.com\/fr\/wp-json\/wp\/v2\/product_brand?post=229728"},{"taxonomy":"product_cat","embeddable":true,"href":"https:\/\/aromasentia.com\/fr\/wp-json\/wp\/v2\/product_cat?post=229728"},{"taxonomy":"product_tag","embeddable":true,"href":"https:\/\/aromasentia.com\/fr\/wp-json\/wp\/v2\/product_tag?post=229728"}],"curies":[{"name":"wp","href":"https:\/\/api.w.org\/{rel}","templated":true}]}}