{"id":229692,"date":"2025-03-22T16:04:50","date_gmt":"2025-03-22T16:04:50","guid":{"rendered":"https:\/\/aromasentia.com\/product\/oval-donut-shaped-vase-chocolate-30cm\/"},"modified":"2025-06-23T18:46:32","modified_gmt":"2025-06-23T18:46:32","slug":"vase-ovale-en-forme-de-donut-chocolat-30cm","status":"publish","type":"product","link":"https:\/\/aromasentia.com\/fr\/vase-ovale-en-forme-de-donut-chocolat-30cm\/","title":{"rendered":"Vase Ovale en Forme de Donut &#8211; Chocolat 30cm"},"content":{"rendered":"<p><strong><span style=\"color: rgb(75, 80, 88);\">Ce vase ovale de 30 cm en chocolat est une pi\u00e8ce captivante qui ajoutera une touche d&rsquo;\u00e9l\u00e9gance moderne \u00e0 votre collection. <\/span><\/strong><\/p>\n<p>La finition riche aux tons chocolat se combine parfaitement avec sa forme ovale unique en forme de beignet, ce qui en fait un choix polyvalent pour am\u00e9liorer n&rsquo;importe quel espace de vie ou de travail.&nbsp;<\/p>\n<p>Son design sobre mais accrocheur garantit qu&rsquo;il sera appr\u00e9ci\u00e9 par les clients \u00e0 la recherche d&rsquo;un ajout \u00e9l\u00e9gant \u00e0 leur d\u00e9coration int\u00e9rieure. Les vases sont en terre cuite, un type d&rsquo;argile, fa&ccedil;onn\u00e9s en diff\u00e9rentes formes et tailles. Les vases sont d\u00e9cor\u00e9s de divers motifs inspir\u00e9s du riche patrimoine culturel de l&rsquo;Indon\u00e9sie.&nbsp;<\/p>\n<p>Les designs vont des simples motifs g\u00e9om\u00e9triques aux motifs naturels. Peint dans des couleurs neutres &ndash; blanc, cr\u00e8me et noir. Les vases en c\u00e9ramique Lombok sont un t\u00e9moignage de la poterie indon\u00e9sienne, appr\u00e9ci\u00e9e des collectionneurs et des passionn\u00e9s.&nbsp;<\/p>\n<p><strong><span style=\"color: rgb(75, 80, 88);\">VEUILLEZ NOTER : Ces vases sont uniquement destin\u00e9s \u00e0 des fins d\u00e9coratives, car ils ne sont pas \u00e9tanches et sont destin\u00e9s \u00e0 \u00eatre utilis\u00e9s uniquement avec des fleurs s\u00e9ch\u00e9es.<\/span><\/strong><\/p>\n","protected":false},"excerpt":{"rendered":"<p>Ce vase ovale de 30 cm en chocolat est une pi\u00e8ce captivante qui ajoutera une touche d&rsquo;\u00e9l\u00e9gance moderne \u00e0 votre collection. La finition riche aux tons chocolat se combine parfaitement avec sa forme ovale unique en forme de beignet, ce qui en fait un choix polyvalent pour am\u00e9liorer n&rsquo;importe quel espace de vie ou de [&hellip;]<\/p>\n","protected":false},"featured_media":359674,"comment_status":"closed","ping_status":"open","template":"","meta":{"_angie_page":false},"product_brand":[],"product_cat":[14446,16976],"product_tag":[],"class_list":{"0":"post-229692","1":"product","2":"type-product","3":"status-publish","4":"has-post-thumbnail","6":"product_cat-maison-et-jardin","7":"product_cat-statues-et-figurines","8":"pa_collection-feng-shui-buddha-set-fr","9":"pa_made-in-indonesie","11":"first","12":"instock","13":"purchasable","14":"product-type-simple"},"supplier_id":null,"supplier_sku":"BCV-13","barcode":null,"atum_controlled":true,"out_stock_date":null,"out_stock_threshold":null,"inheritable":false,"inbound_stock":null,"stock_on_hold":0,"sold_today":0,"sales_last_days":0,"reserved_stock":null,"customer_returns":null,"warehouse_damage":null,"lost_in_post":null,"other_logs":null,"out_stock_days":0,"lost_sales":0,"has_location":null,"update_date":"2026-04-27T06:54:41","atum_locations":[],"atum_stock_status":"instock","restock_status":false,"low_stock_amount":"","sales_update_date":"2026-01-30T01:24:37","calc_backorders":null,"_links":{"self":[{"href":"https:\/\/aromasentia.com\/fr\/wp-json\/wp\/v2\/product\/229692","targetHints":{"allow":["GET"]}}],"collection":[{"href":"https:\/\/aromasentia.com\/fr\/wp-json\/wp\/v2\/product"}],"about":[{"href":"https:\/\/aromasentia.com\/fr\/wp-json\/wp\/v2\/types\/product"}],"replies":[{"embeddable":true,"href":"https:\/\/aromasentia.com\/fr\/wp-json\/wp\/v2\/comments?post=229692"}],"version-history":[{"count":0,"href":"https:\/\/aromasentia.com\/fr\/wp-json\/wp\/v2\/product\/229692\/revisions"}],"wp:featuredmedia":[{"embeddable":true,"href":"https:\/\/aromasentia.com\/fr\/wp-json\/wp\/v2\/media\/359674"}],"wp:attachment":[{"href":"https:\/\/aromasentia.com\/fr\/wp-json\/wp\/v2\/media?parent=229692"}],"wp:term":[{"taxonomy":"product_brand","embeddable":true,"href":"https:\/\/aromasentia.com\/fr\/wp-json\/wp\/v2\/product_brand?post=229692"},{"taxonomy":"product_cat","embeddable":true,"href":"https:\/\/aromasentia.com\/fr\/wp-json\/wp\/v2\/product_cat?post=229692"},{"taxonomy":"product_tag","embeddable":true,"href":"https:\/\/aromasentia.com\/fr\/wp-json\/wp\/v2\/product_tag?post=229692"}],"curies":[{"name":"wp","href":"https:\/\/api.w.org\/{rel}","templated":true}]}}