{"id":229676,"date":"2025-03-22T16:04:50","date_gmt":"2025-03-22T16:04:50","guid":{"rendered":"https:\/\/aromasentia.com\/product\/round-donut-shaped-vase-cream-23cm\/"},"modified":"2025-06-23T18:46:28","modified_gmt":"2025-06-23T18:46:28","slug":"vase-rond-en-forme-de-donut-creme-23cm","status":"publish","type":"product","link":"https:\/\/aromasentia.com\/fr\/vase-rond-en-forme-de-donut-creme-23cm\/","title":{"rendered":"Vase Rond en Forme de Donut  &#8211; Cr\u00e8me 23cm"},"content":{"rendered":"<p><strong><span style=\"color: rgb(75, 80, 88);\">Le vase rond en forme de donut de 23 cm en cr\u00e8me est une version plus compacte du design classique, offrant un choix pratique mais \u00e9l\u00e9gant.<\/span><\/strong> La finition cr\u00e8me apaisante rehausse son attrait intemporel, ce qui en fait un ajout polyvalent et charmant \u00e0 toute collection.&nbsp;<\/p>\n<p>Les vases sont en terre cuite, un type d&rsquo;argile, fa&ccedil;onn\u00e9s en diff\u00e9rentes formes et tailles. Les vases sont d\u00e9cor\u00e9s de divers motifs inspir\u00e9s du riche patrimoine culturel de l&rsquo;Indon\u00e9sie.&nbsp;<\/p>\n<p>Les designs vont des simples motifs g\u00e9om\u00e9triques aux motifs naturels. Peint dans des couleurs neutres &ndash; blanc, cr\u00e8me et noir. Les vases en c\u00e9ramique Lombok sont un t\u00e9moignage de la poterie indon\u00e9sienne, appr\u00e9ci\u00e9e des collectionneurs et des passionn\u00e9s.&nbsp;<\/p>\n<p><strong><span style=\"color: rgb(75, 80, 88);\">VEUILLEZ NOTER : Ces vases sont uniquement destin\u00e9s \u00e0 des fins d\u00e9coratives, car ils ne sont pas \u00e9tanches et sont destin\u00e9s \u00e0 \u00eatre utilis\u00e9s uniquement avec des fleurs s\u00e9ch\u00e9es.<\/span><\/strong><\/p>\n","protected":false},"excerpt":{"rendered":"<p>Le vase rond en forme de donut de 23 cm en cr\u00e8me est une version plus compacte du design classique, offrant un choix pratique mais \u00e9l\u00e9gant. La finition cr\u00e8me apaisante rehausse son attrait intemporel, ce qui en fait un ajout polyvalent et charmant \u00e0 toute collection.&nbsp; Les vases sont en terre cuite, un type d&rsquo;argile, [&hellip;]<\/p>\n","protected":false},"featured_media":359558,"comment_status":"closed","ping_status":"open","template":"","meta":{"_angie_page":false},"product_brand":[],"product_cat":[16892,14446,17382],"product_tag":[],"class_list":{"0":"post-229676","1":"product","2":"type-product","3":"status-publish","4":"has-post-thumbnail","6":"product_cat-decoration","7":"product_cat-maison-et-jardin","8":"product_cat-vases","9":"pa_collection-ceramic-vases-from-lombok-fr","10":"pa_made-in-indonesie","12":"first","13":"instock","14":"purchasable","15":"product-type-simple"},"supplier_id":null,"supplier_sku":"BCV-09","barcode":null,"atum_controlled":true,"out_stock_date":null,"out_stock_threshold":null,"inheritable":false,"inbound_stock":null,"stock_on_hold":0,"sold_today":0,"sales_last_days":0,"reserved_stock":null,"customer_returns":null,"warehouse_damage":null,"lost_in_post":null,"other_logs":null,"out_stock_days":0,"lost_sales":0,"has_location":null,"update_date":"2026-04-27T06:54:41","atum_locations":[],"atum_stock_status":"instock","restock_status":false,"low_stock_amount":"","sales_update_date":"2025-10-09T03:26:11","calc_backorders":null,"_links":{"self":[{"href":"https:\/\/aromasentia.com\/fr\/wp-json\/wp\/v2\/product\/229676","targetHints":{"allow":["GET"]}}],"collection":[{"href":"https:\/\/aromasentia.com\/fr\/wp-json\/wp\/v2\/product"}],"about":[{"href":"https:\/\/aromasentia.com\/fr\/wp-json\/wp\/v2\/types\/product"}],"replies":[{"embeddable":true,"href":"https:\/\/aromasentia.com\/fr\/wp-json\/wp\/v2\/comments?post=229676"}],"version-history":[{"count":0,"href":"https:\/\/aromasentia.com\/fr\/wp-json\/wp\/v2\/product\/229676\/revisions"}],"wp:featuredmedia":[{"embeddable":true,"href":"https:\/\/aromasentia.com\/fr\/wp-json\/wp\/v2\/media\/359558"}],"wp:attachment":[{"href":"https:\/\/aromasentia.com\/fr\/wp-json\/wp\/v2\/media?parent=229676"}],"wp:term":[{"taxonomy":"product_brand","embeddable":true,"href":"https:\/\/aromasentia.com\/fr\/wp-json\/wp\/v2\/product_brand?post=229676"},{"taxonomy":"product_cat","embeddable":true,"href":"https:\/\/aromasentia.com\/fr\/wp-json\/wp\/v2\/product_cat?post=229676"},{"taxonomy":"product_tag","embeddable":true,"href":"https:\/\/aromasentia.com\/fr\/wp-json\/wp\/v2\/product_tag?post=229676"}],"curies":[{"name":"wp","href":"https:\/\/api.w.org\/{rel}","templated":true}]}}