{"id":229672,"date":"2025-03-22T16:04:50","date_gmt":"2025-03-22T16:04:50","guid":{"rendered":"https:\/\/aromasentia.com\/product\/round-donut-shaped-vase-cream-18cm\/"},"modified":"2025-06-23T18:46:27","modified_gmt":"2025-06-23T18:46:27","slug":"vase-rond-en-forme-de-donut-creme-18cm","status":"publish","type":"product","link":"https:\/\/aromasentia.com\/fr\/vase-rond-en-forme-de-donut-creme-18cm\/","title":{"rendered":"Vase Rond en Forme de Donut &#8211; Cr\u00e8me 18cm"},"content":{"rendered":"<p><strong><span style=\"color: rgb(75, 80, 88);\">Pour un choix plus compact et charmant, le vase rond en forme de donut de 18 cm en cr\u00e8me est parfait.<\/span><span style=\"color: rgb(141, 186, 216);\">&nbsp;<\/span><\/strong><\/p>\n<p>Sa taille modeste et sa couleur cr\u00e8me simple lui conf\u00e8rent une touche de charme discret.&nbsp;<\/p>\n<p>Ce vase est parfait si vous cherchez \u00e0 offrir une option plus petite mais tout aussi attrayante pour les clients qui appr\u00e9cient l&rsquo;\u00e9l\u00e9gance dans un emballage plus petit.&nbsp;<\/p>\n<p><strong><span style=\"color: rgb(75, 80, 88);\">Les vases sont fabriqu\u00e9s en terre cuite, un type d&rsquo;argile, et sont fa&ccedil;onn\u00e9s en diff\u00e9rentes formes et tailles.<\/span><\/strong> Ils sont d\u00e9cor\u00e9s de divers motifs inspir\u00e9s du riche patrimoine culturel de l&rsquo;Indon\u00e9sie. Les motifs vont de simples motifs g\u00e9om\u00e9triques \u00e0 des motifs naturels. Ils sont peints dans des couleurs neutres &#8211; blanc, cr\u00e8me et noir. Les vases en c\u00e9ramique de Lombok sont un t\u00e9moignage de la poterie indon\u00e9sienne et sont appr\u00e9ci\u00e9s des collectionneurs et des amateurs.&nbsp;<\/p>\n<p><span style=\"color: rgb(75, 80, 88);\"><strong>VEUILLEZ NOTER :<\/strong><\/span><span style=\"color: rgb(75, 80, 88);\"><strong>&nbsp;Ces vases sont uniquement destin\u00e9s \u00e0 des fins d\u00e9coratives, car ils ne sont pas imperm\u00e9ables et sont destin\u00e9s \u00e0 \u00eatre utilis\u00e9s uniquement avec des<\/strong><\/span><a href=\"https:\/\/aromasentia.com\/pamg\"><span style=\"color: rgb(75, 80, 88);\"><strong> fleurs s\u00e9ch\u00e9es.<\/strong><\/span><\/a><\/p>\n","protected":false},"excerpt":{"rendered":"<p>Pour un choix plus compact et charmant, le vase rond en forme de donut de 18 cm en cr\u00e8me est parfait.&nbsp; Sa taille modeste et sa couleur cr\u00e8me simple lui conf\u00e8rent une touche de charme discret.&nbsp; Ce vase est parfait si vous cherchez \u00e0 offrir une option plus petite mais tout aussi attrayante pour les [&hellip;]<\/p>\n","protected":false},"featured_media":359517,"comment_status":"closed","ping_status":"open","template":"","meta":{"_angie_page":false},"product_brand":[],"product_cat":[16892,14446,17382],"product_tag":[],"class_list":{"0":"post-229672","1":"product","2":"type-product","3":"status-publish","4":"has-post-thumbnail","6":"product_cat-decoration","7":"product_cat-maison-et-jardin","8":"product_cat-vases","9":"pa_collection-ceramic-vases-from-lombok-fr","10":"pa_made-in-indonesie","12":"first","13":"instock","14":"purchasable","15":"product-type-simple"},"supplier_id":null,"supplier_sku":"BCV-08","barcode":null,"atum_controlled":true,"out_stock_date":null,"out_stock_threshold":null,"inheritable":false,"inbound_stock":null,"stock_on_hold":0,"sold_today":0,"sales_last_days":0,"reserved_stock":null,"customer_returns":null,"warehouse_damage":null,"lost_in_post":null,"other_logs":null,"out_stock_days":0,"lost_sales":0,"has_location":null,"update_date":"2026-04-27T06:54:41","atum_locations":[],"atum_stock_status":"instock","restock_status":false,"low_stock_amount":"","sales_update_date":"2025-10-09T03:26:11","calc_backorders":null,"_links":{"self":[{"href":"https:\/\/aromasentia.com\/fr\/wp-json\/wp\/v2\/product\/229672","targetHints":{"allow":["GET"]}}],"collection":[{"href":"https:\/\/aromasentia.com\/fr\/wp-json\/wp\/v2\/product"}],"about":[{"href":"https:\/\/aromasentia.com\/fr\/wp-json\/wp\/v2\/types\/product"}],"replies":[{"embeddable":true,"href":"https:\/\/aromasentia.com\/fr\/wp-json\/wp\/v2\/comments?post=229672"}],"version-history":[{"count":0,"href":"https:\/\/aromasentia.com\/fr\/wp-json\/wp\/v2\/product\/229672\/revisions"}],"wp:featuredmedia":[{"embeddable":true,"href":"https:\/\/aromasentia.com\/fr\/wp-json\/wp\/v2\/media\/359517"}],"wp:attachment":[{"href":"https:\/\/aromasentia.com\/fr\/wp-json\/wp\/v2\/media?parent=229672"}],"wp:term":[{"taxonomy":"product_brand","embeddable":true,"href":"https:\/\/aromasentia.com\/fr\/wp-json\/wp\/v2\/product_brand?post=229672"},{"taxonomy":"product_cat","embeddable":true,"href":"https:\/\/aromasentia.com\/fr\/wp-json\/wp\/v2\/product_cat?post=229672"},{"taxonomy":"product_tag","embeddable":true,"href":"https:\/\/aromasentia.com\/fr\/wp-json\/wp\/v2\/product_tag?post=229672"}],"curies":[{"name":"wp","href":"https:\/\/api.w.org\/{rel}","templated":true}]}}