{"id":229652,"date":"2025-03-22T16:04:50","date_gmt":"2025-03-22T16:04:50","guid":{"rendered":"https:\/\/aromasentia.com\/product\/classic-shaped-vase-cream\/"},"modified":"2025-06-23T18:46:25","modified_gmt":"2025-06-23T18:46:25","slug":"vase-de-forme-classique-creme","status":"publish","type":"product","link":"https:\/\/aromasentia.com\/fr\/vase-de-forme-classique-creme\/","title":{"rendered":"Vase de Forme Classique &#8211; Cr\u00e8me"},"content":{"rendered":"<p><strong><span style=\"color: rgb(75, 80, 88);\">Les vases en c\u00e9ramique de Lombok<\/span><\/strong> sont de belles et uniques \u0153uvres d&rsquo;art faites \u00e0 la main sur l&rsquo;\u00eele de Lombok.&nbsp;<\/p>\n<p>Les vases sont en terre cuite, un type d&rsquo;argile, fa&ccedil;onn\u00e9 en diff\u00e9rentes formes et tailles. Les vases sont d\u00e9cor\u00e9s de divers motifs inspir\u00e9s du riche patrimoine culturel de l&rsquo;Indon\u00e9sie. Les motifs vont des motifs g\u00e9om\u00e9triques simples aux motifs naturels. Peint dans des couleurs neutres &#8211; blanc, cr\u00e8me et noir.<\/p>\n<p>Les produits finis sont des \u0153uvres d&rsquo;art fonctionnelles qui peuvent \u00eatre utilis\u00e9es pour contenir des fleurs, des plantes ou d&rsquo;autres objets d\u00e9coratifs. Non seulement ils sont esth\u00e9tiques, mais ils sont \u00e9galement durables, ce qui les rend id\u00e9aux pour une utilisation en int\u00e9rieur et en ext\u00e9rieur.&nbsp;<\/p>\n<p><strong><span style=\"color: rgb(75, 80, 88);\">VEUILLEZ NOTER :<\/span><\/strong> Ces vases sont uniquement \u00e0 des fins d\u00e9coratives, car ils ne sont pas \u00e9tanches et sont destin\u00e9s \u00e0 \u00eatre utilis\u00e9s uniquement avec des fleurs s\u00e9ch\u00e9es. <\/p>\n<p><strong><span style=\"color: rgb(141, 186, 216);\">Les vases en c\u00e9ramique de Lombok sont un bel exemple de l&rsquo;art traditionnel de la poterie indon\u00e9sienne et sont pris\u00e9s par les collectionneurs et les passionn\u00e9s.&nbsp;<\/span><\/strong><\/p>\n<p><em>Diam\u00e8tre int\u00e9rieur du col : env. 3,5 cm<\/em><\/p>\n","protected":false},"excerpt":{"rendered":"<p>Les vases en c\u00e9ramique de Lombok sont de belles et uniques \u0153uvres d&rsquo;art faites \u00e0 la main sur l&rsquo;\u00eele de Lombok.&nbsp; Les vases sont en terre cuite, un type d&rsquo;argile, fa&ccedil;onn\u00e9 en diff\u00e9rentes formes et tailles. Les vases sont d\u00e9cor\u00e9s de divers motifs inspir\u00e9s du riche patrimoine culturel de l&rsquo;Indon\u00e9sie. Les motifs vont des motifs [&hellip;]<\/p>\n","protected":false},"featured_media":359368,"comment_status":"closed","ping_status":"open","template":"","meta":{"_angie_page":false},"product_brand":[],"product_cat":[16892,14446,17382],"product_tag":[],"class_list":{"0":"post-229652","1":"product","2":"type-product","3":"status-publish","4":"has-post-thumbnail","6":"product_cat-decoration","7":"product_cat-maison-et-jardin","8":"product_cat-vases","9":"pa_collection-ceramic-vases-from-lombok-fr","10":"pa_made-in-indonesie","12":"first","13":"instock","14":"purchasable","15":"product-type-simple"},"supplier_id":null,"supplier_sku":"BCV-03","barcode":null,"atum_controlled":true,"out_stock_date":null,"out_stock_threshold":null,"inheritable":false,"inbound_stock":null,"stock_on_hold":0,"sold_today":0,"sales_last_days":0,"reserved_stock":null,"customer_returns":null,"warehouse_damage":null,"lost_in_post":null,"other_logs":null,"out_stock_days":0,"lost_sales":0,"has_location":null,"update_date":"2026-05-04T00:02:50","atum_locations":[],"atum_stock_status":"instock","restock_status":false,"low_stock_amount":"","sales_update_date":"2026-01-20T05:13:55","calc_backorders":null,"_links":{"self":[{"href":"https:\/\/aromasentia.com\/fr\/wp-json\/wp\/v2\/product\/229652","targetHints":{"allow":["GET"]}}],"collection":[{"href":"https:\/\/aromasentia.com\/fr\/wp-json\/wp\/v2\/product"}],"about":[{"href":"https:\/\/aromasentia.com\/fr\/wp-json\/wp\/v2\/types\/product"}],"replies":[{"embeddable":true,"href":"https:\/\/aromasentia.com\/fr\/wp-json\/wp\/v2\/comments?post=229652"}],"version-history":[{"count":0,"href":"https:\/\/aromasentia.com\/fr\/wp-json\/wp\/v2\/product\/229652\/revisions"}],"wp:featuredmedia":[{"embeddable":true,"href":"https:\/\/aromasentia.com\/fr\/wp-json\/wp\/v2\/media\/359368"}],"wp:attachment":[{"href":"https:\/\/aromasentia.com\/fr\/wp-json\/wp\/v2\/media?parent=229652"}],"wp:term":[{"taxonomy":"product_brand","embeddable":true,"href":"https:\/\/aromasentia.com\/fr\/wp-json\/wp\/v2\/product_brand?post=229652"},{"taxonomy":"product_cat","embeddable":true,"href":"https:\/\/aromasentia.com\/fr\/wp-json\/wp\/v2\/product_cat?post=229652"},{"taxonomy":"product_tag","embeddable":true,"href":"https:\/\/aromasentia.com\/fr\/wp-json\/wp\/v2\/product_tag?post=229652"}],"curies":[{"name":"wp","href":"https:\/\/api.w.org\/{rel}","templated":true}]}}