{"id":229624,"date":"2025-03-22T16:05:00","date_gmt":"2025-03-22T16:05:00","guid":{"rendered":"https:\/\/aromasentia.com\/product\/cotton-wall-art-sacred-om\/"},"modified":"2025-06-23T18:46:22","modified_gmt":"2025-06-23T18:46:22","slug":"tenture-coton-om-sacre","status":"publish","type":"product","link":"https:\/\/aromasentia.com\/fr\/tenture-coton-om-sacre\/","title":{"rendered":"Tenture coton &#8211; OM Sacr\u00e9"},"content":{"rendered":"<p>&nbsp;<strong><span style=\"color: rgb(75, 80, 88);\">Ces tentures murales OM Sacr\u00e9<\/span><\/strong> en gros de coton sont de v\u00e9ritables \u0153uvres d&rsquo;art. Plein de significations symboliques tir\u00e9es des anciennes traditions indiennes.&nbsp;<\/p>\n<p>Ne pas confondre avec des articles imprim\u00e9s \u00e0 la machine bon march\u00e9 produits en s\u00e9rie. Ceux-ci ont des couleurs vives fortes (le noir est tr\u00e8s noir) et des motifs exotiques vifs.&nbsp;<\/p>\n<p>Grande qualit\u00e9, magnifiquement con&ccedil;u et excellent rapport qualit\u00e9-prix, comment vos clients pourront-ils r\u00e9sister. Les tentures murales sont emball\u00e9es avec une petite carte avec une photo du produit, un code-barres et une description. &nbsp;<\/p>\n<p><strong><span style=\"color: rgb(75, 80, 88);\">Taille : Largeur 78cm, Hauteur 112cm<\/span><\/strong>&nbsp;<\/p>\n<p><strong><span style=\"color: rgb(141, 186, 216);\">Commandez-en aujourd&rsquo;hui et regardez-les s&rsquo;envoler des \u00e9tag\u00e8res.<\/span><\/strong><\/p>\n","protected":false},"excerpt":{"rendered":"<p>&nbsp;Ces tentures murales OM Sacr\u00e9 en gros de coton sont de v\u00e9ritables \u0153uvres d&rsquo;art. Plein de significations symboliques tir\u00e9es des anciennes traditions indiennes.&nbsp; Ne pas confondre avec des articles imprim\u00e9s \u00e0 la machine bon march\u00e9 produits en s\u00e9rie. Ceux-ci ont des couleurs vives fortes (le noir est tr\u00e8s noir) et des motifs exotiques vifs.&nbsp; Grande [&hellip;]<\/p>\n","protected":false},"featured_media":365578,"comment_status":"closed","ping_status":"open","template":"","meta":{"_angie_page":false},"product_brand":[],"product_cat":[14446,18109,16869],"product_tag":[],"class_list":{"0":"post-229624","1":"product","2":"type-product","3":"status-publish","4":"has-post-thumbnail","6":"product_cat-maison-et-jardin","7":"product_cat-tentures-murales","8":"product_cat-textiles","9":"pa_collection-indian-cotton-wall-art-fr","10":"pa_made-in-inde","12":"first","13":"instock","14":"purchasable","15":"product-type-simple"},"supplier_id":null,"supplier_sku":"CWA-07","barcode":null,"atum_controlled":true,"out_stock_date":null,"out_stock_threshold":null,"inheritable":false,"inbound_stock":null,"stock_on_hold":0,"sold_today":0,"sales_last_days":0,"reserved_stock":null,"customer_returns":null,"warehouse_damage":null,"lost_in_post":null,"other_logs":null,"out_stock_days":0,"lost_sales":0,"has_location":null,"update_date":"2026-04-27T06:58:43","atum_locations":[],"atum_stock_status":"instock","restock_status":false,"low_stock_amount":"","sales_update_date":"2026-02-06T00:01:28","calc_backorders":null,"_links":{"self":[{"href":"https:\/\/aromasentia.com\/fr\/wp-json\/wp\/v2\/product\/229624","targetHints":{"allow":["GET"]}}],"collection":[{"href":"https:\/\/aromasentia.com\/fr\/wp-json\/wp\/v2\/product"}],"about":[{"href":"https:\/\/aromasentia.com\/fr\/wp-json\/wp\/v2\/types\/product"}],"replies":[{"embeddable":true,"href":"https:\/\/aromasentia.com\/fr\/wp-json\/wp\/v2\/comments?post=229624"}],"version-history":[{"count":0,"href":"https:\/\/aromasentia.com\/fr\/wp-json\/wp\/v2\/product\/229624\/revisions"}],"wp:featuredmedia":[{"embeddable":true,"href":"https:\/\/aromasentia.com\/fr\/wp-json\/wp\/v2\/media\/365578"}],"wp:attachment":[{"href":"https:\/\/aromasentia.com\/fr\/wp-json\/wp\/v2\/media?parent=229624"}],"wp:term":[{"taxonomy":"product_brand","embeddable":true,"href":"https:\/\/aromasentia.com\/fr\/wp-json\/wp\/v2\/product_brand?post=229624"},{"taxonomy":"product_cat","embeddable":true,"href":"https:\/\/aromasentia.com\/fr\/wp-json\/wp\/v2\/product_cat?post=229624"},{"taxonomy":"product_tag","embeddable":true,"href":"https:\/\/aromasentia.com\/fr\/wp-json\/wp\/v2\/product_tag?post=229624"}],"curies":[{"name":"wp","href":"https:\/\/api.w.org\/{rel}","templated":true}]}}