{"id":229520,"date":"2025-03-22T16:05:00","date_gmt":"2025-03-22T16:05:00","guid":{"rendered":"https:\/\/aromasentia.com\/product\/cotton-pario-towel-100x180-cm-sunny-yellow\/"},"modified":"2025-06-23T18:46:06","modified_gmt":"2025-06-23T18:46:06","slug":"serviette-pareo-coton-100x180-cm-jaune-soleil","status":"publish","type":"product","link":"https:\/\/aromasentia.com\/fr\/serviette-pareo-coton-100x180-cm-jaune-soleil\/","title":{"rendered":"Serviette Par\u00e9o Coton &#8211; 100&#215;180 cm &#8211; Jaune Soleil"},"content":{"rendered":"<p>Les fibres de coton naturelles peuvent absorber l&apos;eau plus efficacement et sont douces pour la peau. \u00e0 l&apos;approche de l&apos;\u00e9t\u00e9 et des soir\u00e9es fra\u00eeches, ces Par\u00e9os se vendront certainement.<\/p>\n<p>Nos Par\u00e9os sont fait dans une dimension parfaite pour s&apos;enrouler autour de la taille. Chaque mod\u00e8le est compos\u00e9 de ficelle de jute et \u00e9tiquet\u00e9. Ils sont l\u00e9gers, \u00e0 s\u00e9chage rapide, portables et \u00e0 la mode. Vos clients vont l&apos;adorer.<\/p>\n<p>Ils sont \u00e0 la fois sportifs et \u00e9l\u00e9gants, parfaits pour \u00eatre port\u00e9s en toute occasion, notamment comme accessoire de plage.<\/p>\n<p>Ils sont pr\u00e9sent\u00e9s dans cinq mod\u00e8les &nbsp;diff\u00e9rents, avec les serviettes qui ont une petite poche \u00e0 l&apos;arri\u00e8re avec du velcro.<\/p>\n<p>Commandez d\u00e8s aujourd&apos;hui ces Par\u00e9o uniques!<\/p>\n<p>Taille: Longueur 100 cm, Largeur 180 cm Mat\u00e9riel: Coton, Polyester<\/p>\n<p>Fabriqu\u00e9 en Inde<\/p>\n","protected":false},"excerpt":{"rendered":"<p>Les fibres de coton naturelles peuvent absorber l&apos;eau plus efficacement et sont douces pour la peau. \u00e0 l&apos;approche de l&apos;\u00e9t\u00e9 et des soir\u00e9es fra\u00eeches, ces Par\u00e9os se vendront certainement. Nos Par\u00e9os sont fait dans une dimension parfaite pour s&apos;enrouler autour de la taille. Chaque mod\u00e8le est compos\u00e9 de ficelle de jute et \u00e9tiquet\u00e9. Ils sont [&hellip;]<\/p>\n","protected":false},"featured_media":363864,"comment_status":"closed","ping_status":"open","template":"","meta":{"_angie_page":false},"product_brand":[],"product_cat":[14446,17946,16869],"product_tag":[],"class_list":{"0":"post-229520","1":"product","2":"type-product","3":"status-publish","4":"has-post-thumbnail","6":"product_cat-maison-et-jardin","7":"product_cat-plaids","8":"product_cat-textiles","9":"pa_collection-cotton-pareo-throws-and-towels-fr","10":"pa_made-in-inde","12":"first","13":"instock","14":"purchasable","15":"product-type-simple"},"supplier_id":null,"supplier_sku":"CPT-04","barcode":null,"atum_controlled":true,"out_stock_date":null,"out_stock_threshold":null,"inheritable":false,"inbound_stock":null,"stock_on_hold":0,"sold_today":0,"sales_last_days":0,"reserved_stock":null,"customer_returns":null,"warehouse_damage":null,"lost_in_post":null,"other_logs":null,"out_stock_days":0,"lost_sales":0,"has_location":null,"update_date":"2026-04-27T06:58:25","atum_locations":[],"atum_stock_status":"instock","restock_status":false,"low_stock_amount":"","sales_update_date":"2026-02-06T00:00:46","calc_backorders":null,"_links":{"self":[{"href":"https:\/\/aromasentia.com\/fr\/wp-json\/wp\/v2\/product\/229520","targetHints":{"allow":["GET"]}}],"collection":[{"href":"https:\/\/aromasentia.com\/fr\/wp-json\/wp\/v2\/product"}],"about":[{"href":"https:\/\/aromasentia.com\/fr\/wp-json\/wp\/v2\/types\/product"}],"replies":[{"embeddable":true,"href":"https:\/\/aromasentia.com\/fr\/wp-json\/wp\/v2\/comments?post=229520"}],"version-history":[{"count":0,"href":"https:\/\/aromasentia.com\/fr\/wp-json\/wp\/v2\/product\/229520\/revisions"}],"wp:featuredmedia":[{"embeddable":true,"href":"https:\/\/aromasentia.com\/fr\/wp-json\/wp\/v2\/media\/363864"}],"wp:attachment":[{"href":"https:\/\/aromasentia.com\/fr\/wp-json\/wp\/v2\/media?parent=229520"}],"wp:term":[{"taxonomy":"product_brand","embeddable":true,"href":"https:\/\/aromasentia.com\/fr\/wp-json\/wp\/v2\/product_brand?post=229520"},{"taxonomy":"product_cat","embeddable":true,"href":"https:\/\/aromasentia.com\/fr\/wp-json\/wp\/v2\/product_cat?post=229520"},{"taxonomy":"product_tag","embeddable":true,"href":"https:\/\/aromasentia.com\/fr\/wp-json\/wp\/v2\/product_tag?post=229520"}],"curies":[{"name":"wp","href":"https:\/\/api.w.org\/{rel}","templated":true}]}}