{"id":229488,"date":"2025-03-22T16:05:00","date_gmt":"2025-03-22T16:05:00","guid":{"rendered":"https:\/\/aromasentia.com\/product\/rainbow-leaf-bamboo-drop\/"},"modified":"2025-06-23T18:46:02","modified_gmt":"2025-06-23T18:46:02","slug":"carillon-arc-en-ciel-gouttes","status":"publish","type":"product","link":"https:\/\/aromasentia.com\/fr\/carillon-arc-en-ciel-gouttes\/","title":{"rendered":"Carillon Arc-en-ciel &#8211; Gouttes"},"content":{"rendered":"<\/p>\n<p>Introduisez la nature \u00e0 l&rsquo;int\u00e9rieur avec ces magnifiques <strong>carillons en bois flott\u00e9<\/strong>. Fabriqu\u00e9s \u00e0 la main par de petites entreprises familiales \u00e0 Bali, \u00e0 partir de mat\u00e9riaux provenant de la plage tels que le bois flott\u00e9 et le verre de Capiz. Le Capiz est un coquillage bien connu qui cr\u00e9e un son agr\u00e9able lorsqu&rsquo;il souffle dans le vent et s&rsquo;entrechoque avec un autre. Ces carillons en bois flott\u00e9 sont pr\u00eats \u00e0 \u00eatre accroch\u00e9s dans n&rsquo;importe quelle pi\u00e8ce, cr\u00e9ant une ambiance douce et r\u00e9confortante. Vos clients peuvent les utiliser \u00e0 l&rsquo;int\u00e9rieur ou \u00e0 l&rsquo;ext\u00e9rieur ; ils s&rsquo;entrechoquent joliment sous l&rsquo;effet de la brise et leur son apporte la tranquillit\u00e9 dans n&rsquo;importe quel espace. Vous pourriez aussi aimer <a href=\"https:\/\/aromasentia.com\/birdb\"><strong>Maisons d&rsquo;oiseaux en herbe.<\/strong><\/a><\/p>\n<p>Aujourd&rsquo;hui, vous pouvez cr\u00e9er une pr\u00e9sentation accrocheuse dans votre magasin avec <strong>Un carillon en bois flott\u00e9 de Sagesse Ancienne en gros.Ils vous aideront \u00e0 attirer les clients dans votre magasin.&nbsp;<\/p>\n<ul style=\"padding : 0px ; color : rgb(114, 114, 114) ; font-family : Raleway, sans-serif ; font-size : 15px ; font-style : normal ; font-variant-ligatures : normal ; font-variant-caps : normal ; font-weight : 400 ; letter-spacing : normal ; orphans : 2 ; text-align : start ; text-indent : 0px ; text-transform : none ; white-space : normal ; widows : 2 ; word-spacing : 0px ; -webkit-text-stroke-width : 0px ; background-color : rgb(255, 255, 255) ; text-decoration-thickness : initial ; text-decoration-style : initial ; text-decoration-color : initial ;\">\n<li>Fait \u00e0 partir de Capiz et de bois flott\u00e9<\/li>\n<li>Fait \u00e0 la main<\/li>\n<li>Pr\u00eat \u00e0 \u00eatre expos\u00e9<\/li>\n<\/ul>\n<p>Longueur (\u00e0 partir du cercle) : 26cm, diam\u00e8tre : 12cm, longueur de la poign\u00e9e : 9 cm<\/p>\n<p><em>Veuillez noter que la taille du produit peut varier l\u00e9g\u00e8rement en raison de sa nature artisanale.<\/em><\/p>\n<p><strong>Commandez d\u00e8s aujourd&rsquo;hui.<\/strong><\/p>\n<p><strong>.<\/p>\n","protected":false},"excerpt":{"rendered":"<p>Introduisez la nature \u00e0 l&rsquo;int\u00e9rieur avec ces magnifiques carillons en bois flott\u00e9. Fabriqu\u00e9s \u00e0 la main par de petites entreprises familiales \u00e0 Bali, \u00e0 partir de mat\u00e9riaux provenant de la plage tels que le bois flott\u00e9 et le verre de Capiz. Le Capiz est un coquillage bien connu qui cr\u00e9e un son agr\u00e9able lorsqu&rsquo;il souffle [&hellip;]<\/p>\n","protected":false},"featured_media":363472,"comment_status":"closed","ping_status":"open","template":"","meta":[],"product_brand":[],"product_cat":[17978,14446],"product_tag":[],"class_list":{"0":"post-229488","1":"product","2":"type-product","3":"status-publish","4":"has-post-thumbnail","6":"product_cat-carillons-eoliens-carillon-a-vent","7":"product_cat-maison-et-jardin","8":"pa_collection-driftwood-chime-fr","9":"pa_made-in-indonesie","11":"first","12":"instock","13":"purchasable","14":"product-type-simple"},"supplier_id":null,"supplier_sku":"Copi-09","barcode":null,"atum_controlled":true,"out_stock_date":null,"out_stock_threshold":null,"inheritable":false,"inbound_stock":null,"stock_on_hold":0,"sold_today":0,"sales_last_days":0,"reserved_stock":null,"customer_returns":null,"warehouse_damage":null,"lost_in_post":null,"other_logs":null,"out_stock_days":0,"lost_sales":0,"has_location":null,"update_date":"2026-01-30T01:24:30","atum_locations":[],"atum_stock_status":"instock","restock_status":false,"low_stock_amount":"","sales_update_date":"2026-01-30T01:24:30","calc_backorders":null,"_links":{"self":[{"href":"https:\/\/aromasentia.com\/fr\/wp-json\/wp\/v2\/product\/229488","targetHints":{"allow":["GET"]}}],"collection":[{"href":"https:\/\/aromasentia.com\/fr\/wp-json\/wp\/v2\/product"}],"about":[{"href":"https:\/\/aromasentia.com\/fr\/wp-json\/wp\/v2\/types\/product"}],"replies":[{"embeddable":true,"href":"https:\/\/aromasentia.com\/fr\/wp-json\/wp\/v2\/comments?post=229488"}],"version-history":[{"count":0,"href":"https:\/\/aromasentia.com\/fr\/wp-json\/wp\/v2\/product\/229488\/revisions"}],"wp:featuredmedia":[{"embeddable":true,"href":"https:\/\/aromasentia.com\/fr\/wp-json\/wp\/v2\/media\/363472"}],"wp:attachment":[{"href":"https:\/\/aromasentia.com\/fr\/wp-json\/wp\/v2\/media?parent=229488"}],"wp:term":[{"taxonomy":"product_brand","embeddable":true,"href":"https:\/\/aromasentia.com\/fr\/wp-json\/wp\/v2\/product_brand?post=229488"},{"taxonomy":"product_cat","embeddable":true,"href":"https:\/\/aromasentia.com\/fr\/wp-json\/wp\/v2\/product_cat?post=229488"},{"taxonomy":"product_tag","embeddable":true,"href":"https:\/\/aromasentia.com\/fr\/wp-json\/wp\/v2\/product_tag?post=229488"}],"curies":[{"name":"wp","href":"https:\/\/api.w.org\/{rel}","templated":true}]}}