{"id":229432,"date":"2025-03-22T16:05:00","date_gmt":"2025-03-22T16:05:00","guid":{"rendered":"https:\/\/aromasentia.com\/product\/coconut-dragon-wind-chimes\/"},"modified":"2025-06-23T18:45:53","modified_gmt":"2025-06-23T18:45:53","slug":"mobiles-dragon-en-bois-de-coco-carillons-dragon-en-bois-de-coco","status":"publish","type":"product","link":"https:\/\/aromasentia.com\/fr\/mobiles-dragon-en-bois-de-coco-carillons-dragon-en-bois-de-coco\/","title":{"rendered":"Mobiles dragon en bois de coco Carillons Dragon en bois de coco"},"content":{"rendered":"<p>Ces dragons sont faits \u00e0 la main en Indon\u00e9sie \u00e0 partir d\u2019\u00e9corce de noix de coco et sont disponibles en 3 couleurs.&nbsp;<\/p>\n<p>Ils sont fournis avec un crochet afin de les mettre en hauteur et les laisser se mouvoir au gr\u00e9 du vent. Vous pourrez \u00e9galement les utiliser pr\u00eat d\u2019une porte en tant que simple carillon.<\/p>\n<p>Les petits mod\u00e8les ont une envergure d\u2019environ 40 cm et une longueur de 37 cm et pendent \u00e0 40 cm du crochet. Les grands mod\u00e8les ont une envergure d\u2019environ 60 cm et 50 cm de longueur et pendent \u00e0 40 cm du crochet.<\/p>\n<p><font color=\"#f37934\">&#8211; \u00e9cologique&nbsp;<\/font><br \/><font color=\"#f37934\">&#8211; \u00e9l\u00e9gant, naturel<\/font><br \/><font color=\"#f37934\">&#8211; R\u00e9sistant<\/font><br \/><font color=\"#f37934\">&#8211; Associ\u00e9 \u00e0 la culture et aux arts<\/font><br \/><font color=\"#f37934\">&#8211; La noix de coco a \u00e9t\u00e9 utilis\u00e9e comme ressource depuis plusieurs si\u00e8cles.<\/font><\/p>\n","protected":false},"excerpt":{"rendered":"<p>Ces dragons sont faits \u00e0 la main en Indon\u00e9sie \u00e0 partir d\u2019\u00e9corce de noix de coco et sont disponibles en 3 couleurs.&nbsp; Ils sont fournis avec un crochet afin de les mettre en hauteur et les laisser se mouvoir au gr\u00e9 du vent. Vous pourrez \u00e9galement les utiliser pr\u00eat d\u2019une porte en tant que simple [&hellip;]<\/p>\n","protected":false},"featured_media":363202,"comment_status":"closed","ping_status":"open","template":"","meta":[],"product_brand":[],"product_cat":[14446],"product_tag":[],"class_list":{"0":"post-229432","1":"product","2":"type-product","3":"status-publish","4":"has-post-thumbnail","6":"product_cat-maison-et-jardin","7":"pa_collection-coconut-dragon-mobiles-fr","8":"pa_made-in-indonesie","10":"first","11":"instock","12":"purchasable","13":"product-type-simple"},"supplier_id":null,"supplier_sku":"CocoD-06","barcode":null,"atum_controlled":true,"out_stock_date":null,"out_stock_threshold":null,"inheritable":false,"inbound_stock":null,"stock_on_hold":0,"sold_today":0,"sales_last_days":0,"reserved_stock":null,"customer_returns":null,"warehouse_damage":null,"lost_in_post":null,"other_logs":null,"out_stock_days":0,"lost_sales":0,"has_location":null,"update_date":"2026-01-30T01:25:25","atum_locations":[],"atum_stock_status":"instock","restock_status":false,"low_stock_amount":"","sales_update_date":"2026-01-30T01:25:25","calc_backorders":null,"_links":{"self":[{"href":"https:\/\/aromasentia.com\/fr\/wp-json\/wp\/v2\/product\/229432","targetHints":{"allow":["GET"]}}],"collection":[{"href":"https:\/\/aromasentia.com\/fr\/wp-json\/wp\/v2\/product"}],"about":[{"href":"https:\/\/aromasentia.com\/fr\/wp-json\/wp\/v2\/types\/product"}],"replies":[{"embeddable":true,"href":"https:\/\/aromasentia.com\/fr\/wp-json\/wp\/v2\/comments?post=229432"}],"version-history":[{"count":0,"href":"https:\/\/aromasentia.com\/fr\/wp-json\/wp\/v2\/product\/229432\/revisions"}],"wp:featuredmedia":[{"embeddable":true,"href":"https:\/\/aromasentia.com\/fr\/wp-json\/wp\/v2\/media\/363202"}],"wp:attachment":[{"href":"https:\/\/aromasentia.com\/fr\/wp-json\/wp\/v2\/media?parent=229432"}],"wp:term":[{"taxonomy":"product_brand","embeddable":true,"href":"https:\/\/aromasentia.com\/fr\/wp-json\/wp\/v2\/product_brand?post=229432"},{"taxonomy":"product_cat","embeddable":true,"href":"https:\/\/aromasentia.com\/fr\/wp-json\/wp\/v2\/product_cat?post=229432"},{"taxonomy":"product_tag","embeddable":true,"href":"https:\/\/aromasentia.com\/fr\/wp-json\/wp\/v2\/product_tag?post=229432"}],"curies":[{"name":"wp","href":"https:\/\/api.w.org\/{rel}","templated":true}]}}