{"id":229372,"date":"2025-03-22T16:05:00","date_gmt":"2025-03-22T16:05:00","guid":{"rendered":"https:\/\/aromasentia.com\/product\/coconut-leaf-fruit-bowl-set-natural\/"},"modified":"2025-06-23T18:45:46","modified_gmt":"2025-06-23T18:45:46","slug":"corbeilles-a-fruits-feuille-de-noix-de-coco-naturel","status":"publish","type":"product","link":"https:\/\/aromasentia.com\/fr\/corbeilles-a-fruits-feuille-de-noix-de-coco-naturel\/","title":{"rendered":"Corbeilles \u00e0 Fruits Feuille de Noix de Coco &#8211; Naturel"},"content":{"rendered":"<p>Un ensemble de trois corbeilles en v\u00e9ritable feuille de cocotier, qui peuvent \u00eatre fa&ccedil;onn\u00e9s et pli\u00e9s apr\u00e8s chauffage. Chaque feuille est un produit naturel unique avec une taille et une forme diff\u00e9rentes. Faites entrer la nature dans vos maisons avec ces \u0153uvres d&rsquo;art de la nature absolument magnifiques (et abordables) que vos clients vont adorer. , Tous les ensembles sont emball\u00e9s individuellement dans du papier et stock\u00e9s dans une bo\u00eete en carton recycl\u00e9 pour une exp\u00e9dition en toute s\u00e9curit\u00e9. Cr\u00e9ez une d\u00e9coration de table exotique, ils sont faciles \u00e0 nettoyer, il suffit d&rsquo;utiliser une \u00e9ponge ou un chiffon humide. Remarque : Ces produits sont fabriqu\u00e9s \u00e0 partir de mat\u00e9riaux naturels, de sorte que la couleur et la finition exactes peuvent varier.<\/p>\n<p>&nbsp;Tailles : Grand 40x20cm, Moyen 30x15cm et Petit 25x11cm.<\/p>\n","protected":false},"excerpt":{"rendered":"<p>Un ensemble de trois corbeilles en v\u00e9ritable feuille de cocotier, qui peuvent \u00eatre fa&ccedil;onn\u00e9s et pli\u00e9s apr\u00e8s chauffage. Chaque feuille est un produit naturel unique avec une taille et une forme diff\u00e9rentes. Faites entrer la nature dans vos maisons avec ces \u0153uvres d&rsquo;art de la nature absolument magnifiques (et abordables) que vos clients vont adorer. [&hellip;]<\/p>\n","protected":false},"featured_media":362707,"comment_status":"closed","ping_status":"open","template":"","meta":{"_angie_page":false},"product_brand":[],"product_cat":[16892,14446],"product_tag":[],"class_list":{"0":"post-229372","1":"product","2":"type-product","3":"status-publish","4":"has-post-thumbnail","6":"product_cat-decoration","7":"product_cat-maison-et-jardin","8":"pa_collection-coconut-leaf-fruit-bowl-sets-fr","9":"pa_made-in-indonesie","11":"first","12":"instock","13":"purchasable","14":"product-type-simple"},"supplier_id":null,"supplier_sku":"CLFB-01","barcode":null,"atum_controlled":true,"out_stock_date":null,"out_stock_threshold":null,"inheritable":false,"inbound_stock":null,"stock_on_hold":0,"sold_today":0,"sales_last_days":0,"reserved_stock":null,"customer_returns":null,"warehouse_damage":null,"lost_in_post":null,"other_logs":null,"out_stock_days":0,"lost_sales":0,"has_location":null,"update_date":"2026-05-04T00:02:51","atum_locations":[],"atum_stock_status":"instock","restock_status":false,"low_stock_amount":"","sales_update_date":"2026-01-30T01:26:13","calc_backorders":null,"_links":{"self":[{"href":"https:\/\/aromasentia.com\/fr\/wp-json\/wp\/v2\/product\/229372","targetHints":{"allow":["GET"]}}],"collection":[{"href":"https:\/\/aromasentia.com\/fr\/wp-json\/wp\/v2\/product"}],"about":[{"href":"https:\/\/aromasentia.com\/fr\/wp-json\/wp\/v2\/types\/product"}],"replies":[{"embeddable":true,"href":"https:\/\/aromasentia.com\/fr\/wp-json\/wp\/v2\/comments?post=229372"}],"version-history":[{"count":0,"href":"https:\/\/aromasentia.com\/fr\/wp-json\/wp\/v2\/product\/229372\/revisions"}],"wp:featuredmedia":[{"embeddable":true,"href":"https:\/\/aromasentia.com\/fr\/wp-json\/wp\/v2\/media\/362707"}],"wp:attachment":[{"href":"https:\/\/aromasentia.com\/fr\/wp-json\/wp\/v2\/media?parent=229372"}],"wp:term":[{"taxonomy":"product_brand","embeddable":true,"href":"https:\/\/aromasentia.com\/fr\/wp-json\/wp\/v2\/product_brand?post=229372"},{"taxonomy":"product_cat","embeddable":true,"href":"https:\/\/aromasentia.com\/fr\/wp-json\/wp\/v2\/product_cat?post=229372"},{"taxonomy":"product_tag","embeddable":true,"href":"https:\/\/aromasentia.com\/fr\/wp-json\/wp\/v2\/product_tag?post=229372"}],"curies":[{"name":"wp","href":"https:\/\/api.w.org\/{rel}","templated":true}]}}