{"id":229364,"date":"2025-03-22T16:05:00","date_gmt":"2025-03-22T16:05:00","guid":{"rendered":"https:\/\/aromasentia.com\/product\/coconut-leaf-wind-chimes-whitewash\/"},"modified":"2025-06-23T18:45:44","modified_gmt":"2025-06-23T18:45:44","slug":"carillons-en-feuille-de-coco-blanc-delave","status":"publish","type":"product","link":"https:\/\/aromasentia.com\/fr\/carillons-en-feuille-de-coco-blanc-delave\/","title":{"rendered":"Carillons en Feuille de Coco &#8211; Blanc d\u00e9lav\u00e9"},"content":{"rendered":"<p>Vente en gros de carillons \u00e9oliens en feuilles de noix de coco &#8211; Naturel. Ces <strong><span style=\"color: rgb(75, 80, 88);\">C<\/span><\/strong><strong><span style=\"color: rgb(75, 80, 88);\">arillons \u00e9oliens<\/span><\/strong> sont fabriqu\u00e9s \u00e0 partir d&rsquo;une v\u00e9ritable feuille de coco, fabriqu\u00e9e \u00e0 la main \u00e0 Bali.&nbsp;<\/p>\n<p>Ils sont fabriqu\u00e9s \u00e0 partir d&rsquo;une v\u00e9ritable feuille de noix de coco, un type sp\u00e9cial qui peut \u00eatre reform\u00e9 et pli\u00e9 en formes lorsqu&rsquo;il est chauff\u00e9, parfait pour une utilisation en int\u00e9rieur, mais peut \u00e9galement \u00eatre utilis\u00e9 dans le jardin ou la terrasse o\u00f9les carillons peuvent jouer doucement dans la brise.&nbsp;<\/p>\n<p>Pendant les mois d&rsquo;hiver ou par temps humide, les carillons doivent \u00eatre ramen\u00e9s \u00e0 l&rsquo;int\u00e9rieur ou plac\u00e9s dans un endroit abrit\u00e9 du jardin. Vous aimerez peut-\u00eatre aussi la lampe \u00e0 la noix de coco naturelle.&nbsp;<\/p>\n<p><strong><span style=\"color: rgb(75, 80, 88);\">\u00e9thique &#8211; Vendu par lot de 2 &#8211; Fabriqu\u00e9 \u00e0 la main en Java &#8211; \u00e9cologique<\/span><\/strong><\/p>\n<p><strong><span style=\"color: rgb(141, 186, 216);\">Commandez aujourd&rsquo;hui et laissez vos clients entendre ces magnifiques carillons \u00e9oliens.<\/span><\/strong><\/p>\n","protected":false},"excerpt":{"rendered":"<p>Vente en gros de carillons \u00e9oliens en feuilles de noix de coco &#8211; Naturel. Ces Carillons \u00e9oliens sont fabriqu\u00e9s \u00e0 partir d&rsquo;une v\u00e9ritable feuille de coco, fabriqu\u00e9e \u00e0 la main \u00e0 Bali.&nbsp; Ils sont fabriqu\u00e9s \u00e0 partir d&rsquo;une v\u00e9ritable feuille de noix de coco, un type sp\u00e9cial qui peut \u00eatre reform\u00e9 et pli\u00e9 en formes [&hellip;]<\/p>\n","protected":false},"featured_media":362665,"comment_status":"closed","ping_status":"open","template":"","meta":{"_angie_page":false},"product_brand":[],"product_cat":[17978,14446],"product_tag":[],"class_list":{"0":"post-229364","1":"product","2":"type-product","3":"status-publish","4":"has-post-thumbnail","6":"product_cat-carillons-eoliens-carillon-a-vent","7":"product_cat-maison-et-jardin","8":"pa_collection-coconut-leaf-wind-chimes-fr","9":"pa_made-in-indonesie","11":"first","12":"instock","13":"purchasable","14":"product-type-simple"},"supplier_id":null,"supplier_sku":"CLCH-02","barcode":null,"atum_controlled":true,"out_stock_date":null,"out_stock_threshold":null,"inheritable":false,"inbound_stock":null,"stock_on_hold":0,"sold_today":0,"sales_last_days":0,"reserved_stock":null,"customer_returns":null,"warehouse_damage":null,"lost_in_post":null,"other_logs":null,"out_stock_days":0,"lost_sales":0,"has_location":null,"update_date":"2026-05-08T05:06:10","atum_locations":[],"atum_stock_status":"instock","restock_status":false,"low_stock_amount":"","sales_update_date":"2026-02-06T00:02:49","calc_backorders":null,"_links":{"self":[{"href":"https:\/\/aromasentia.com\/fr\/wp-json\/wp\/v2\/product\/229364","targetHints":{"allow":["GET"]}}],"collection":[{"href":"https:\/\/aromasentia.com\/fr\/wp-json\/wp\/v2\/product"}],"about":[{"href":"https:\/\/aromasentia.com\/fr\/wp-json\/wp\/v2\/types\/product"}],"replies":[{"embeddable":true,"href":"https:\/\/aromasentia.com\/fr\/wp-json\/wp\/v2\/comments?post=229364"}],"version-history":[{"count":0,"href":"https:\/\/aromasentia.com\/fr\/wp-json\/wp\/v2\/product\/229364\/revisions"}],"wp:featuredmedia":[{"embeddable":true,"href":"https:\/\/aromasentia.com\/fr\/wp-json\/wp\/v2\/media\/362665"}],"wp:attachment":[{"href":"https:\/\/aromasentia.com\/fr\/wp-json\/wp\/v2\/media?parent=229364"}],"wp:term":[{"taxonomy":"product_brand","embeddable":true,"href":"https:\/\/aromasentia.com\/fr\/wp-json\/wp\/v2\/product_brand?post=229364"},{"taxonomy":"product_cat","embeddable":true,"href":"https:\/\/aromasentia.com\/fr\/wp-json\/wp\/v2\/product_cat?post=229364"},{"taxonomy":"product_tag","embeddable":true,"href":"https:\/\/aromasentia.com\/fr\/wp-json\/wp\/v2\/product_tag?post=229364"}],"curies":[{"name":"wp","href":"https:\/\/api.w.org\/{rel}","templated":true}]}}