{"id":229328,"date":"2025-03-22T16:05:00","date_gmt":"2025-03-22T16:05:00","guid":{"rendered":"https:\/\/aromasentia.com\/product\/classic-cushion-cover-squares-grey-40x40cm\/"},"modified":"2025-06-23T18:45:39","modified_gmt":"2025-06-23T18:45:39","slug":"housse-de-coussin-classique-carres-gris-40x40cm","status":"publish","type":"product","link":"https:\/\/aromasentia.com\/fr\/housse-de-coussin-classique-carres-gris-40x40cm\/","title":{"rendered":"Housse de Coussin Classique &#8211; Carr\u00e9s Gris &#8211; 40x40cm"},"content":{"rendered":"<p><strong><span style=\"color: rgb(75, 80, 88);\">Les taies d&rsquo;oreiller classiques indiennes &#8211; Carr\u00e9s gris<\/span><\/strong> sont extr\u00eamement d\u00e9coratives, avec des motifs g\u00e9om\u00e9triques indiens traditionnels. Fabriqu\u00e9 en coton de haute qualit\u00e9 dans des couleurs neutres comme le beige, le gris ou le noir.&nbsp;<\/p>\n<p>Ces couleurs neutres les rendent polyvalents et faciles \u00e0 m\u00e9langer et \u00e0 assortir avec d&rsquo;autres styles de d\u00e9coration. Ils peuvent \u00eatre utilis\u00e9s dans une vari\u00e9t\u00e9 de pi\u00e8ces, y compris les salons, les chambres et m\u00eame \u00e0 l&rsquo;ext\u00e9rieur.&nbsp;<\/p>\n<p>Choix populaire pour ceux qui veulent ajouter une touche de design indien traditionnel \u00e0 leur d\u00e9coration int\u00e9rieure.&nbsp;<\/p>\n<p><em>Taille : 40x40cm&nbsp;<\/em><\/p>\n<p><strong><span style=\"color: rgb(141, 186, 216);\">Les int\u00e9rieurs ne sont pas inclus &#8211; vous pouvez les commander s\u00e9par\u00e9ment&nbsp;<\/span><\/strong><span style=\"color: rgb(141, 186, 216);\"><a href=\"https:\/\/aromasentia.com\/inner\"><strong>ici.<\/strong><\/a><\/span><\/p>\n","protected":false},"excerpt":{"rendered":"<p>Les taies d&rsquo;oreiller classiques indiennes &#8211; Carr\u00e9s gris sont extr\u00eamement d\u00e9coratives, avec des motifs g\u00e9om\u00e9triques indiens traditionnels. Fabriqu\u00e9 en coton de haute qualit\u00e9 dans des couleurs neutres comme le beige, le gris ou le noir.&nbsp; Ces couleurs neutres les rendent polyvalents et faciles \u00e0 m\u00e9langer et \u00e0 assortir avec d&rsquo;autres styles de d\u00e9coration. Ils peuvent [&hellip;]<\/p>\n","protected":false},"featured_media":362352,"comment_status":"closed","ping_status":"open","template":"","meta":{"_angie_page":false},"product_brand":[],"product_cat":[17809,14446,16869],"product_tag":[],"class_list":{"0":"post-229328","1":"product","2":"type-product","3":"status-publish","4":"has-post-thumbnail","6":"product_cat-housses-de-coussin","7":"product_cat-maison-et-jardin","8":"product_cat-textiles","9":"pa_collection-classic-cushion-cover-fr","10":"pa_made-in-inde","12":"first","13":"instock","14":"purchasable","15":"product-type-simple"},"supplier_id":null,"supplier_sku":"CICC-03","barcode":null,"atum_controlled":true,"out_stock_date":null,"out_stock_threshold":null,"inheritable":false,"inbound_stock":null,"stock_on_hold":0,"sold_today":0,"sales_last_days":0,"reserved_stock":null,"customer_returns":null,"warehouse_damage":null,"lost_in_post":null,"other_logs":null,"out_stock_days":0,"lost_sales":0,"has_location":null,"update_date":"2026-04-27T06:57:28","atum_locations":[],"atum_stock_status":"instock","restock_status":false,"low_stock_amount":"","sales_update_date":"2026-01-30T01:25:54","calc_backorders":null,"_links":{"self":[{"href":"https:\/\/aromasentia.com\/fr\/wp-json\/wp\/v2\/product\/229328","targetHints":{"allow":["GET"]}}],"collection":[{"href":"https:\/\/aromasentia.com\/fr\/wp-json\/wp\/v2\/product"}],"about":[{"href":"https:\/\/aromasentia.com\/fr\/wp-json\/wp\/v2\/types\/product"}],"replies":[{"embeddable":true,"href":"https:\/\/aromasentia.com\/fr\/wp-json\/wp\/v2\/comments?post=229328"}],"version-history":[{"count":0,"href":"https:\/\/aromasentia.com\/fr\/wp-json\/wp\/v2\/product\/229328\/revisions"}],"wp:featuredmedia":[{"embeddable":true,"href":"https:\/\/aromasentia.com\/fr\/wp-json\/wp\/v2\/media\/362352"}],"wp:attachment":[{"href":"https:\/\/aromasentia.com\/fr\/wp-json\/wp\/v2\/media?parent=229328"}],"wp:term":[{"taxonomy":"product_brand","embeddable":true,"href":"https:\/\/aromasentia.com\/fr\/wp-json\/wp\/v2\/product_brand?post=229328"},{"taxonomy":"product_cat","embeddable":true,"href":"https:\/\/aromasentia.com\/fr\/wp-json\/wp\/v2\/product_cat?post=229328"},{"taxonomy":"product_tag","embeddable":true,"href":"https:\/\/aromasentia.com\/fr\/wp-json\/wp\/v2\/product_tag?post=229328"}],"curies":[{"name":"wp","href":"https:\/\/api.w.org\/{rel}","templated":true}]}}