{"id":229300,"date":"2025-03-22T16:05:00","date_gmt":"2025-03-22T16:05:00","guid":{"rendered":"https:\/\/aromasentia.com\/product\/cantal-grass-bunch-blue\/"},"modified":"2025-06-23T18:45:36","modified_gmt":"2025-06-23T18:45:36","slug":"bouquet-dherbes-sechees-du-cantal-bleu","status":"publish","type":"product","link":"https:\/\/aromasentia.com\/fr\/bouquet-dherbes-sechees-du-cantal-bleu\/","title":{"rendered":"Bouquet d&rsquo;Herbes S\u00e9ch\u00e9es du Cantal &#8211; Bleu"},"content":{"rendered":"<p>Bouquet d&rsquo;herbe du Cantal en gros dans une riche couleur bleue, respirant l&rsquo;\u00e9l\u00e9gance et le charme.&nbsp;<\/p>\n<p>Cette herbe s\u00e9ch\u00e9e et color\u00e9e du centre de Java vient d&rsquo;une culture enti\u00e8rement durable.&nbsp;<\/p>\n<p>S\u00e9lectionn\u00e9s \u00e0 la main, s\u00e9ch\u00e9s et color\u00e9s dans des teintes vibrantes et naturelles. Les grappes d&rsquo;herbe du Cantal sont souvent utilis\u00e9es dans des projets d&rsquo;artisanat et de design, ainsi que dans la d\u00e9coration florale.&nbsp;<\/p>\n<p>Vous aimerez peut-\u00eatre aussi la vente en gros <a href=\"https:\/\/aromasentia.com\/pamg\">d&rsquo;herbe Rayung<\/a>. Longueur environ : 50 cm.<\/p>\n","protected":false},"excerpt":{"rendered":"<p>Bouquet d&rsquo;herbe du Cantal en gros dans une riche couleur bleue, respirant l&rsquo;\u00e9l\u00e9gance et le charme.&nbsp; Cette herbe s\u00e9ch\u00e9e et color\u00e9e du centre de Java vient d&rsquo;une culture enti\u00e8rement durable.&nbsp; S\u00e9lectionn\u00e9s \u00e0 la main, s\u00e9ch\u00e9s et color\u00e9s dans des teintes vibrantes et naturelles. Les grappes d&rsquo;herbe du Cantal sont souvent utilis\u00e9es dans des projets d&rsquo;artisanat [&hellip;]<\/p>\n","protected":false},"featured_media":362185,"comment_status":"closed","ping_status":"open","template":"","meta":{"_angie_page":false},"product_brand":[],"product_cat":[16892,14446],"product_tag":[],"class_list":{"0":"post-229300","1":"product","2":"type-product","3":"status-publish","4":"has-post-thumbnail","6":"product_cat-decoration","7":"product_cat-maison-et-jardin","8":"pa_collection-cantal-grass-bunch-fr","9":"pa_made-in-indonesie","11":"first","12":"instock","13":"purchasable","14":"product-type-simple"},"supplier_id":null,"supplier_sku":"CGB-09","barcode":null,"atum_controlled":true,"out_stock_date":null,"out_stock_threshold":null,"inheritable":false,"inbound_stock":null,"stock_on_hold":0,"sold_today":0,"sales_last_days":0,"reserved_stock":null,"customer_returns":null,"warehouse_damage":null,"lost_in_post":null,"other_logs":null,"out_stock_days":0,"lost_sales":0,"has_location":null,"update_date":"2026-04-27T06:56:38","atum_locations":[],"atum_stock_status":"instock","restock_status":false,"low_stock_amount":"","sales_update_date":"2026-02-06T00:01:41","calc_backorders":null,"_links":{"self":[{"href":"https:\/\/aromasentia.com\/fr\/wp-json\/wp\/v2\/product\/229300","targetHints":{"allow":["GET"]}}],"collection":[{"href":"https:\/\/aromasentia.com\/fr\/wp-json\/wp\/v2\/product"}],"about":[{"href":"https:\/\/aromasentia.com\/fr\/wp-json\/wp\/v2\/types\/product"}],"replies":[{"embeddable":true,"href":"https:\/\/aromasentia.com\/fr\/wp-json\/wp\/v2\/comments?post=229300"}],"version-history":[{"count":0,"href":"https:\/\/aromasentia.com\/fr\/wp-json\/wp\/v2\/product\/229300\/revisions"}],"wp:featuredmedia":[{"embeddable":true,"href":"https:\/\/aromasentia.com\/fr\/wp-json\/wp\/v2\/media\/362185"}],"wp:attachment":[{"href":"https:\/\/aromasentia.com\/fr\/wp-json\/wp\/v2\/media?parent=229300"}],"wp:term":[{"taxonomy":"product_brand","embeddable":true,"href":"https:\/\/aromasentia.com\/fr\/wp-json\/wp\/v2\/product_brand?post=229300"},{"taxonomy":"product_cat","embeddable":true,"href":"https:\/\/aromasentia.com\/fr\/wp-json\/wp\/v2\/product_cat?post=229300"},{"taxonomy":"product_tag","embeddable":true,"href":"https:\/\/aromasentia.com\/fr\/wp-json\/wp\/v2\/product_tag?post=229300"}],"curies":[{"name":"wp","href":"https:\/\/api.w.org\/{rel}","templated":true}]}}