{"id":229292,"date":"2025-03-22T16:05:00","date_gmt":"2025-03-22T16:05:00","guid":{"rendered":"https:\/\/aromasentia.com\/product\/cantal-grass-bunch-rust\/"},"modified":"2025-06-23T18:45:35","modified_gmt":"2025-06-23T18:45:35","slug":"bouquet-dherbes-sechees-rouille","status":"publish","type":"product","link":"https:\/\/aromasentia.com\/fr\/bouquet-dherbes-sechees-rouille\/","title":{"rendered":"Bouquet d&rsquo;Herbes S\u00e9ch\u00e9es\u00a0&#8211; Rouille"},"content":{"rendered":"<p>Ajoutez une touche de beaut\u00e9 automnale \u00e0 votre d\u00e9cor avec cette botte de Cantal &#8211; Rust. Cette botte d\u00e9corative de Cantal, dans une chaude teinte rouille, apporte une texture naturelle et des tons terreux \u00e0 tout arrangement floral ou accent de maison. Parfait pour cr\u00e9er des centres de table rustiques, des couronnes ou simplement dans un vase, ses panaches plumeux ajoutent de la douceur et une touche de charme sauvage inspir\u00e9 des prairies. Une belle fa\u00e7on d&rsquo;incorporer des \u00e9l\u00e9ments naturels durables dans votre d\u00e9coration d&rsquo;int\u00e9rieur avec un style durable.<\/p>\n","protected":false},"excerpt":{"rendered":"<p>Ajoutez une touche de beaut\u00e9 automnale \u00e0 votre d\u00e9cor avec cette botte de Cantal &#8211; Rust. Cette botte d\u00e9corative de Cantal, dans une chaude teinte rouille, apporte une texture naturelle et des tons terreux \u00e0 tout arrangement floral ou accent de maison. Parfait pour cr\u00e9er des centres de table rustiques, des couronnes ou simplement dans [&hellip;]<\/p>\n","protected":false},"featured_media":362159,"comment_status":"closed","ping_status":"open","template":"","meta":{"_angie_page":false},"product_brand":[],"product_cat":[16892,14446],"product_tag":[],"class_list":{"0":"post-229292","1":"product","2":"type-product","3":"status-publish","4":"has-post-thumbnail","6":"product_cat-decoration","7":"product_cat-maison-et-jardin","8":"pa_collection-cantal-grass-bunch-fr","9":"pa_made-in-indonesie","11":"first","12":"instock","13":"purchasable","14":"product-type-simple"},"supplier_id":null,"supplier_sku":"CGB-04","barcode":null,"atum_controlled":true,"out_stock_date":null,"out_stock_threshold":null,"inheritable":false,"inbound_stock":null,"stock_on_hold":0,"sold_today":0,"sales_last_days":0,"reserved_stock":null,"customer_returns":null,"warehouse_damage":null,"lost_in_post":null,"other_logs":null,"out_stock_days":0,"lost_sales":0,"has_location":null,"update_date":"2026-04-27T06:56:28","atum_locations":[],"atum_stock_status":"instock","restock_status":false,"low_stock_amount":"","sales_update_date":"2026-01-30T01:24:37","calc_backorders":null,"_links":{"self":[{"href":"https:\/\/aromasentia.com\/fr\/wp-json\/wp\/v2\/product\/229292","targetHints":{"allow":["GET"]}}],"collection":[{"href":"https:\/\/aromasentia.com\/fr\/wp-json\/wp\/v2\/product"}],"about":[{"href":"https:\/\/aromasentia.com\/fr\/wp-json\/wp\/v2\/types\/product"}],"replies":[{"embeddable":true,"href":"https:\/\/aromasentia.com\/fr\/wp-json\/wp\/v2\/comments?post=229292"}],"version-history":[{"count":0,"href":"https:\/\/aromasentia.com\/fr\/wp-json\/wp\/v2\/product\/229292\/revisions"}],"wp:featuredmedia":[{"embeddable":true,"href":"https:\/\/aromasentia.com\/fr\/wp-json\/wp\/v2\/media\/362159"}],"wp:attachment":[{"href":"https:\/\/aromasentia.com\/fr\/wp-json\/wp\/v2\/media?parent=229292"}],"wp:term":[{"taxonomy":"product_brand","embeddable":true,"href":"https:\/\/aromasentia.com\/fr\/wp-json\/wp\/v2\/product_brand?post=229292"},{"taxonomy":"product_cat","embeddable":true,"href":"https:\/\/aromasentia.com\/fr\/wp-json\/wp\/v2\/product_cat?post=229292"},{"taxonomy":"product_tag","embeddable":true,"href":"https:\/\/aromasentia.com\/fr\/wp-json\/wp\/v2\/product_tag?post=229292"}],"curies":[{"name":"wp","href":"https:\/\/api.w.org\/{rel}","templated":true}]}}