{"id":229284,"date":"2025-03-22T16:05:00","date_gmt":"2025-03-22T16:05:00","guid":{"rendered":"https:\/\/aromasentia.com\/product\/cantal-grass-bunch-pink\/"},"modified":"2025-06-23T18:45:33","modified_gmt":"2025-06-23T18:45:33","slug":"bouquet-dherbes-sechees-cantal-rose","status":"publish","type":"product","link":"https:\/\/aromasentia.com\/fr\/bouquet-dherbes-sechees-cantal-rose\/","title":{"rendered":"Bouquet d&rsquo;Herbes S\u00e9ch\u00e9es &#8211; Cantal &#8211; Rose"},"content":{"rendered":"<p>Laissez vos clients faire entrer la nature \u00e0 l&rsquo;int\u00e9rieur avec ces <strong><span style=\"color: rgb(75, 80, 88);\">Bouquets d&rsquo;Herbes S\u00e9ch\u00e9es &#8211; Rose.&nbsp;<\/span><\/strong><\/p>\n<p>Des couleurs fra\u00eeches naturelles qui semblent g\u00e9n\u00e9reuses et \u00e9l\u00e9gantes. Ils sont parfaits pour d\u00e9corer les couloirs, les salons ou les espaces de bureau. Vous pouvez m\u00eame le vendre au d\u00e9tail comme d\u00e9coration moderne pour les mariages ou les f\u00eates \u00e0 th\u00e8me naturel.&nbsp;<\/p>\n<p>Donnez vie \u00e0 n&rsquo;importe quelle maison avec ces d\u00e9corations feuillues. Il fournira un style boho souhaitable et le sentiment d&rsquo;\u00eatre proche de la nature. Les mat\u00e9riaux \u00e9cologiques sont tr\u00e8s tendance, en particulier les produits \u00e0 base d&rsquo;herbe sont \u00e0 la mode et faciles \u00e0 vendre.&nbsp;<\/p>\n<p><strong><span style=\"color: rgb(75, 80, 88);\">VEUILLEZ NOTER : En raison de l&rsquo;utilisation de mat\u00e9riaux naturels, il peut y avoir des diff\u00e9rences de couleur et de taille par rapport \u00e0 l&rsquo;image.&nbsp;<\/span><\/strong><\/p>\n<p><strong><span style=\"color: rgb(141, 186, 216);\">Commandez maintenant et offrez \u00e0 vos clients ce d\u00e9cor Boho tendance<\/span><\/strong>.<\/p>\n","protected":false},"excerpt":{"rendered":"<p>Laissez vos clients faire entrer la nature \u00e0 l&rsquo;int\u00e9rieur avec ces Bouquets d&rsquo;Herbes S\u00e9ch\u00e9es &#8211; Rose.&nbsp; Des couleurs fra\u00eeches naturelles qui semblent g\u00e9n\u00e9reuses et \u00e9l\u00e9gantes. Ils sont parfaits pour d\u00e9corer les couloirs, les salons ou les espaces de bureau. Vous pouvez m\u00eame le vendre au d\u00e9tail comme d\u00e9coration moderne pour les mariages ou les f\u00eates [&hellip;]<\/p>\n","protected":false},"featured_media":362109,"comment_status":"closed","ping_status":"open","template":"","meta":{"_angie_page":false},"product_brand":[],"product_cat":[16892,14446],"product_tag":[],"class_list":{"0":"post-229284","1":"product","2":"type-product","3":"status-publish","4":"has-post-thumbnail","6":"product_cat-decoration","7":"product_cat-maison-et-jardin","8":"pa_collection-cantal-grass-bunch-fr","9":"pa_made-in-indonesie","11":"first","12":"instock","13":"purchasable","14":"product-type-simple"},"supplier_id":null,"supplier_sku":"CGB-07","barcode":null,"atum_controlled":true,"out_stock_date":null,"out_stock_threshold":null,"inheritable":false,"inbound_stock":null,"stock_on_hold":0,"sold_today":0,"sales_last_days":0,"reserved_stock":null,"customer_returns":null,"warehouse_damage":null,"lost_in_post":null,"other_logs":null,"out_stock_days":0,"lost_sales":0,"has_location":null,"update_date":"2026-04-29T05:09:16","atum_locations":[],"atum_stock_status":"instock","restock_status":false,"low_stock_amount":"","sales_update_date":"2026-02-06T00:02:31","calc_backorders":null,"_links":{"self":[{"href":"https:\/\/aromasentia.com\/fr\/wp-json\/wp\/v2\/product\/229284","targetHints":{"allow":["GET"]}}],"collection":[{"href":"https:\/\/aromasentia.com\/fr\/wp-json\/wp\/v2\/product"}],"about":[{"href":"https:\/\/aromasentia.com\/fr\/wp-json\/wp\/v2\/types\/product"}],"replies":[{"embeddable":true,"href":"https:\/\/aromasentia.com\/fr\/wp-json\/wp\/v2\/comments?post=229284"}],"version-history":[{"count":0,"href":"https:\/\/aromasentia.com\/fr\/wp-json\/wp\/v2\/product\/229284\/revisions"}],"wp:featuredmedia":[{"embeddable":true,"href":"https:\/\/aromasentia.com\/fr\/wp-json\/wp\/v2\/media\/362109"}],"wp:attachment":[{"href":"https:\/\/aromasentia.com\/fr\/wp-json\/wp\/v2\/media?parent=229284"}],"wp:term":[{"taxonomy":"product_brand","embeddable":true,"href":"https:\/\/aromasentia.com\/fr\/wp-json\/wp\/v2\/product_brand?post=229284"},{"taxonomy":"product_cat","embeddable":true,"href":"https:\/\/aromasentia.com\/fr\/wp-json\/wp\/v2\/product_cat?post=229284"},{"taxonomy":"product_tag","embeddable":true,"href":"https:\/\/aromasentia.com\/fr\/wp-json\/wp\/v2\/product_tag?post=229284"}],"curies":[{"name":"wp","href":"https:\/\/api.w.org\/{rel}","templated":true}]}}