{"id":229232,"date":"2025-03-22T16:05:12","date_gmt":"2025-03-22T16:05:12","guid":{"rendered":"https:\/\/aromasentia.com\/product\/protection-dream-cather-lrg-macrame-eye-white-gey-brown\/"},"modified":"2025-06-23T18:45:27","modified_gmt":"2025-06-23T18:45:27","slug":"attrape-reve-protection-grand-oeil-macrame-marron","status":"publish","type":"product","link":"https:\/\/aromasentia.com\/fr\/attrape-reve-protection-grand-oeil-macrame-marron\/","title":{"rendered":"Attrape-R\u00eave Protection &#8211; Grand \u0152il Macram\u00e9 Marron"},"content":{"rendered":"<p>Dans de nombreuses cultures anciennes, le mauvais \u0153il est un symbole de protection contre le mal.&nbsp;<\/p>\n<p><strong><span style=\"color: rgb(75, 80, 88);\">Cette combinaison de Attrape-R\u00eave Protection &#8211; Grand \u0153il Macram\u00e9 Marron&nbsp;<\/span><\/strong>invoque la magie des deux. Vos clients peuvent l&rsquo;accrocher dans la chambre pour se prot\u00e9ger des mauvais cauchemars &#8211; les bons r\u00eaves traversent l&rsquo;attrape-r\u00eaves et les mauvais s&#8217;emm\u00ealent dans la toile et p\u00e9rissent aux premi\u00e8res lueurs de l&rsquo;aube.&nbsp;<\/p>\n<p>Les capteurs de r\u00eaves sont toujours populaires, cette gamme est quelque chose de sp\u00e9cial combin\u00e9 avec les \u00e9l\u00e9ments mauvais \u0153il. vous pourriez aussi aimer Attrape-r\u00eaves en macram\u00e9 pastel.&nbsp;<\/p>\n<p>Fabriqu\u00e9 \u00e0 la main avec des d\u00e9tails en macram\u00e9 et des cadres en rotin naturel. Un cadeau magnifiquement con&ccedil;u dans des designs vibrants que vos clients vont adorer.&nbsp;<\/p>\n<p><strong><span style=\"color: rgb(141, 186, 216);\">Alors commandez aujourd&rsquo;hui et profitez de quelques ventes suppl\u00e9mentaires.&nbsp;<\/span><\/strong><\/p>\n<p>Dimensions : &nbsp;70x1x23cm avec plumes 70x1x23x85cm<\/p>\n","protected":false},"excerpt":{"rendered":"<p>Dans de nombreuses cultures anciennes, le mauvais \u0153il est un symbole de protection contre le mal.&nbsp; Cette combinaison de Attrape-R\u00eave Protection &#8211; Grand \u0153il Macram\u00e9 Marron&nbsp;invoque la magie des deux. Vos clients peuvent l&rsquo;accrocher dans la chambre pour se prot\u00e9ger des mauvais cauchemars &#8211; les bons r\u00eaves traversent l&rsquo;attrape-r\u00eaves et les mauvais s&#8217;emm\u00ealent dans la [&hellip;]<\/p>\n","protected":false},"featured_media":366112,"comment_status":"closed","ping_status":"open","template":"","meta":[],"product_brand":[],"product_cat":[14054,14447,14446],"product_tag":[],"class_list":{"0":"post-229232","1":"product","2":"type-product","3":"status-publish","4":"has-post-thumbnail","6":"product_cat-cadeaux-vintage-et-souvenirs","7":"product_cat-macrames-et-capteur-de-reves","8":"product_cat-maison-et-jardin","9":"pa_collection-protection-dream-catcher-fr","10":"pa_made-in-indonesie","12":"first","13":"instock","14":"purchasable","15":"product-type-simple"},"supplier_id":null,"supplier_sku":"EyeDC-01","barcode":null,"atum_controlled":true,"out_stock_date":null,"out_stock_threshold":null,"inheritable":false,"inbound_stock":null,"stock_on_hold":0,"sold_today":0,"sales_last_days":0,"reserved_stock":null,"customer_returns":null,"warehouse_damage":null,"lost_in_post":null,"other_logs":null,"out_stock_days":0,"lost_sales":0,"has_location":null,"update_date":"2026-01-30T01:26:38","atum_locations":[],"atum_stock_status":"instock","restock_status":false,"low_stock_amount":"","sales_update_date":"2026-01-30T01:26:38","calc_backorders":null,"_links":{"self":[{"href":"https:\/\/aromasentia.com\/fr\/wp-json\/wp\/v2\/product\/229232","targetHints":{"allow":["GET"]}}],"collection":[{"href":"https:\/\/aromasentia.com\/fr\/wp-json\/wp\/v2\/product"}],"about":[{"href":"https:\/\/aromasentia.com\/fr\/wp-json\/wp\/v2\/types\/product"}],"replies":[{"embeddable":true,"href":"https:\/\/aromasentia.com\/fr\/wp-json\/wp\/v2\/comments?post=229232"}],"version-history":[{"count":0,"href":"https:\/\/aromasentia.com\/fr\/wp-json\/wp\/v2\/product\/229232\/revisions"}],"wp:featuredmedia":[{"embeddable":true,"href":"https:\/\/aromasentia.com\/fr\/wp-json\/wp\/v2\/media\/366112"}],"wp:attachment":[{"href":"https:\/\/aromasentia.com\/fr\/wp-json\/wp\/v2\/media?parent=229232"}],"wp:term":[{"taxonomy":"product_brand","embeddable":true,"href":"https:\/\/aromasentia.com\/fr\/wp-json\/wp\/v2\/product_brand?post=229232"},{"taxonomy":"product_cat","embeddable":true,"href":"https:\/\/aromasentia.com\/fr\/wp-json\/wp\/v2\/product_cat?post=229232"},{"taxonomy":"product_tag","embeddable":true,"href":"https:\/\/aromasentia.com\/fr\/wp-json\/wp\/v2\/product_tag?post=229232"}],"curies":[{"name":"wp","href":"https:\/\/api.w.org\/{rel}","templated":true}]}}