{"id":229200,"date":"2025-03-22T16:05:12","date_gmt":"2025-03-22T16:05:12","guid":{"rendered":"https:\/\/aromasentia.com\/product\/extra-large-drama-dreancatcher-pastal-rainbow\/"},"modified":"2025-06-23T18:45:21","modified_gmt":"2025-06-23T18:45:21","slug":"tres-grand-drama-attrape-reves-arc-en-ciel-pastel","status":"publish","type":"product","link":"https:\/\/aromasentia.com\/fr\/tres-grand-drama-attrape-reves-arc-en-ciel-pastel\/","title":{"rendered":"Tr\u00e8s grand Drama attrape-r\u00eaves &#8211; Arc-en-ciel pastel"},"content":{"rendered":"<p><strong><span style=\"color: rgb(75, 80, 88);\">Faites passer l&rsquo;humble attrape-r\u00eaves au niveau sup\u00e9rieur.<\/span><\/strong> Inspir\u00e9 du parapluie du temple de Bali connu sous le nom de payung.&nbsp;<\/p>\n<p>Chaque temple a son propre parapluie pour pi\u00e9ger les mauvais esprits et attirer les bons esprits.&nbsp;<\/p>\n<p>Diff\u00e9rents styles sont utilis\u00e9s pour diff\u00e9rentes c\u00e9r\u00e9monies. Les parapluies de temple sont une partie importante de la vie quotidienne \u00e0 Bali. Nos capteurs de r\u00eaves ont \u00e9t\u00e9 soigneusement fabriqu\u00e9s par des artisans talentueux en Indon\u00e9sie.&nbsp;<\/p>\n<p>Le meilleur endroit pour les accrocher est pr\u00e8s de la fen\u00eatre ou sur le mur de la chambre. Apr\u00e8s tout, le r\u00f4le d&rsquo;un attrape-r\u00eaves est d&rsquo;arr\u00eater les mauvais r\u00eaves.&nbsp;<\/p>\n<p><strong><span style=\"color: rgb(141, 186, 216);\">Ces cr\u00e9ations spectaculaires d&rsquo;attrape-r\u00eaves ajouteront une touche vraiment exotique \u00e0 votre maison.<\/span><\/strong><\/p>\n","protected":false},"excerpt":{"rendered":"<p>Faites passer l&rsquo;humble attrape-r\u00eaves au niveau sup\u00e9rieur. Inspir\u00e9 du parapluie du temple de Bali connu sous le nom de payung.&nbsp; Chaque temple a son propre parapluie pour pi\u00e9ger les mauvais esprits et attirer les bons esprits.&nbsp; Diff\u00e9rents styles sont utilis\u00e9s pour diff\u00e9rentes c\u00e9r\u00e9monies. Les parapluies de temple sont une partie importante de la vie quotidienne [&hellip;]<\/p>\n","protected":false},"featured_media":365912,"comment_status":"closed","ping_status":"open","template":"","meta":{"_angie_page":false},"product_brand":[],"product_cat":[14447,14446],"product_tag":[],"class_list":{"0":"post-229200","1":"product","2":"type-product","3":"status-publish","4":"has-post-thumbnail","6":"product_cat-macrames-et-capteur-de-reves","7":"product_cat-maison-et-jardin","8":"pa_collection-rainbow-dreamcatchers-fr","9":"pa_made-in-indonesie","11":"first","12":"instock","13":"purchasable","14":"product-type-simple"},"supplier_id":null,"supplier_sku":"DRDC-01","barcode":null,"atum_controlled":true,"out_stock_date":null,"out_stock_threshold":null,"inheritable":false,"inbound_stock":null,"stock_on_hold":0,"sold_today":0,"sales_last_days":0,"reserved_stock":null,"customer_returns":null,"warehouse_damage":null,"lost_in_post":null,"other_logs":null,"out_stock_days":0,"lost_sales":0,"has_location":null,"update_date":"2026-04-27T06:59:11","atum_locations":[],"atum_stock_status":"instock","restock_status":false,"low_stock_amount":"","sales_update_date":"2025-10-09T03:28:58","calc_backorders":null,"_links":{"self":[{"href":"https:\/\/aromasentia.com\/fr\/wp-json\/wp\/v2\/product\/229200","targetHints":{"allow":["GET"]}}],"collection":[{"href":"https:\/\/aromasentia.com\/fr\/wp-json\/wp\/v2\/product"}],"about":[{"href":"https:\/\/aromasentia.com\/fr\/wp-json\/wp\/v2\/types\/product"}],"replies":[{"embeddable":true,"href":"https:\/\/aromasentia.com\/fr\/wp-json\/wp\/v2\/comments?post=229200"}],"version-history":[{"count":0,"href":"https:\/\/aromasentia.com\/fr\/wp-json\/wp\/v2\/product\/229200\/revisions"}],"wp:featuredmedia":[{"embeddable":true,"href":"https:\/\/aromasentia.com\/fr\/wp-json\/wp\/v2\/media\/365912"}],"wp:attachment":[{"href":"https:\/\/aromasentia.com\/fr\/wp-json\/wp\/v2\/media?parent=229200"}],"wp:term":[{"taxonomy":"product_brand","embeddable":true,"href":"https:\/\/aromasentia.com\/fr\/wp-json\/wp\/v2\/product_brand?post=229200"},{"taxonomy":"product_cat","embeddable":true,"href":"https:\/\/aromasentia.com\/fr\/wp-json\/wp\/v2\/product_cat?post=229200"},{"taxonomy":"product_tag","embeddable":true,"href":"https:\/\/aromasentia.com\/fr\/wp-json\/wp\/v2\/product_tag?post=229200"}],"curies":[{"name":"wp","href":"https:\/\/api.w.org\/{rel}","templated":true}]}}