{"id":229196,"date":"2025-03-22T16:05:12","date_gmt":"2025-03-22T16:05:12","guid":{"rendered":"https:\/\/aromasentia.com\/product\/lrg-diy-peg-photo-frames-paris\/"},"modified":"2025-06-23T18:45:20","modified_gmt":"2025-06-23T18:45:20","slug":"grand-cadre-photo-pele-mele-diy-paris","status":"publish","type":"product","link":"https:\/\/aromasentia.com\/fr\/grand-cadre-photo-pele-mele-diy-paris\/","title":{"rendered":"Grand Cadre Photo P\u00eale-M\u00eale DIY- Paris"},"content":{"rendered":"<p>Mettez en valeur vos aventures avec ce grand cadre photo \u00e0 pinces DIY &#8211; Paris. Ce charmant grand cadre photo pr\u00e9sente un th\u00e8me \u00ab\u00a0Paris\u00a0\u00bb, \u00e9ventuellement avec des images embl\u00e9matiques ou un design romantique et chic, et utilise des chevilles ou des clips pour afficher vos photos et souvenirs pr\u00e9f\u00e9r\u00e9s. Il constitue un moyen polyvalent et personnalis\u00e9 de cr\u00e9er un collage changeant de souvenirs, en apportant une touche parisienne et un r\u00e9cit personnel \u00e0 votre d\u00e9coration int\u00e9rieure. Parfait pour les photos de voyage ou les souvenirs romantiques.<\/p>\n","protected":false},"excerpt":{"rendered":"<p>Mettez en valeur vos aventures avec ce grand cadre photo \u00e0 pinces DIY &#8211; Paris. Ce charmant grand cadre photo pr\u00e9sente un th\u00e8me \u00ab\u00a0Paris\u00a0\u00bb, \u00e9ventuellement avec des images embl\u00e9matiques ou un design romantique et chic, et utilise des chevilles ou des clips pour afficher vos photos et souvenirs pr\u00e9f\u00e9r\u00e9s. Il constitue un moyen polyvalent et [&hellip;]<\/p>\n","protected":false},"featured_media":365871,"comment_status":"closed","ping_status":"open","template":"","meta":[],"product_brand":[],"product_cat":[14446],"product_tag":[],"class_list":{"0":"post-229196","1":"product","2":"type-product","3":"status-publish","4":"has-post-thumbnail","6":"product_cat-maison-et-jardin","7":"pa_made-in-chine","9":"first","10":"instock","11":"purchasable","12":"product-type-simple"},"supplier_id":null,"supplier_sku":"DMPF-03","barcode":null,"atum_controlled":true,"out_stock_date":null,"out_stock_threshold":null,"inheritable":false,"inbound_stock":null,"stock_on_hold":0,"sold_today":0,"sales_last_days":0,"reserved_stock":null,"customer_returns":null,"warehouse_damage":null,"lost_in_post":null,"other_logs":null,"out_stock_days":0,"lost_sales":0,"has_location":null,"update_date":"2026-01-30T01:25:25","atum_locations":[],"atum_stock_status":"instock","restock_status":false,"low_stock_amount":"","sales_update_date":"2026-01-30T01:25:25","calc_backorders":null,"_links":{"self":[{"href":"https:\/\/aromasentia.com\/fr\/wp-json\/wp\/v2\/product\/229196","targetHints":{"allow":["GET"]}}],"collection":[{"href":"https:\/\/aromasentia.com\/fr\/wp-json\/wp\/v2\/product"}],"about":[{"href":"https:\/\/aromasentia.com\/fr\/wp-json\/wp\/v2\/types\/product"}],"replies":[{"embeddable":true,"href":"https:\/\/aromasentia.com\/fr\/wp-json\/wp\/v2\/comments?post=229196"}],"version-history":[{"count":0,"href":"https:\/\/aromasentia.com\/fr\/wp-json\/wp\/v2\/product\/229196\/revisions"}],"wp:featuredmedia":[{"embeddable":true,"href":"https:\/\/aromasentia.com\/fr\/wp-json\/wp\/v2\/media\/365871"}],"wp:attachment":[{"href":"https:\/\/aromasentia.com\/fr\/wp-json\/wp\/v2\/media?parent=229196"}],"wp:term":[{"taxonomy":"product_brand","embeddable":true,"href":"https:\/\/aromasentia.com\/fr\/wp-json\/wp\/v2\/product_brand?post=229196"},{"taxonomy":"product_cat","embeddable":true,"href":"https:\/\/aromasentia.com\/fr\/wp-json\/wp\/v2\/product_cat?post=229196"},{"taxonomy":"product_tag","embeddable":true,"href":"https:\/\/aromasentia.com\/fr\/wp-json\/wp\/v2\/product_tag?post=229196"}],"curies":[{"name":"wp","href":"https:\/\/api.w.org\/{rel}","templated":true}]}}