{"id":229192,"date":"2025-03-22T16:05:12","date_gmt":"2025-03-22T16:05:12","guid":{"rendered":"https:\/\/aromasentia.com\/product\/lrg-diy-peg-photo-frames-mozart\/"},"modified":"2025-06-23T18:45:20","modified_gmt":"2025-06-23T18:45:20","slug":"grand-cadre-photo-pele-mele-diy-mozart","status":"publish","type":"product","link":"https:\/\/aromasentia.com\/fr\/grand-cadre-photo-pele-mele-diy-mozart\/","title":{"rendered":"Grand Cadre Photo P\u00eale-M\u00eale DIY- Mozart"},"content":{"rendered":"<p>Affichez vos souvenirs les plus chers avec ce grand cadre photo \u00e0 chevilles DIY &#8211; Mozart. Ce cadre photo cr\u00e9atif vous permet d&rsquo;afficher facilement plusieurs photos, notes ou souvenirs \u00e0 l&rsquo;aide de petites chevilles ou de clips, le tout dans un grand cadre sur le th\u00e8me de \u00ab\u00a0Mozart\u00a0\u00bb &#8211; avec des motifs musicaux ou un style classique et \u00e9l\u00e9gant. Parfait pour mettre en valeur une collection de souvenirs d&rsquo;une mani\u00e8re amusante, interchangeable et artistique, il ajoute une touche personnalis\u00e9e et l\u00e9g\u00e8rement vintage ou culturelle \u00e0 votre d\u00e9cor mural.<\/p>\n","protected":false},"excerpt":{"rendered":"<p>Affichez vos souvenirs les plus chers avec ce grand cadre photo \u00e0 chevilles DIY &#8211; Mozart. Ce cadre photo cr\u00e9atif vous permet d&rsquo;afficher facilement plusieurs photos, notes ou souvenirs \u00e0 l&rsquo;aide de petites chevilles ou de clips, le tout dans un grand cadre sur le th\u00e8me de \u00ab\u00a0Mozart\u00a0\u00bb &#8211; avec des motifs musicaux ou un [&hellip;]<\/p>\n","protected":false},"featured_media":365838,"comment_status":"closed","ping_status":"open","template":"","meta":[],"product_brand":[],"product_cat":[14446],"product_tag":[],"class_list":{"0":"post-229192","1":"product","2":"type-product","3":"status-publish","4":"has-post-thumbnail","6":"product_cat-maison-et-jardin","7":"pa_made-in-chine","9":"first","10":"instock","11":"purchasable","12":"product-type-simple"},"supplier_id":null,"supplier_sku":"DMPF-02","barcode":null,"atum_controlled":true,"out_stock_date":null,"out_stock_threshold":null,"inheritable":false,"inbound_stock":null,"stock_on_hold":0,"sold_today":0,"sales_last_days":0,"reserved_stock":null,"customer_returns":null,"warehouse_damage":null,"lost_in_post":null,"other_logs":null,"out_stock_days":0,"lost_sales":0,"has_location":null,"update_date":"2026-01-30T01:25:24","atum_locations":[],"atum_stock_status":"instock","restock_status":false,"low_stock_amount":"","sales_update_date":"2026-01-30T01:25:24","calc_backorders":null,"_links":{"self":[{"href":"https:\/\/aromasentia.com\/fr\/wp-json\/wp\/v2\/product\/229192","targetHints":{"allow":["GET"]}}],"collection":[{"href":"https:\/\/aromasentia.com\/fr\/wp-json\/wp\/v2\/product"}],"about":[{"href":"https:\/\/aromasentia.com\/fr\/wp-json\/wp\/v2\/types\/product"}],"replies":[{"embeddable":true,"href":"https:\/\/aromasentia.com\/fr\/wp-json\/wp\/v2\/comments?post=229192"}],"version-history":[{"count":0,"href":"https:\/\/aromasentia.com\/fr\/wp-json\/wp\/v2\/product\/229192\/revisions"}],"wp:featuredmedia":[{"embeddable":true,"href":"https:\/\/aromasentia.com\/fr\/wp-json\/wp\/v2\/media\/365838"}],"wp:attachment":[{"href":"https:\/\/aromasentia.com\/fr\/wp-json\/wp\/v2\/media?parent=229192"}],"wp:term":[{"taxonomy":"product_brand","embeddable":true,"href":"https:\/\/aromasentia.com\/fr\/wp-json\/wp\/v2\/product_brand?post=229192"},{"taxonomy":"product_cat","embeddable":true,"href":"https:\/\/aromasentia.com\/fr\/wp-json\/wp\/v2\/product_cat?post=229192"},{"taxonomy":"product_tag","embeddable":true,"href":"https:\/\/aromasentia.com\/fr\/wp-json\/wp\/v2\/product_tag?post=229192"}],"curies":[{"name":"wp","href":"https:\/\/api.w.org\/{rel}","templated":true}]}}