{"id":229132,"date":"2025-03-22T16:05:12","date_gmt":"2025-03-22T16:05:12","guid":{"rendered":"https:\/\/aromasentia.com\/product\/three-stick-flexible-green-white-blue\/"},"modified":"2025-06-23T18:45:13","modified_gmt":"2025-06-23T18:45:13","slug":"carillon-trois-batons-flexibles-vert-blanc-bleu","status":"publish","type":"product","link":"https:\/\/aromasentia.com\/fr\/carillon-trois-batons-flexibles-vert-blanc-bleu\/","title":{"rendered":"Carillon Trois B\u00e2tons Flexibles &#8211; Vert \/ Blanc \/ Bleu"},"content":{"rendered":"<\/p>\n<p>Introduisez la nature \u00e0 l&rsquo;int\u00e9rieur avec ces magnifiques <strong>carillons \u00e9oliens en verre<\/strong>. Fabriqu\u00e9s \u00e0 la main en Indon\u00e9sie par des artisans qualifi\u00e9s \u00e0 partir de verre recycl\u00e9 et de bois flott\u00e9, c&rsquo;est une excellente fa\u00e7on de recycler les d\u00e9chets de verre, et c&rsquo;est aussi un excellent cadeau \u00e9cologique.&nbsp;<\/p>\n<p>Le son du verre est tr\u00e8s d\u00e9licat et charmant, les carillons en verre suspendus produisent un bruit doux et paisible lorsqu&rsquo;ils sont emport\u00e9s par le vent. &nbsp;Beaucoup de gens croient que les carillons \u00e9oliens prot\u00e8gent les environs des mauvais esprits et des \u00e9nergies n\u00e9gatives. Ces <strong>Carillons en bois flott\u00e9<\/strong> sont pr\u00eats \u00e0 \u00eatre suspendus ; vos clients peuvent les utiliser \u00e0 l&rsquo;int\u00e9rieur ou \u00e0 l&rsquo;ext\u00e9rieur. Vous pouvez \u00e9galement cr\u00e9er une pr\u00e9sentation attrayante dans votre magasin avec ces carillons \u00e9oliens, ils aideront \u00e0 attirer les clients dans votre magasin. Vous aimerez peut-\u00eatre aussi <a class=\"fr-green\" href=\"https:\/\/aromasentia.com\/bdc\"><strong>Bali Natural Dream Catchers.<\/strong><\/a><\/p>\n<p><strong>Cadeau \u00e9cologique &#038;ndash ; Art recycl\u00e9 &#038;ndash ; Fait \u00e0 la main &#8211; Pr\u00eat \u00e0 \u00eatre expos\u00e9<\/strong><\/p>\n<p>Dimensions du bois de gr\u00e8ve \u00e0 la base : H:40cm Poids : 700g<\/p>\n<p>Longueur du premier bois de gr\u00e8ve : 20cm &#8211; Deuxi\u00e8me bois de gr\u00e8ve 18cm et troisi\u00e8me 16cm<\/p>\n<p><strong>Faites vos comptes en commandant maintenant &nbsp;<\/strong><\/p>\n","protected":false},"excerpt":{"rendered":"<p>Introduisez la nature \u00e0 l&rsquo;int\u00e9rieur avec ces magnifiques carillons \u00e9oliens en verre. Fabriqu\u00e9s \u00e0 la main en Indon\u00e9sie par des artisans qualifi\u00e9s \u00e0 partir de verre recycl\u00e9 et de bois flott\u00e9, c&rsquo;est une excellente fa\u00e7on de recycler les d\u00e9chets de verre, et c&rsquo;est aussi un excellent cadeau \u00e9cologique.&nbsp; Le son du verre est tr\u00e8s d\u00e9licat [&hellip;]<\/p>\n","protected":false},"featured_media":367528,"comment_status":"closed","ping_status":"open","template":"","meta":{"_angie_page":false},"product_brand":[],"product_cat":[17978,14446],"product_tag":[],"class_list":{"0":"post-229132","1":"product","2":"type-product","3":"status-publish","4":"has-post-thumbnail","6":"product_cat-carillons-eoliens-carillon-a-vent","7":"product_cat-maison-et-jardin","8":"pa_collection-recycled-glass-wind-chimes-fr","9":"pa_made-in-indonesie","11":"first","12":"instock","13":"purchasable","14":"product-type-simple"},"supplier_id":null,"supplier_sku":"GWC-04","barcode":null,"atum_controlled":true,"out_stock_date":null,"out_stock_threshold":null,"inheritable":false,"inbound_stock":null,"stock_on_hold":0,"sold_today":0,"sales_last_days":0,"reserved_stock":null,"customer_returns":null,"warehouse_damage":null,"lost_in_post":null,"other_logs":null,"out_stock_days":0,"lost_sales":0,"has_location":null,"update_date":"2026-05-08T05:10:47","atum_locations":[],"atum_stock_status":"instock","restock_status":false,"low_stock_amount":"","sales_update_date":"2026-01-30T01:24:24","calc_backorders":null,"_links":{"self":[{"href":"https:\/\/aromasentia.com\/fr\/wp-json\/wp\/v2\/product\/229132","targetHints":{"allow":["GET"]}}],"collection":[{"href":"https:\/\/aromasentia.com\/fr\/wp-json\/wp\/v2\/product"}],"about":[{"href":"https:\/\/aromasentia.com\/fr\/wp-json\/wp\/v2\/types\/product"}],"replies":[{"embeddable":true,"href":"https:\/\/aromasentia.com\/fr\/wp-json\/wp\/v2\/comments?post=229132"}],"version-history":[{"count":0,"href":"https:\/\/aromasentia.com\/fr\/wp-json\/wp\/v2\/product\/229132\/revisions"}],"wp:featuredmedia":[{"embeddable":true,"href":"https:\/\/aromasentia.com\/fr\/wp-json\/wp\/v2\/media\/367528"}],"wp:attachment":[{"href":"https:\/\/aromasentia.com\/fr\/wp-json\/wp\/v2\/media?parent=229132"}],"wp:term":[{"taxonomy":"product_brand","embeddable":true,"href":"https:\/\/aromasentia.com\/fr\/wp-json\/wp\/v2\/product_brand?post=229132"},{"taxonomy":"product_cat","embeddable":true,"href":"https:\/\/aromasentia.com\/fr\/wp-json\/wp\/v2\/product_cat?post=229132"},{"taxonomy":"product_tag","embeddable":true,"href":"https:\/\/aromasentia.com\/fr\/wp-json\/wp\/v2\/product_tag?post=229132"}],"curies":[{"name":"wp","href":"https:\/\/api.w.org\/{rel}","templated":true}]}}