{"id":229128,"date":"2025-03-22T16:05:12","date_gmt":"2025-03-22T16:05:12","guid":{"rendered":"https:\/\/aromasentia.com\/product\/three-drop-green-white\/"},"modified":"2025-06-23T18:45:12","modified_gmt":"2025-06-23T18:45:12","slug":"trois-gouttes-vert-blanc","status":"publish","type":"product","link":"https:\/\/aromasentia.com\/fr\/trois-gouttes-vert-blanc\/","title":{"rendered":"Trois Gouttes &#8211; Vert &#038; Blanc"},"content":{"rendered":"<p>Faites sonner vos espaces avec ces magnifiques carillons en verre. Fabriqu\u00e9 \u00e0 la main en Indon\u00e9sie par des artisans qualifi\u00e9s \u00e0 partir de verre recycl\u00e9 et de bois flott\u00e9, un excellent moyen de recycler le verre usag\u00e9 et \u00e9galement un cadeau pratique et respectueux de l&rsquo;environnement. Le son du verre est tr\u00e8s doux et charmant, les \u00e9clats de verre suspendus cr\u00e9ent un tintement doux et paisible, Vous pouvez facilement accrocher ces carillons en verre de bois flott\u00e9 ; Convient pour l&rsquo;int\u00e9rieur ou l&rsquo;ext\u00e9rieur<\/p>\n","protected":false},"excerpt":{"rendered":"<p>Faites sonner vos espaces avec ces magnifiques carillons en verre. Fabriqu\u00e9 \u00e0 la main en Indon\u00e9sie par des artisans qualifi\u00e9s \u00e0 partir de verre recycl\u00e9 et de bois flott\u00e9, un excellent moyen de recycler le verre usag\u00e9 et \u00e9galement un cadeau pratique et respectueux de l&rsquo;environnement. Le son du verre est tr\u00e8s doux et charmant, [&hellip;]<\/p>\n","protected":false},"featured_media":367519,"comment_status":"closed","ping_status":"open","template":"","meta":{"_angie_page":false},"product_brand":[],"product_cat":[17978,14446],"product_tag":[],"class_list":{"0":"post-229128","1":"product","2":"type-product","3":"status-publish","4":"has-post-thumbnail","6":"product_cat-carillons-eoliens-carillon-a-vent","7":"product_cat-maison-et-jardin","8":"pa_collection-recycled-glass-wind-chimes-fr","9":"pa_made-in-indonesie","11":"first","12":"instock","13":"purchasable","14":"product-type-simple"},"supplier_id":null,"supplier_sku":"GWC-12","barcode":null,"atum_controlled":true,"out_stock_date":null,"out_stock_threshold":null,"inheritable":false,"inbound_stock":null,"stock_on_hold":0,"sold_today":0,"sales_last_days":0,"reserved_stock":null,"customer_returns":null,"warehouse_damage":null,"lost_in_post":null,"other_logs":null,"out_stock_days":0,"lost_sales":0,"has_location":null,"update_date":"2026-05-08T05:10:47","atum_locations":[],"atum_stock_status":"instock","restock_status":false,"low_stock_amount":"","sales_update_date":"2026-01-30T01:25:42","calc_backorders":null,"_links":{"self":[{"href":"https:\/\/aromasentia.com\/fr\/wp-json\/wp\/v2\/product\/229128","targetHints":{"allow":["GET"]}}],"collection":[{"href":"https:\/\/aromasentia.com\/fr\/wp-json\/wp\/v2\/product"}],"about":[{"href":"https:\/\/aromasentia.com\/fr\/wp-json\/wp\/v2\/types\/product"}],"replies":[{"embeddable":true,"href":"https:\/\/aromasentia.com\/fr\/wp-json\/wp\/v2\/comments?post=229128"}],"version-history":[{"count":0,"href":"https:\/\/aromasentia.com\/fr\/wp-json\/wp\/v2\/product\/229128\/revisions"}],"wp:featuredmedia":[{"embeddable":true,"href":"https:\/\/aromasentia.com\/fr\/wp-json\/wp\/v2\/media\/367519"}],"wp:attachment":[{"href":"https:\/\/aromasentia.com\/fr\/wp-json\/wp\/v2\/media?parent=229128"}],"wp:term":[{"taxonomy":"product_brand","embeddable":true,"href":"https:\/\/aromasentia.com\/fr\/wp-json\/wp\/v2\/product_brand?post=229128"},{"taxonomy":"product_cat","embeddable":true,"href":"https:\/\/aromasentia.com\/fr\/wp-json\/wp\/v2\/product_cat?post=229128"},{"taxonomy":"product_tag","embeddable":true,"href":"https:\/\/aromasentia.com\/fr\/wp-json\/wp\/v2\/product_tag?post=229128"}],"curies":[{"name":"wp","href":"https:\/\/api.w.org\/{rel}","templated":true}]}}