{"id":229084,"date":"2025-03-22T16:05:12","date_gmt":"2025-03-22T16:05:12","guid":{"rendered":"https:\/\/aromasentia.com\/product\/lrg-glass-vase-terarium-inside-dark-tung-wood-18x5x32cm\/"},"modified":"2025-06-23T18:45:05","modified_gmt":"2025-06-23T18:45:05","slug":"grand-vase-en-verre-support-en-bois-de-tung-fonce-18x5x32cm","status":"publish","type":"product","link":"https:\/\/aromasentia.com\/fr\/grand-vase-en-verre-support-en-bois-de-tung-fonce-18x5x32cm\/","title":{"rendered":"Grand Vase en verre \/ Support en Bois de Tung Fonc\u00e9 &#8211; 18x5x32cm"},"content":{"rendered":"<p>D\u00e9couvrez notre superbe Grand Vase en Verre, accompagn\u00e9 d&rsquo;un Support en Bois de Tung Fonc\u00e9 <strong>mesurant 18 cm de longueur, 5 cm de largeur et 32 cm de hauteur.&nbsp;<\/strong><\/p>\n<p>Parfait pour sublimer votre int\u00e9rieur avec \u00e9l\u00e9gance, ce vase allie esth\u00e9tique moderne et fonctionnalit\u00e9.&nbsp;<\/p>\n<p>Id\u00e9al pour mettre en valeur des arrangements floraux ou artistiques, il constitue \u00e9galement un cadeau raffin\u00e9.&nbsp;<\/p>\n<p>N&rsquo;h\u00e9sitez pas \u00e0 enrichir votre collection et proposer cette pi\u00e8ce unique \u00e0 vos clients pour ajouter une touche de sophistication \u00e0 leur d\u00e9coration.<\/p>\n<p><strong><span style=\"color: rgb(141, 186, 216);\">Commandez d\u00e8s maintenant et offrez \u00e0 vos clients une d\u00e9coration moderne et raffin\u00e9e &nbsp;!<\/span><\/strong><\/p>\n","protected":false},"excerpt":{"rendered":"<p>D\u00e9couvrez notre superbe Grand Vase en Verre, accompagn\u00e9 d&rsquo;un Support en Bois de Tung Fonc\u00e9 mesurant 18 cm de longueur, 5 cm de largeur et 32 cm de hauteur.&nbsp; Parfait pour sublimer votre int\u00e9rieur avec \u00e9l\u00e9gance, ce vase allie esth\u00e9tique moderne et fonctionnalit\u00e9.&nbsp; Id\u00e9al pour mettre en valeur des arrangements floraux ou artistiques, il constitue [&hellip;]<\/p>\n","protected":false},"featured_media":367356,"comment_status":"closed","ping_status":"open","template":"","meta":{"_angie_page":false},"product_brand":[],"product_cat":[17574,14446],"product_tag":[],"class_list":{"0":"post-229084","1":"product","2":"type-product","3":"status-publish","4":"has-post-thumbnail","6":"product_cat-decoration-du-verre","7":"product_cat-maison-et-jardin","8":"pa_collection-glass-terrariums-fr","9":"pa_made-in-chine","11":"first","12":"instock","13":"purchasable","14":"product-type-simple"},"supplier_id":null,"supplier_sku":"Gter-17","barcode":null,"atum_controlled":true,"out_stock_date":null,"out_stock_threshold":null,"inheritable":false,"inbound_stock":null,"stock_on_hold":0,"sold_today":0,"sales_last_days":0,"reserved_stock":null,"customer_returns":null,"warehouse_damage":null,"lost_in_post":null,"other_logs":null,"out_stock_days":0,"lost_sales":0,"has_location":null,"update_date":"2026-05-08T05:10:47","atum_locations":[],"atum_stock_status":"instock","restock_status":false,"low_stock_amount":"","sales_update_date":"2026-01-30T01:25:29","calc_backorders":null,"_links":{"self":[{"href":"https:\/\/aromasentia.com\/fr\/wp-json\/wp\/v2\/product\/229084","targetHints":{"allow":["GET"]}}],"collection":[{"href":"https:\/\/aromasentia.com\/fr\/wp-json\/wp\/v2\/product"}],"about":[{"href":"https:\/\/aromasentia.com\/fr\/wp-json\/wp\/v2\/types\/product"}],"replies":[{"embeddable":true,"href":"https:\/\/aromasentia.com\/fr\/wp-json\/wp\/v2\/comments?post=229084"}],"version-history":[{"count":0,"href":"https:\/\/aromasentia.com\/fr\/wp-json\/wp\/v2\/product\/229084\/revisions"}],"wp:featuredmedia":[{"embeddable":true,"href":"https:\/\/aromasentia.com\/fr\/wp-json\/wp\/v2\/media\/367356"}],"wp:attachment":[{"href":"https:\/\/aromasentia.com\/fr\/wp-json\/wp\/v2\/media?parent=229084"}],"wp:term":[{"taxonomy":"product_brand","embeddable":true,"href":"https:\/\/aromasentia.com\/fr\/wp-json\/wp\/v2\/product_brand?post=229084"},{"taxonomy":"product_cat","embeddable":true,"href":"https:\/\/aromasentia.com\/fr\/wp-json\/wp\/v2\/product_cat?post=229084"},{"taxonomy":"product_tag","embeddable":true,"href":"https:\/\/aromasentia.com\/fr\/wp-json\/wp\/v2\/product_tag?post=229084"}],"curies":[{"name":"wp","href":"https:\/\/api.w.org\/{rel}","templated":true}]}}