{"id":229068,"date":"2025-03-22T16:05:12","date_gmt":"2025-03-22T16:05:12","guid":{"rendered":"https:\/\/aromasentia.com\/product\/medium-ball-top-terarium-on-dark-tung-wood-17x22cm\/"},"modified":"2025-06-23T18:45:03","modified_gmt":"2025-06-23T18:45:03","slug":"terarium-moyen-bouchon-boule-sur-bois-de-tung-fonce-17x22cm","status":"publish","type":"product","link":"https:\/\/aromasentia.com\/fr\/terarium-moyen-bouchon-boule-sur-bois-de-tung-fonce-17x22cm\/","title":{"rendered":"Terarium Moyen Bouchon Boule sur Bois de Tung Fonc\u00e9 &#8211; 17x22cm"},"content":{"rendered":"<p>D\u00e9couvrez notre terrarium moyen avec bouchon boule, sur un socle en bois de tung fonc\u00e9, <strong>mesurant 17&#215;22 cm. <\/strong><\/p>\n<p>Alliez nature et art avec ce terrarium unique, parfait pour cr\u00e9er des mini-mondes captivants.&nbsp;<\/p>\n<p>Son verre transparent sublime vos compositions v\u00e9g\u00e9tales ou d\u00e9coratives, tandis que le bois de tung fonc\u00e9 ajoute une \u00e9l\u00e9gance intemporelle.&nbsp;<\/p>\n<p>Une pi\u00e8ce ma\u00eetresse pour toute d\u00e9coration int\u00e9rieure, offrant un m\u00e9lange harmonieux de modernit\u00e9 et de naturel.&nbsp;<\/p>\n<p><strong><span style=\"color: rgb(141, 186, 216);\">Faites entrer la magie de la nature dans votre boutique et commandez ce terrarium exceptionnel d\u00e8s aujourd&rsquo;hui !<\/span><\/strong><\/p>\n","protected":false},"excerpt":{"rendered":"<p>D\u00e9couvrez notre terrarium moyen avec bouchon boule, sur un socle en bois de tung fonc\u00e9, mesurant 17&#215;22 cm. Alliez nature et art avec ce terrarium unique, parfait pour cr\u00e9er des mini-mondes captivants.&nbsp; Son verre transparent sublime vos compositions v\u00e9g\u00e9tales ou d\u00e9coratives, tandis que le bois de tung fonc\u00e9 ajoute une \u00e9l\u00e9gance intemporelle.&nbsp; Une pi\u00e8ce ma\u00eetresse [&hellip;]<\/p>\n","protected":false},"featured_media":367232,"comment_status":"closed","ping_status":"open","template":"","meta":{"_angie_page":false},"product_brand":[],"product_cat":[17574,14446],"product_tag":[],"class_list":{"0":"post-229068","1":"product","2":"type-product","3":"status-publish","4":"has-post-thumbnail","6":"product_cat-decoration-du-verre","7":"product_cat-maison-et-jardin","8":"pa_collection-glass-terrariums-fr","9":"pa_made-in-chine","11":"first","12":"instock","13":"purchasable","14":"product-type-simple"},"supplier_id":null,"supplier_sku":"Gter-13","barcode":null,"atum_controlled":true,"out_stock_date":null,"out_stock_threshold":null,"inheritable":false,"inbound_stock":null,"stock_on_hold":0,"sold_today":0,"sales_last_days":0,"reserved_stock":null,"customer_returns":null,"warehouse_damage":null,"lost_in_post":null,"other_logs":null,"out_stock_days":0,"lost_sales":0,"has_location":null,"update_date":"2026-05-08T00:17:18","atum_locations":[],"atum_stock_status":"instock","restock_status":false,"low_stock_amount":"","sales_update_date":"2026-01-30T01:24:52","calc_backorders":null,"_links":{"self":[{"href":"https:\/\/aromasentia.com\/fr\/wp-json\/wp\/v2\/product\/229068","targetHints":{"allow":["GET"]}}],"collection":[{"href":"https:\/\/aromasentia.com\/fr\/wp-json\/wp\/v2\/product"}],"about":[{"href":"https:\/\/aromasentia.com\/fr\/wp-json\/wp\/v2\/types\/product"}],"replies":[{"embeddable":true,"href":"https:\/\/aromasentia.com\/fr\/wp-json\/wp\/v2\/comments?post=229068"}],"version-history":[{"count":0,"href":"https:\/\/aromasentia.com\/fr\/wp-json\/wp\/v2\/product\/229068\/revisions"}],"wp:featuredmedia":[{"embeddable":true,"href":"https:\/\/aromasentia.com\/fr\/wp-json\/wp\/v2\/media\/367232"}],"wp:attachment":[{"href":"https:\/\/aromasentia.com\/fr\/wp-json\/wp\/v2\/media?parent=229068"}],"wp:term":[{"taxonomy":"product_brand","embeddable":true,"href":"https:\/\/aromasentia.com\/fr\/wp-json\/wp\/v2\/product_brand?post=229068"},{"taxonomy":"product_cat","embeddable":true,"href":"https:\/\/aromasentia.com\/fr\/wp-json\/wp\/v2\/product_cat?post=229068"},{"taxonomy":"product_tag","embeddable":true,"href":"https:\/\/aromasentia.com\/fr\/wp-json\/wp\/v2\/product_tag?post=229068"}],"curies":[{"name":"wp","href":"https:\/\/api.w.org\/{rel}","templated":true}]}}