{"id":229024,"date":"2025-03-22T16:05:12","date_gmt":"2025-03-22T16:05:12","guid":{"rendered":"https:\/\/aromasentia.com\/product\/glass-terrarium-large-pyramid\/"},"modified":"2025-06-23T18:44:56","modified_gmt":"2025-06-23T18:44:56","slug":"terrarium-en-verre-grand-pentagone","status":"publish","type":"product","link":"https:\/\/aromasentia.com\/fr\/terrarium-en-verre-grand-pentagone\/","title":{"rendered":"Terrarium en Verre  &#8211; Grand Pentagone"},"content":{"rendered":"<p>Laissez vos clients capturer la nature sous verre et cr\u00e9er de magnifiques mini-art vivant. Con&ccedil;u avec des panneaux de verre et des cadres en laiton robustes.&nbsp;<\/p>\n<p>Emball\u00e9 individuellement en toute s\u00e9curit\u00e9. Parfait pour abriter les succulentes pr\u00e9f\u00e9r\u00e9es, les plantes a\u00e9riennes ou m\u00eame les fausses plantes. Le design g\u00e9om\u00e9trique \u00e9l\u00e9gant ajoute une touche de classe \u00e0 n&rsquo;importe quelle pi\u00e8ce.&nbsp;<\/p>\n<p>De formidables terrariums polyvalents super populaires en ce moment. Vos clients peuvent m\u00eame les utiliser comme bo\u00eetes \u00e0 bijoux ou organisateurs de bijoux. La plupart des formes sont livr\u00e9es avec des cintres sur le dessus permettant \u00e0 vos clients d&rsquo;accrocher des terrariums n&rsquo;importe o\u00f9dans la pi\u00e8ce.&nbsp;<\/p>\n<p><strong><span style=\"color: rgb(75, 80, 88);\">Attention : les tailles peuvent varier. taille : H : 20,5 x L : 14 x 14 cm<\/span><\/strong><\/p>\n","protected":false},"excerpt":{"rendered":"<p>Laissez vos clients capturer la nature sous verre et cr\u00e9er de magnifiques mini-art vivant. Con&ccedil;u avec des panneaux de verre et des cadres en laiton robustes.&nbsp; Emball\u00e9 individuellement en toute s\u00e9curit\u00e9. Parfait pour abriter les succulentes pr\u00e9f\u00e9r\u00e9es, les plantes a\u00e9riennes ou m\u00eame les fausses plantes. Le design g\u00e9om\u00e9trique \u00e9l\u00e9gant ajoute une touche de classe \u00e0 [&hellip;]<\/p>\n","protected":false},"featured_media":366877,"comment_status":"closed","ping_status":"open","template":"","meta":{"_angie_page":false},"product_brand":[],"product_cat":[17574,14446],"product_tag":[],"class_list":{"0":"post-229024","1":"product","2":"type-product","3":"status-publish","4":"has-post-thumbnail","6":"product_cat-decoration-du-verre","7":"product_cat-maison-et-jardin","8":"pa_collection-glass-terrariums-fr","9":"pa_made-in-chine","11":"first","12":"instock","13":"purchasable","14":"product-type-simple"},"supplier_id":null,"supplier_sku":"GTer-02","barcode":null,"atum_controlled":true,"out_stock_date":null,"out_stock_threshold":null,"inheritable":false,"inbound_stock":null,"stock_on_hold":0,"sold_today":0,"sales_last_days":0,"reserved_stock":null,"customer_returns":null,"warehouse_damage":null,"lost_in_post":null,"other_logs":null,"out_stock_days":0,"lost_sales":0,"has_location":null,"update_date":"2026-04-27T07:06:18","atum_locations":[],"atum_stock_status":"instock","restock_status":false,"low_stock_amount":"","sales_update_date":"2026-01-30T01:24:24","calc_backorders":null,"_links":{"self":[{"href":"https:\/\/aromasentia.com\/fr\/wp-json\/wp\/v2\/product\/229024","targetHints":{"allow":["GET"]}}],"collection":[{"href":"https:\/\/aromasentia.com\/fr\/wp-json\/wp\/v2\/product"}],"about":[{"href":"https:\/\/aromasentia.com\/fr\/wp-json\/wp\/v2\/types\/product"}],"replies":[{"embeddable":true,"href":"https:\/\/aromasentia.com\/fr\/wp-json\/wp\/v2\/comments?post=229024"}],"version-history":[{"count":0,"href":"https:\/\/aromasentia.com\/fr\/wp-json\/wp\/v2\/product\/229024\/revisions"}],"wp:featuredmedia":[{"embeddable":true,"href":"https:\/\/aromasentia.com\/fr\/wp-json\/wp\/v2\/media\/366877"}],"wp:attachment":[{"href":"https:\/\/aromasentia.com\/fr\/wp-json\/wp\/v2\/media?parent=229024"}],"wp:term":[{"taxonomy":"product_brand","embeddable":true,"href":"https:\/\/aromasentia.com\/fr\/wp-json\/wp\/v2\/product_brand?post=229024"},{"taxonomy":"product_cat","embeddable":true,"href":"https:\/\/aromasentia.com\/fr\/wp-json\/wp\/v2\/product_cat?post=229024"},{"taxonomy":"product_tag","embeddable":true,"href":"https:\/\/aromasentia.com\/fr\/wp-json\/wp\/v2\/product_tag?post=229024"}],"curies":[{"name":"wp","href":"https:\/\/api.w.org\/{rel}","templated":true}]}}