{"id":229012,"date":"2025-03-22T16:05:12","date_gmt":"2025-03-22T16:05:12","guid":{"rendered":"https:\/\/aromasentia.com\/product\/grand-cadre-en-fer-ganpati-en-relief-dore-antique-07x1m\/"},"modified":"2025-06-23T18:44:54","modified_gmt":"2025-06-23T18:44:54","slug":"grand-cadre-en-ciment-fibre-ganpati-en-relief-dore-antique-07x1m","status":"publish","type":"product","link":"https:\/\/aromasentia.com\/fr\/grand-cadre-en-ciment-fibre-ganpati-en-relief-dore-antique-07x1m\/","title":{"rendered":"Grand Cadre en Ciment Fibr\u00e9 Ganpati en Relief Dor\u00e9 Antique &#8211; 0,7x1m"},"content":{"rendered":"<p><strong>Grand Cadre en Ciment Fibr\u00e9 Ganpati en Relief Dor\u00e9 Antique &#8211; 0,7x1m<\/strong><\/p>\n<p>Il y a des ann\u00e9es, nous vendions ces superbes statues et elles \u00e9taient incroyablement populaires. Cependant, nous avons rencontr\u00e9 des probl\u00e8mes car ils \u00e9taient facilement endommag\u00e9s.&nbsp;<\/p>\n<p>Les temps ont chang\u00e9 et la technologie s\u2019est consid\u00e9rablement am\u00e9lior\u00e9e. Les statues sont d\u00e9sormais plus solides et plus durables tout en restant \u00e9tonnamment l\u00e9g\u00e8res. Ils sont fabriqu\u00e9s avec plus de d\u00e9tails et une finition polie, obtenant un aspect m\u00e9tallique ou pierre r\u00e9aliste. Chaque statue est solidement emball\u00e9e sur des palettes en bois individuelles, envelopp\u00e9es dans du plastique avec un rembourrage en mousse pour plus de protection.&nbsp;<\/p>\n<p>Ces magnifiques pi\u00e8ces sont cr\u00e9\u00e9es dans un vaste atelier artisanal \u00e0 la p\u00e9riph\u00e9rie de Yogyakarta, Java. Des \u00e9quipes d&rsquo;artisans qualifi\u00e9s ont moul\u00e9 une vari\u00e9t\u00e9 de grandes statues en utilisant un m\u00e9lange sp\u00e9cial de b\u00e9ton et de r\u00e9sine fibreuse. Nous sommes heureux d&rsquo;avoir s\u00e9curis\u00e9 la capacit\u00e9 de production pour vous proposer cette gamme exclusive de statues monumentales de Bouddha.&nbsp;<\/p>\n<p>En plus des bouddhas, les artisans fabriquent des chevaux, des \u00e9l\u00e9phants et m\u00eame des dinosaures grandeur nature. Le processus de production est hautement qualifi\u00e9 et comporte plusieurs \u00e9tapes, donnant lieu \u00e0 des \u0153uvres d&rsquo;art vraiment extraordinaires.<\/p>\n<p>Mod\u00e8les disponibles :&nbsp;<\/p>\n<p>\u2705 Enseigner Bouddha sur Lotus &ndash; Symbolisant la sagesse et l\u2019illumination. \u2705 M\u00e9ditation au Stupa &ndash; Tranquillit\u00e9 rayonnante pour une atmosph\u00e8re apaisante.&nbsp;<\/p>\n<p>\u2705 Pose de Bouddha en pri\u00e8re &ndash; Encourage la paix et l&rsquo;harmonie dans votre espace.<\/p>\n<p>&nbsp;\u2705 Cadre en ciment fibr\u00e9 antique en relief &ndash; Avec des d\u00e9tails dor\u00e9s et turquoise exquis, ajoutant une touche artistique divine.&nbsp;<\/p>\n<p>Les reliefs de 1 mx 70 cm ont un cadre en Ciment Fibr\u00e9 robuste et sont con&ccedil;us pour \u00eatre mont\u00e9s contre un mur de jardin, mais ils apportent \u00e9galement une touche remarquable en int\u00e9rieur.<\/p>\n<p>Ces pi\u00e8ces exquises mettent en valeur un savoir-faire complexe et une finition antique patin\u00e9e, renfor&ccedil;ant leur attrait spirituel et artistique. Id\u00e9al pour les maisons, les spas, les salles de m\u00e9ditation et les espaces de vente au d\u00e9tail.&nbsp;<\/p>\n<p><strong>\u00e0 noter : La plupart de ces Bouddhas n\u00e9cessitent une exp\u00e9dition sur palette, ce qui implique une participation aux frais de port.<\/strong><\/p>\n","protected":false},"excerpt":{"rendered":"<p>Grand Cadre en Ciment Fibr\u00e9 Ganpati en Relief Dor\u00e9 Antique &#8211; 0,7x1m Il y a des ann\u00e9es, nous vendions ces superbes statues et elles \u00e9taient incroyablement populaires. Cependant, nous avons rencontr\u00e9 des probl\u00e8mes car ils \u00e9taient facilement endommag\u00e9s.&nbsp; Les temps ont chang\u00e9 et la technologie s\u2019est consid\u00e9rablement am\u00e9lior\u00e9e. Les statues sont d\u00e9sormais plus solides et [&hellip;]<\/p>\n","protected":false},"featured_media":366810,"comment_status":"closed","ping_status":"open","template":"","meta":{"_angie_page":false},"product_brand":[],"product_cat":[14446,16976],"product_tag":[],"class_list":{"0":"post-229012","1":"product","2":"type-product","3":"status-publish","4":"has-post-thumbnail","6":"product_cat-maison-et-jardin","7":"product_cat-statues-et-figurines","8":"pa_collection-extra-large-buddha-statues-fr","9":"pa_made-in-indonesie","11":"first","12":"instock","13":"purchasable","14":"product-type-simple"},"supplier_id":null,"supplier_sku":"GAS-12","barcode":null,"atum_controlled":true,"out_stock_date":null,"out_stock_threshold":null,"inheritable":false,"inbound_stock":null,"stock_on_hold":0,"sold_today":0,"sales_last_days":0,"reserved_stock":null,"customer_returns":null,"warehouse_damage":null,"lost_in_post":null,"other_logs":null,"out_stock_days":0,"lost_sales":0,"has_location":null,"update_date":"2026-04-27T07:04:52","atum_locations":[],"atum_stock_status":"instock","restock_status":false,"low_stock_amount":"","sales_update_date":"2025-09-05T00:28:25","calc_backorders":null,"_links":{"self":[{"href":"https:\/\/aromasentia.com\/fr\/wp-json\/wp\/v2\/product\/229012","targetHints":{"allow":["GET"]}}],"collection":[{"href":"https:\/\/aromasentia.com\/fr\/wp-json\/wp\/v2\/product"}],"about":[{"href":"https:\/\/aromasentia.com\/fr\/wp-json\/wp\/v2\/types\/product"}],"replies":[{"embeddable":true,"href":"https:\/\/aromasentia.com\/fr\/wp-json\/wp\/v2\/comments?post=229012"}],"version-history":[{"count":0,"href":"https:\/\/aromasentia.com\/fr\/wp-json\/wp\/v2\/product\/229012\/revisions"}],"wp:featuredmedia":[{"embeddable":true,"href":"https:\/\/aromasentia.com\/fr\/wp-json\/wp\/v2\/media\/366810"}],"wp:attachment":[{"href":"https:\/\/aromasentia.com\/fr\/wp-json\/wp\/v2\/media?parent=229012"}],"wp:term":[{"taxonomy":"product_brand","embeddable":true,"href":"https:\/\/aromasentia.com\/fr\/wp-json\/wp\/v2\/product_brand?post=229012"},{"taxonomy":"product_cat","embeddable":true,"href":"https:\/\/aromasentia.com\/fr\/wp-json\/wp\/v2\/product_cat?post=229012"},{"taxonomy":"product_tag","embeddable":true,"href":"https:\/\/aromasentia.com\/fr\/wp-json\/wp\/v2\/product_tag?post=229012"}],"curies":[{"name":"wp","href":"https:\/\/api.w.org\/{rel}","templated":true}]}}