{"id":228956,"date":"2025-03-22T16:05:12","date_gmt":"2025-03-22T16:05:12","guid":{"rendered":"https:\/\/aromasentia.com\/product\/6x-felt-flowers-roses-assorted-colours\/"},"modified":"2025-06-23T18:44:46","modified_gmt":"2025-06-23T18:44:46","slug":"fleurs-en-feutrine-roses-couleurs-assorties","status":"publish","type":"product","link":"https:\/\/aromasentia.com\/fr\/fleurs-en-feutrine-roses-couleurs-assorties\/","title":{"rendered":"Fleurs en Feutrine  &#8211; Roses (couleurs assorties)"},"content":{"rendered":"<h1>6x Fleurs en Feutrine &#8211; Roses (Couleurs Assorties)<\/h1>\n<p>Ajoutez une touche de douceur et d&rsquo;\u00e9l\u00e9gance \u00e0 vos cr\u00e9ations ou d\u00e9corations avec ce lot de 6 roses en feutrine.&nbsp;<\/p>\n<p>Propos\u00e9es en couleurs assorties, elles sont id\u00e9ales pour embellir vos projets DIY, personnaliser des cadeaux, ou d\u00e9corer un espace avec charme.&nbsp;<\/p>\n<p>Leur confection artisanale et leur texture d\u00e9licate en font des accessoires uniques et polyvalents.<\/p>\n<p>?<strong>&nbsp;Surprenez vos clients avec ces roses intemporelles &ndash; commandez-les d\u00e8s maintenant et enrichissez votre gamme d\u2019articles d\u00e9coratifs !<\/strong><\/p>\n","protected":false},"excerpt":{"rendered":"<p>6x Fleurs en Feutrine &#8211; Roses (Couleurs Assorties) Ajoutez une touche de douceur et d&rsquo;\u00e9l\u00e9gance \u00e0 vos cr\u00e9ations ou d\u00e9corations avec ce lot de 6 roses en feutrine.&nbsp; Propos\u00e9es en couleurs assorties, elles sont id\u00e9ales pour embellir vos projets DIY, personnaliser des cadeaux, ou d\u00e9corer un espace avec charme.&nbsp; Leur confection artisanale et leur texture [&hellip;]<\/p>\n","protected":false},"featured_media":366508,"comment_status":"closed","ping_status":"open","template":"","meta":{"_angie_page":false},"product_brand":[],"product_cat":[14446],"product_tag":[],"class_list":{"0":"post-228956","1":"product","2":"type-product","3":"status-publish","4":"has-post-thumbnail","6":"product_cat-maison-et-jardin","7":"pa_collection-set-of-6-felt-red-roses-fr","8":"pa_made-in-nepal","10":"first","11":"instock","12":"purchasable","13":"product-type-simple"},"supplier_id":null,"supplier_sku":"FFow-01","barcode":null,"atum_controlled":true,"out_stock_date":null,"out_stock_threshold":null,"inheritable":false,"inbound_stock":null,"stock_on_hold":0,"sold_today":0,"sales_last_days":0,"reserved_stock":null,"customer_returns":null,"warehouse_damage":null,"lost_in_post":null,"other_logs":null,"out_stock_days":0,"lost_sales":0,"has_location":null,"update_date":"2026-04-27T07:02:47","atum_locations":[],"atum_stock_status":"instock","restock_status":false,"low_stock_amount":"","sales_update_date":"2026-01-30T01:24:24","calc_backorders":null,"_links":{"self":[{"href":"https:\/\/aromasentia.com\/fr\/wp-json\/wp\/v2\/product\/228956","targetHints":{"allow":["GET"]}}],"collection":[{"href":"https:\/\/aromasentia.com\/fr\/wp-json\/wp\/v2\/product"}],"about":[{"href":"https:\/\/aromasentia.com\/fr\/wp-json\/wp\/v2\/types\/product"}],"replies":[{"embeddable":true,"href":"https:\/\/aromasentia.com\/fr\/wp-json\/wp\/v2\/comments?post=228956"}],"version-history":[{"count":0,"href":"https:\/\/aromasentia.com\/fr\/wp-json\/wp\/v2\/product\/228956\/revisions"}],"wp:featuredmedia":[{"embeddable":true,"href":"https:\/\/aromasentia.com\/fr\/wp-json\/wp\/v2\/media\/366508"}],"wp:attachment":[{"href":"https:\/\/aromasentia.com\/fr\/wp-json\/wp\/v2\/media?parent=228956"}],"wp:term":[{"taxonomy":"product_brand","embeddable":true,"href":"https:\/\/aromasentia.com\/fr\/wp-json\/wp\/v2\/product_brand?post=228956"},{"taxonomy":"product_cat","embeddable":true,"href":"https:\/\/aromasentia.com\/fr\/wp-json\/wp\/v2\/product_cat?post=228956"},{"taxonomy":"product_tag","embeddable":true,"href":"https:\/\/aromasentia.com\/fr\/wp-json\/wp\/v2\/product_tag?post=228956"}],"curies":[{"name":"wp","href":"https:\/\/api.w.org\/{rel}","templated":true}]}}