{"id":228856,"date":"2025-03-22T16:05:23","date_gmt":"2025-03-22T16:05:23","guid":{"rendered":"https:\/\/aromasentia.com\/product\/inner-cushion-75x50-cm-650gm\/"},"modified":"2025-06-23T18:44:31","modified_gmt":"2025-06-23T18:44:31","slug":"inner-cushion-75x50-cm-650gm","status":"publish","type":"product","link":"https:\/\/aromasentia.com\/fr\/inner-cushion-75x50-cm-650gm\/","title":{"rendered":"Inner Cushion 75&#215;50 cm 650gm"},"content":{"rendered":"<p>Ajoutez un soutien confortable \u00e0 vos coussins rectangulaires avec ce coussin int\u00e9rieur 75&#215;50 cm, d&rsquo;un poids de 650 g. Ce coussin int\u00e9rieur bien rempli est con\u00e7u pour s&rsquo;adapter parfaitement aux housses de coussins de 75 x 50 cm et offre 650 grammes de rembourrage pour un confort et une forme optimaux. Il garantit que vos coussins lombaires d\u00e9coratifs ou vos coussins de traversin sont dodus et accueillants, am\u00e9liorant \u00e0 la fois l&rsquo;esth\u00e9tique et le confort de vos arrangements de si\u00e8ges ou de votre style de lit gr\u00e2ce \u00e0 son soutien souple et r\u00e9silient.<\/p>\n","protected":false},"excerpt":{"rendered":"<p>Ajoutez un soutien confortable \u00e0 vos coussins rectangulaires avec ce coussin int\u00e9rieur 75&#215;50 cm, d&rsquo;un poids de 650 g. Ce coussin int\u00e9rieur bien rempli est con\u00e7u pour s&rsquo;adapter parfaitement aux housses de coussins de 75 x 50 cm et offre 650 grammes de rembourrage pour un confort et une forme optimaux. Il garantit que vos [&hellip;]<\/p>\n","protected":false},"featured_media":369112,"comment_status":"closed","ping_status":"open","template":"","meta":[],"product_brand":[],"product_cat":[17809,14446,16869],"product_tag":[],"class_list":{"0":"post-228856","1":"product","2":"type-product","3":"status-publish","4":"has-post-thumbnail","6":"product_cat-housses-de-coussin","7":"product_cat-maison-et-jardin","8":"product_cat-textiles","9":"pa_collection-inners-for-cushions-fr","10":"pa_made-in-chine","12":"first","13":"instock","14":"purchasable","15":"product-type-simple"},"supplier_id":null,"supplier_sku":"Inner-05DS","barcode":null,"atum_controlled":true,"out_stock_date":null,"out_stock_threshold":null,"inheritable":false,"inbound_stock":null,"stock_on_hold":0,"sold_today":0,"sales_last_days":0,"reserved_stock":null,"customer_returns":null,"warehouse_damage":null,"lost_in_post":null,"other_logs":null,"out_stock_days":0,"lost_sales":0,"has_location":null,"update_date":"2026-01-30T01:25:37","atum_locations":[],"atum_stock_status":"instock","restock_status":false,"low_stock_amount":"","sales_update_date":"2026-01-30T01:25:37","calc_backorders":null,"_links":{"self":[{"href":"https:\/\/aromasentia.com\/fr\/wp-json\/wp\/v2\/product\/228856","targetHints":{"allow":["GET"]}}],"collection":[{"href":"https:\/\/aromasentia.com\/fr\/wp-json\/wp\/v2\/product"}],"about":[{"href":"https:\/\/aromasentia.com\/fr\/wp-json\/wp\/v2\/types\/product"}],"replies":[{"embeddable":true,"href":"https:\/\/aromasentia.com\/fr\/wp-json\/wp\/v2\/comments?post=228856"}],"version-history":[{"count":0,"href":"https:\/\/aromasentia.com\/fr\/wp-json\/wp\/v2\/product\/228856\/revisions"}],"wp:featuredmedia":[{"embeddable":true,"href":"https:\/\/aromasentia.com\/fr\/wp-json\/wp\/v2\/media\/369112"}],"wp:attachment":[{"href":"https:\/\/aromasentia.com\/fr\/wp-json\/wp\/v2\/media?parent=228856"}],"wp:term":[{"taxonomy":"product_brand","embeddable":true,"href":"https:\/\/aromasentia.com\/fr\/wp-json\/wp\/v2\/product_brand?post=228856"},{"taxonomy":"product_cat","embeddable":true,"href":"https:\/\/aromasentia.com\/fr\/wp-json\/wp\/v2\/product_cat?post=228856"},{"taxonomy":"product_tag","embeddable":true,"href":"https:\/\/aromasentia.com\/fr\/wp-json\/wp\/v2\/product_tag?post=228856"}],"curies":[{"name":"wp","href":"https:\/\/api.w.org\/{rel}","templated":true}]}}