{"id":228784,"date":"2025-03-22T16:05:23","date_gmt":"2025-03-22T16:05:23","guid":{"rendered":"https:\/\/aromasentia.com\/product\/indian-chimes-med-tree-of-life-chakra-beads-5-bells-10x36cm\/"},"modified":"2025-06-23T18:44:21","modified_gmt":"2025-06-23T18:44:21","slug":"carillons-indiens-arbre-de-vie-moyen-perles-chakra-5-cloches-10x36cm","status":"publish","type":"product","link":"https:\/\/aromasentia.com\/fr\/carillons-indiens-arbre-de-vie-moyen-perles-chakra-5-cloches-10x36cm\/","title":{"rendered":"Carillons Indiens &#8211; Arbre de Vie Moyen &#8211; Perles Chakra 5 Cloches &#8211; 10x36cm"},"content":{"rendered":"<p>Apportez une touche d\u2019harmonie spirituelle et d\u2019\u00e9nergie vibrante \u00e0 votre gamme avec le<strong>&nbsp;Carillon Moyen Arbre de Vie et Perles Chakra<\/strong>.&nbsp;<\/p>\n<p>Fabriqu\u00e9 en Inde, ce carillon de 36 cm pr\u00e9sente un motif d&rsquo;Arbre de Vie grav\u00e9 sur un m\u00e9daillon en laiton. Orn\u00e9 de perles chakra, symbolisant les sept centres \u00e9nerg\u00e9tiques, il est compl\u00e9t\u00e9 par cinq clochettes dor\u00e9es qui diffusent des sons doux et apaisants au gr\u00e9 du vent.&nbsp;<\/p>\n<p>Id\u00e9al pour les d\u00e9taillants sp\u00e9cialis\u00e9s dans la d\u00e9coration spirituelle ou de bien-\u00eatre, ce carillon attire les clients souhaitant enrichir l\u2019\u00e9nergie de leur espace et favoriser l\u2019\u00e9quilibre et la s\u00e9r\u00e9nit\u00e9.&nbsp;<\/p>\n<p>Adapt\u00e9 pour l\u2019int\u00e9rieur comme pour l\u2019ext\u00e9rieur, cet article apporte une touche color\u00e9e et paisible \u00e0 tout environnement.&nbsp;<\/p>\n<p><strong>Ajoutez-le \u00e0 votre catalogue pour s\u00e9duire les clients en qu\u00eate d\u2019harmonie et de bien-\u00eatre!<\/strong><\/p>\n","protected":false},"excerpt":{"rendered":"<p>Apportez une touche d\u2019harmonie spirituelle et d\u2019\u00e9nergie vibrante \u00e0 votre gamme avec le&nbsp;Carillon Moyen Arbre de Vie et Perles Chakra.&nbsp; Fabriqu\u00e9 en Inde, ce carillon de 36 cm pr\u00e9sente un motif d&rsquo;Arbre de Vie grav\u00e9 sur un m\u00e9daillon en laiton. Orn\u00e9 de perles chakra, symbolisant les sept centres \u00e9nerg\u00e9tiques, il est compl\u00e9t\u00e9 par cinq clochettes [&hellip;]<\/p>\n","protected":false},"featured_media":368918,"comment_status":"closed","ping_status":"open","template":"","meta":[],"product_brand":[],"product_cat":[17978,14446],"product_tag":[],"class_list":{"0":"post-228784","1":"product","2":"type-product","3":"status-publish","4":"has-post-thumbnail","6":"product_cat-carillons-eoliens-carillon-a-vent","7":"product_cat-maison-et-jardin","8":"pa_collection-indian-chimes-fr","9":"pa_made-in-inde","11":"first","12":"instock","13":"purchasable","14":"product-type-simple"},"supplier_id":null,"supplier_sku":"INDBC-06","barcode":null,"atum_controlled":true,"out_stock_date":null,"out_stock_threshold":null,"inheritable":false,"inbound_stock":null,"stock_on_hold":0,"sold_today":0,"sales_last_days":0,"reserved_stock":null,"customer_returns":null,"warehouse_damage":null,"lost_in_post":null,"other_logs":null,"out_stock_days":0,"lost_sales":0,"has_location":null,"update_date":"2026-01-30T01:24:47","atum_locations":[],"atum_stock_status":"instock","restock_status":false,"low_stock_amount":"","sales_update_date":"2026-01-30T01:24:47","calc_backorders":null,"_links":{"self":[{"href":"https:\/\/aromasentia.com\/fr\/wp-json\/wp\/v2\/product\/228784","targetHints":{"allow":["GET"]}}],"collection":[{"href":"https:\/\/aromasentia.com\/fr\/wp-json\/wp\/v2\/product"}],"about":[{"href":"https:\/\/aromasentia.com\/fr\/wp-json\/wp\/v2\/types\/product"}],"replies":[{"embeddable":true,"href":"https:\/\/aromasentia.com\/fr\/wp-json\/wp\/v2\/comments?post=228784"}],"version-history":[{"count":0,"href":"https:\/\/aromasentia.com\/fr\/wp-json\/wp\/v2\/product\/228784\/revisions"}],"wp:featuredmedia":[{"embeddable":true,"href":"https:\/\/aromasentia.com\/fr\/wp-json\/wp\/v2\/media\/368918"}],"wp:attachment":[{"href":"https:\/\/aromasentia.com\/fr\/wp-json\/wp\/v2\/media?parent=228784"}],"wp:term":[{"taxonomy":"product_brand","embeddable":true,"href":"https:\/\/aromasentia.com\/fr\/wp-json\/wp\/v2\/product_brand?post=228784"},{"taxonomy":"product_cat","embeddable":true,"href":"https:\/\/aromasentia.com\/fr\/wp-json\/wp\/v2\/product_cat?post=228784"},{"taxonomy":"product_tag","embeddable":true,"href":"https:\/\/aromasentia.com\/fr\/wp-json\/wp\/v2\/product_tag?post=228784"}],"curies":[{"name":"wp","href":"https:\/\/api.w.org\/{rel}","templated":true}]}}