{"id":228768,"date":"2025-03-22T16:05:23","date_gmt":"2025-03-22T16:05:23","guid":{"rendered":"https:\/\/aromasentia.com\/product\/100-cotton-yoga-rug-60x200cm-7-chakras\/"},"modified":"2025-06-23T18:44:19","modified_gmt":"2025-06-23T18:44:19","slug":"tapis-de-yoga-100-coton-60x200cm-7-chakras","status":"publish","type":"product","link":"https:\/\/aromasentia.com\/fr\/tapis-de-yoga-100-coton-60x200cm-7-chakras\/","title":{"rendered":"Tapis de Yoga 100% Coton &#8211; 60x200cm &#8211; 7 Chakras"},"content":{"rendered":"<p>D\u00e9couvrez notre vente en gros de <strong><span style=\"color: rgb(75, 80, 88);\">Tapis de yoga 100 % coton<\/span><\/strong> avec motif de chakra&nbsp;<\/p>\n<p>Bienvenue dans notre exquise collection de tapis de yoga 100 % coton, fabriqu\u00e9s et s\u00e9rigraphi\u00e9s avec amour au c\u0153ur vibrant de l&rsquo;Inde. Ces tapis polyvalents, mesurant 60&#215;200 cm, sont non seulement parfaits pour votre pratique du yoga, mais constituent \u00e9galement de superbes d\u00e9corations murales.&nbsp;<\/p>\n<p>Laissez-nous vous pr\u00e9senter la beaut\u00e9 et la fonctionnalit\u00e9 de nos tapis de yoga.&nbsp;<\/p>\n<p><strong><span style=\"color: rgb(75, 80, 88);\">Caract\u00e9ristiques du tapis de yoga :<\/span><\/strong> Coton de qualit\u00e9 sup\u00e9rieure : Fabriqu\u00e9s \u00e0 partir de 100 % de coton pur, nos tapis de yoga sont non seulement \u00e9cologiques, mais aussi incroyablement doux et confortables. Ce mat\u00e9riau naturel est id\u00e9al pour absorber la transpiration et fournir une surface antid\u00e9rapante pour votre pratique du yoga.&nbsp;<\/p>\n<p><strong><span style=\"color: rgb(75, 80, 88);\">Design Chakra :<\/span><\/strong> Chaque tapis est orn\u00e9 d&rsquo;un motif de chakra envo\u00fbtant, soigneusement s\u00e9rigraphi\u00e9 par des artisans qualifi\u00e9s. Les symboles des chakras ajoutent une dimension spirituelle \u00e0 votre pratique, en alignant vos centres d&rsquo;\u00e9nergie et en am\u00e9liorant votre vigilance.&nbsp;<\/p>\n<p><strong><span style=\"color: rgb(75, 80, 88);\">Fabriqu\u00e9 \u00e0 la main en Inde :&nbsp;<\/span><\/strong>Nous sommes fiers de la qualit\u00e9 artistique et artisanale de chacun de nos tapis de yoga. Des artisans qualifi\u00e9s en Inde fabriquent ces tapis \u00e0 la main avec pr\u00e9cision et soin, garantissant que chaque pi\u00e8ce est unique et de la plus haute qualit\u00e9.&nbsp;<\/p>\n<p><strong><span style=\"color: rgb(75, 80, 88);\">Taille polyvalente :<\/span><\/strong> Mesurant 60&#215;200 cm, nos tapis de yoga offrent suffisamment d&rsquo;espace pour votre pratique.&nbsp;<\/p>\n<p>Disposez-les dans votre studio de yoga, dans votre espace de m\u00e9ditation, ou utilisez-les comme compl\u00e9ment confortable \u00e0 votre d\u00e9coration int\u00e9rieure.&nbsp;<\/p>\n<p><strong><span style=\"color: rgb(75, 80, 88);\">Utilisation polyvalente :<\/span><\/strong> au-del\u00e0 du yoga, ces tapis sont de superbes d\u00e9corations murales. Accrochez-les dans votre maison ou votre studio pour insuffler \u00e0 votre espace l&rsquo;\u00e9nergie spirituelle des symboles de chakra et les couleurs vibrantes de l&rsquo;Inde.&nbsp;<\/p>\n<p>Am\u00e9liorez votre studio de yoga, votre boutique ou votre collection de d\u00e9coration int\u00e9rieure avec nos tapis de yoga en gros 100 % coton avec motif chakra. Profitez de la beaut\u00e9, de la qualit\u00e9 et de la signification spirituelle de ces cr\u00e9ations uniques, fabriqu\u00e9es \u00e0 la main en Inde.&nbsp;<\/p>\n<p><strong><span style=\"color: rgb(141, 186, 216);\">Contactez-nous d\u00e8s aujourd&rsquo;hui pour passer votre commande en gros et profiter de cette incroyable opportunit\u00e9 d&rsquo;offrir \u00e0 vos clients quelque chose de vraiment sp\u00e9cial.&nbsp;<\/span><\/strong><\/p>\n<p><strong><span style=\"color: rgb(141, 186, 216);\">Namaste.<\/span><\/strong><\/p>\n","protected":false},"excerpt":{"rendered":"<p>D\u00e9couvrez notre vente en gros de Tapis de yoga 100 % coton avec motif de chakra&nbsp; Bienvenue dans notre exquise collection de tapis de yoga 100 % coton, fabriqu\u00e9s et s\u00e9rigraphi\u00e9s avec amour au c\u0153ur vibrant de l&rsquo;Inde. Ces tapis polyvalents, mesurant 60&#215;200 cm, sont non seulement parfaits pour votre pratique du yoga, mais constituent [&hellip;]<\/p>\n","protected":false},"featured_media":368778,"comment_status":"closed","ping_status":"open","template":"","meta":{"_angie_page":false},"product_brand":[],"product_cat":[14446,16868,16869],"product_tag":[],"class_list":{"0":"post-228768","1":"product","2":"type-product","3":"status-publish","4":"has-post-thumbnail","6":"product_cat-maison-et-jardin","7":"product_cat-tapis","8":"product_cat-textiles","9":"pa_collection-indian-cotton-rug-fr","10":"pa_made-in-inde","12":"first","13":"outofstock","14":"purchasable","15":"product-type-simple"},"supplier_id":null,"supplier_sku":"ICR-07","barcode":null,"atum_controlled":true,"out_stock_date":"2025-09-05 00:13:52","out_stock_threshold":null,"inheritable":false,"inbound_stock":null,"stock_on_hold":0,"sold_today":0,"sales_last_days":0,"reserved_stock":null,"customer_returns":null,"warehouse_damage":null,"lost_in_post":null,"other_logs":null,"out_stock_days":0,"lost_sales":0,"has_location":null,"update_date":"2026-04-27T07:08:29","atum_locations":[],"atum_stock_status":"outofstock","restock_status":false,"low_stock_amount":"","sales_update_date":"2025-09-04T00:28:43","calc_backorders":null,"_links":{"self":[{"href":"https:\/\/aromasentia.com\/fr\/wp-json\/wp\/v2\/product\/228768","targetHints":{"allow":["GET"]}}],"collection":[{"href":"https:\/\/aromasentia.com\/fr\/wp-json\/wp\/v2\/product"}],"about":[{"href":"https:\/\/aromasentia.com\/fr\/wp-json\/wp\/v2\/types\/product"}],"replies":[{"embeddable":true,"href":"https:\/\/aromasentia.com\/fr\/wp-json\/wp\/v2\/comments?post=228768"}],"version-history":[{"count":0,"href":"https:\/\/aromasentia.com\/fr\/wp-json\/wp\/v2\/product\/228768\/revisions"}],"wp:featuredmedia":[{"embeddable":true,"href":"https:\/\/aromasentia.com\/fr\/wp-json\/wp\/v2\/media\/368778"}],"wp:attachment":[{"href":"https:\/\/aromasentia.com\/fr\/wp-json\/wp\/v2\/media?parent=228768"}],"wp:term":[{"taxonomy":"product_brand","embeddable":true,"href":"https:\/\/aromasentia.com\/fr\/wp-json\/wp\/v2\/product_brand?post=228768"},{"taxonomy":"product_cat","embeddable":true,"href":"https:\/\/aromasentia.com\/fr\/wp-json\/wp\/v2\/product_cat?post=228768"},{"taxonomy":"product_tag","embeddable":true,"href":"https:\/\/aromasentia.com\/fr\/wp-json\/wp\/v2\/product_tag?post=228768"}],"curies":[{"name":"wp","href":"https:\/\/api.w.org\/{rel}","templated":true}]}}