{"id":228764,"date":"2025-03-22T16:05:23","date_gmt":"2025-03-22T16:05:23","guid":{"rendered":"https:\/\/aromasentia.com\/product\/indian-cotton-rug-70x170cm-blue-green\/"},"modified":"2025-06-23T18:44:18","modified_gmt":"2025-06-23T18:44:18","slug":"tapis-indien-en-coton-70x170cm-bleu-vert","status":"publish","type":"product","link":"https:\/\/aromasentia.com\/fr\/tapis-indien-en-coton-70x170cm-bleu-vert\/","title":{"rendered":"Tapis Indien en Coton &#8211; 70x170cm &#8211; Bleu\/ Vert"},"content":{"rendered":"<p><strong><span style=\"color: rgb(75, 80, 88);\">Le Tapis Indien en coton &#8211; Bleu &amp; Vert<\/span><\/strong> de la taille d&rsquo;un tapis de yoga est id\u00e9al pour les couloirs, les salles de bains, la d\u00e9coration int\u00e9rieure ou le yoga.&nbsp;<\/p>\n<p>Fabriqu\u00e9 avec du coton 100% indien par une entreprise familiale \u00e0 Panipat. Cette petite ville, au nord de Delhi, est connue des tisserands et c\u00e9l\u00e8bre pour ses textiles artisanaux. Gr\u00e2ce \u00e0 sa couleur neutre, il peut \u00eatre facilement assorti \u00e0 l&rsquo;int\u00e9rieur. Les tapis en coton indien sont connus pour leur durabilit\u00e9 et leur douceur. Tr\u00e8s agr\u00e9ables pour les pieds, ils apporteront du confort \u00e0 tous les membres de la maisonn\u00e9e<em>.&nbsp;<\/em><\/p>\n<p><em>Taille : 170x70cm<\/em><\/p>\n","protected":false},"excerpt":{"rendered":"<p>Le Tapis Indien en coton &#8211; Bleu &amp; Vert de la taille d&rsquo;un tapis de yoga est id\u00e9al pour les couloirs, les salles de bains, la d\u00e9coration int\u00e9rieure ou le yoga.&nbsp; Fabriqu\u00e9 avec du coton 100% indien par une entreprise familiale \u00e0 Panipat. Cette petite ville, au nord de Delhi, est connue des tisserands et [&hellip;]<\/p>\n","protected":false},"featured_media":368769,"comment_status":"closed","ping_status":"open","template":"","meta":{"_angie_page":false},"product_brand":[],"product_cat":[14446,16868,16869],"product_tag":[],"class_list":{"0":"post-228764","1":"product","2":"type-product","3":"status-publish","4":"has-post-thumbnail","6":"product_cat-maison-et-jardin","7":"product_cat-tapis","8":"product_cat-textiles","9":"pa_collection-indian-cotton-rug-fr","10":"pa_made-in-inde","12":"first","13":"instock","14":"purchasable","15":"product-type-simple"},"supplier_id":null,"supplier_sku":"ICR-06","barcode":null,"atum_controlled":true,"out_stock_date":null,"out_stock_threshold":null,"inheritable":false,"inbound_stock":null,"stock_on_hold":0,"sold_today":0,"sales_last_days":0,"reserved_stock":null,"customer_returns":null,"warehouse_damage":null,"lost_in_post":null,"other_logs":null,"out_stock_days":0,"lost_sales":0,"has_location":null,"update_date":"2026-04-27T07:08:29","atum_locations":[],"atum_stock_status":"instock","restock_status":false,"low_stock_amount":"","sales_update_date":"2026-01-30T01:26:09","calc_backorders":null,"_links":{"self":[{"href":"https:\/\/aromasentia.com\/fr\/wp-json\/wp\/v2\/product\/228764","targetHints":{"allow":["GET"]}}],"collection":[{"href":"https:\/\/aromasentia.com\/fr\/wp-json\/wp\/v2\/product"}],"about":[{"href":"https:\/\/aromasentia.com\/fr\/wp-json\/wp\/v2\/types\/product"}],"replies":[{"embeddable":true,"href":"https:\/\/aromasentia.com\/fr\/wp-json\/wp\/v2\/comments?post=228764"}],"version-history":[{"count":0,"href":"https:\/\/aromasentia.com\/fr\/wp-json\/wp\/v2\/product\/228764\/revisions"}],"wp:featuredmedia":[{"embeddable":true,"href":"https:\/\/aromasentia.com\/fr\/wp-json\/wp\/v2\/media\/368769"}],"wp:attachment":[{"href":"https:\/\/aromasentia.com\/fr\/wp-json\/wp\/v2\/media?parent=228764"}],"wp:term":[{"taxonomy":"product_brand","embeddable":true,"href":"https:\/\/aromasentia.com\/fr\/wp-json\/wp\/v2\/product_brand?post=228764"},{"taxonomy":"product_cat","embeddable":true,"href":"https:\/\/aromasentia.com\/fr\/wp-json\/wp\/v2\/product_cat?post=228764"},{"taxonomy":"product_tag","embeddable":true,"href":"https:\/\/aromasentia.com\/fr\/wp-json\/wp\/v2\/product_tag?post=228764"}],"curies":[{"name":"wp","href":"https:\/\/api.w.org\/{rel}","templated":true}]}}