{"id":228716,"date":"2025-03-22T16:05:23","date_gmt":"2025-03-22T16:05:23","guid":{"rendered":"https:\/\/aromasentia.com\/product\/albasia-wood-fish-stand-turquoise\/"},"modified":"2025-12-30T19:16:58","modified_gmt":"2025-12-30T19:16:58","slug":"support-pour-plante-forme-poisson-en-bois-albesia-turquoise","status":"publish","type":"product","link":"https:\/\/aromasentia.com\/fr\/support-pour-plante-forme-poisson-en-bois-albesia-turquoise\/","title":{"rendered":"Support pour Plante Forme Poisson en Bois Alb\u00e9sia &#8211; Turquoise"},"content":{"rendered":"<p>Les supports pour plantes en gros sont fabriqu\u00e9s \u00e0 partir de bois v\u00e9ritable \u00e0 100% d&rsquo;Albesia soigneusement s\u00e9lectionn\u00e9 pour vous offrir un meuble unique qui se d\u00e9marque partout o\u00f9vous le placez. Les supports sont coup\u00e9s \u00e0 la main, ponc\u00e9s \u00e0 la main, peints \u00e0 la main en utilisant la meilleure teinture par des artisans indon\u00e9siens \u00e0 Bali. De belles couleurs vives avec une finition vieillie donneront un plus grand choix \u00e0 vos clients, l&#8217;emballage \u00e0 plat permet d&rsquo;\u00e9conomiser de l&rsquo;espace lorsqu&rsquo;il est stock\u00e9 ou non utilis\u00e9.&nbsp;<\/p>\n<p><strong>Laissez vos clients cr\u00e9er un petit coin de plantes indon\u00e9siennes et commandez d\u00e8s aujourd&rsquo;hui !<\/strong><\/p>\n","protected":false},"excerpt":{"rendered":"<p>Les supports pour plantes en gros sont fabriqu\u00e9s \u00e0 partir de bois v\u00e9ritable \u00e0 100% d&rsquo;Albesia soigneusement s\u00e9lectionn\u00e9 pour vous offrir un meuble unique qui se d\u00e9marque partout o\u00f9vous le placez. Les supports sont coup\u00e9s \u00e0 la main, ponc\u00e9s \u00e0 la main, peints \u00e0 la main en utilisant la meilleure teinture par des artisans indon\u00e9siens [&hellip;]<\/p>\n","protected":false},"featured_media":368317,"comment_status":"closed","ping_status":"open","template":"","meta":{"_angie_page":false},"product_brand":[],"product_cat":[14446,16880],"product_tag":[],"class_list":{"0":"post-228716","1":"product","2":"type-product","3":"status-publish","4":"has-post-thumbnail","6":"product_cat-maison-et-jardin","7":"product_cat-meubles","8":"pa_collection-albasia-wooden-plant-stands-fr","9":"pa_made-in-indonesie","11":"first","12":"instock","13":"purchasable","14":"product-type-simple"},"supplier_id":null,"supplier_sku":"HPS-07","barcode":null,"atum_controlled":true,"out_stock_date":null,"out_stock_threshold":null,"inheritable":false,"inbound_stock":null,"stock_on_hold":0,"sold_today":0,"sales_last_days":0,"reserved_stock":null,"customer_returns":null,"warehouse_damage":null,"lost_in_post":null,"other_logs":null,"out_stock_days":0,"lost_sales":0,"has_location":null,"update_date":"2026-04-27T07:07:58","atum_locations":[],"atum_stock_status":"instock","restock_status":false,"low_stock_amount":"","sales_update_date":"2026-02-06T00:02:28","calc_backorders":null,"_links":{"self":[{"href":"https:\/\/aromasentia.com\/fr\/wp-json\/wp\/v2\/product\/228716","targetHints":{"allow":["GET"]}}],"collection":[{"href":"https:\/\/aromasentia.com\/fr\/wp-json\/wp\/v2\/product"}],"about":[{"href":"https:\/\/aromasentia.com\/fr\/wp-json\/wp\/v2\/types\/product"}],"replies":[{"embeddable":true,"href":"https:\/\/aromasentia.com\/fr\/wp-json\/wp\/v2\/comments?post=228716"}],"version-history":[{"count":0,"href":"https:\/\/aromasentia.com\/fr\/wp-json\/wp\/v2\/product\/228716\/revisions"}],"wp:featuredmedia":[{"embeddable":true,"href":"https:\/\/aromasentia.com\/fr\/wp-json\/wp\/v2\/media\/368317"}],"wp:attachment":[{"href":"https:\/\/aromasentia.com\/fr\/wp-json\/wp\/v2\/media?parent=228716"}],"wp:term":[{"taxonomy":"product_brand","embeddable":true,"href":"https:\/\/aromasentia.com\/fr\/wp-json\/wp\/v2\/product_brand?post=228716"},{"taxonomy":"product_cat","embeddable":true,"href":"https:\/\/aromasentia.com\/fr\/wp-json\/wp\/v2\/product_cat?post=228716"},{"taxonomy":"product_tag","embeddable":true,"href":"https:\/\/aromasentia.com\/fr\/wp-json\/wp\/v2\/product_tag?post=228716"}],"curies":[{"name":"wp","href":"https:\/\/api.w.org\/{rel}","templated":true}]}}