{"id":228684,"date":"2025-03-22T16:05:23","date_gmt":"2025-03-22T16:05:23","guid":{"rendered":"https:\/\/aromasentia.com\/product\/handmade-indigo-runner-170x60cm-heerak-patern\/"},"modified":"2025-12-30T19:16:51","modified_gmt":"2025-12-30T19:16:51","slug":"jete-de-canape-lit-indigo-fait-main-170x60cm-heerak-patern","status":"publish","type":"product","link":"https:\/\/aromasentia.com\/fr\/jete-de-canape-lit-indigo-fait-main-170x60cm-heerak-patern\/","title":{"rendered":"Jet\u00e9 de canap\u00e9\/lit Indigo Fait main -170x60cm &#8211; Heerak Patern"},"content":{"rendered":"<p>Nos Jet\u00e9s indigo faits \u00e0 la main en gros prennent vie gr\u00e2ce \u00e0 un processus m\u00e9ticuleux. Les ma\u00eetres artisans plongent le tissu dans des bains de teinture indigo naturelle, couche par couche, pour obtenir les nuances de bleu profondes et resplendissantes qui d\u00e9finissent les textiles indigo.&nbsp;<\/p>\n<p>Diverses techniques de r\u00e9sistance, telles que le tie-dye, l&rsquo;impression en bloc ou le batik, sont utilis\u00e9es pour cr\u00e9er des motifs et des dessins complexes sur le tissu, le transformant en une toile d&rsquo;expression artistique. Le tissu teint est d\u00e9licatement s\u00e9ch\u00e9 au soleil, permettant \u00e0 l&rsquo;indigo de subir une oxydation, r\u00e9v\u00e9lant progressivement sa teinte bleue embl\u00e9matique, rayonnante comme le ciel indien.&nbsp;<\/p>\n<p>Chaque jet\u00e9 est joliment fini avec une broderie cousue \u00e0 la main ou orn\u00e9 de pompons, ajoutant une touche d&rsquo;authenticit\u00e9 et d&rsquo;individualit\u00e9 \u00e0 chaque pi\u00e8ce.&nbsp;<\/p>\n<p>L&rsquo;int\u00e9gration de produits indigo faits \u00e0 la main en gros dans votre portefeuille de produits ne se contente pas d&rsquo;enrichir vos offres ; il connecte vos clients avec la riche histoire et le talent artistique de l&rsquo;Inde.&nbsp;<\/p>\n<p>Ces Jet\u00e9s transcendent les simples textiles ; ce sont des tr\u00e9sors culturels et traditionnels qui captiveront vos clients et rehausseront leurs espaces de vie.&nbsp;<\/p>\n<p><strong><span style=\"color: rgb(141, 186, 216);\">Rejoignez-nous pour c\u00e9l\u00e9brer l&rsquo;art de la teinture indigo et la beaut\u00e9 intemporelle qu&rsquo;elle conf\u00e8re au monde de la d\u00e9coration int\u00e9rieure.<\/span><\/strong><\/p>\n","protected":false},"excerpt":{"rendered":"<p>Nos Jet\u00e9s indigo faits \u00e0 la main en gros prennent vie gr\u00e2ce \u00e0 un processus m\u00e9ticuleux. Les ma\u00eetres artisans plongent le tissu dans des bains de teinture indigo naturelle, couche par couche, pour obtenir les nuances de bleu profondes et resplendissantes qui d\u00e9finissent les textiles indigo.&nbsp; Diverses techniques de r\u00e9sistance, telles que le tie-dye, l&rsquo;impression [&hellip;]<\/p>\n","protected":false},"featured_media":368061,"comment_status":"closed","ping_status":"open","template":"","meta":{"_angie_page":false},"product_brand":[],"product_cat":[14446,17946,16869],"product_tag":[],"class_list":{"0":"post-228684","1":"product","2":"type-product","3":"status-publish","4":"has-post-thumbnail","6":"product_cat-maison-et-jardin","7":"product_cat-plaids","8":"product_cat-textiles","9":"pa_collection-handmade-indigo-throws-fr","10":"pa_made-in-inde","12":"first","13":"instock","14":"purchasable","15":"product-type-simple"},"supplier_id":null,"supplier_sku":"HIT-07","barcode":null,"atum_controlled":true,"out_stock_date":null,"out_stock_threshold":null,"inheritable":false,"inbound_stock":null,"stock_on_hold":0,"sold_today":0,"sales_last_days":0,"reserved_stock":null,"customer_returns":null,"warehouse_damage":null,"lost_in_post":null,"other_logs":null,"out_stock_days":0,"lost_sales":0,"has_location":null,"update_date":"2026-04-27T07:07:33","atum_locations":[],"atum_stock_status":"instock","restock_status":false,"low_stock_amount":"","sales_update_date":"2025-09-05T00:28:44","calc_backorders":null,"_links":{"self":[{"href":"https:\/\/aromasentia.com\/fr\/wp-json\/wp\/v2\/product\/228684","targetHints":{"allow":["GET"]}}],"collection":[{"href":"https:\/\/aromasentia.com\/fr\/wp-json\/wp\/v2\/product"}],"about":[{"href":"https:\/\/aromasentia.com\/fr\/wp-json\/wp\/v2\/types\/product"}],"replies":[{"embeddable":true,"href":"https:\/\/aromasentia.com\/fr\/wp-json\/wp\/v2\/comments?post=228684"}],"version-history":[{"count":0,"href":"https:\/\/aromasentia.com\/fr\/wp-json\/wp\/v2\/product\/228684\/revisions"}],"wp:featuredmedia":[{"embeddable":true,"href":"https:\/\/aromasentia.com\/fr\/wp-json\/wp\/v2\/media\/368061"}],"wp:attachment":[{"href":"https:\/\/aromasentia.com\/fr\/wp-json\/wp\/v2\/media?parent=228684"}],"wp:term":[{"taxonomy":"product_brand","embeddable":true,"href":"https:\/\/aromasentia.com\/fr\/wp-json\/wp\/v2\/product_brand?post=228684"},{"taxonomy":"product_cat","embeddable":true,"href":"https:\/\/aromasentia.com\/fr\/wp-json\/wp\/v2\/product_cat?post=228684"},{"taxonomy":"product_tag","embeddable":true,"href":"https:\/\/aromasentia.com\/fr\/wp-json\/wp\/v2\/product_tag?post=228684"}],"curies":[{"name":"wp","href":"https:\/\/api.w.org\/{rel}","templated":true}]}}