{"id":228620,"date":"2025-03-22T16:05:35","date_gmt":"2025-03-22T16:05:35","guid":{"rendered":"https:\/\/aromasentia.com\/product\/molton-glass-on-wood-water-jug\/"},"modified":"2025-12-30T19:16:36","modified_gmt":"2025-12-30T19:16:36","slug":"vase-en-verre-souffle-sur-racine-carafe-deau","status":"publish","type":"product","link":"https:\/\/aromasentia.com\/fr\/vase-en-verre-souffle-sur-racine-carafe-deau\/","title":{"rendered":"Vase en Verre Souffl\u00e9 sur Racine &#8211; Carafe d&rsquo;eau"},"content":{"rendered":"<p><strong><span style=\"color: rgb(75, 80, 88);\">Carafe d&rsquo;eau en Verre souffl\u00e9 sur Racine<\/span><\/strong> est fabriqu\u00e9 \u00e0 la main \u00e0 Bali \u00e0 partir de verre recycl\u00e9 et de bois balinais Gamal.&nbsp;<\/p>\n<p>Cette superbe carafe \u00e0 eau en fusion r\u00e9unit le meilleur de deux mondes : naturel et artificiel ; terreux et chic; pratique et spirituel.&nbsp;<\/p>\n<p>Le verre est souffl\u00e9 \u00e0 la bouche et alors qu&rsquo;il est encore chaud, il est ensuite d\u00e9tendu sur un morceau de racine de Gamal, le verre durcit ensuite \u00e0 la forme du bois assurant un ajustement parfait. Ils sont fabriqu\u00e9s \u00e0 partir d&rsquo;un produit naturel en utilisant des outils \u00e0 main de la mani\u00e8re traditionnelle balinaise.&nbsp;<\/p>\n<p>Faites entrer la nature \u00e0 l&rsquo;int\u00e9rieur avec ces \u0153uvres d&rsquo;art naturelles absolument magnifiques (et abordables), que vos clients voudront vraiment poss\u00e9der.&nbsp;<\/p>\n<p>Taille de la cruche : H : 18 cm P : 10 cm Capacit\u00e9 : 0,6l&nbsp;<\/p>\n<p><strong><span style=\"color: rgb(141, 186, 216);\">Veuillez noter : qu&rsquo;en raison de la nature artisanale de ce produit, il peut y avoir de petites imperfections dans le verre telles que de petites bulles, de l\u00e9g\u00e8res rayures. Les tailles et les designs peuvent varier l\u00e9g\u00e8rement.<\/span><\/strong><\/p>\n","protected":false},"excerpt":{"rendered":"<p>Carafe d&rsquo;eau en Verre souffl\u00e9 sur Racine est fabriqu\u00e9 \u00e0 la main \u00e0 Bali \u00e0 partir de verre recycl\u00e9 et de bois balinais Gamal.&nbsp; Cette superbe carafe \u00e0 eau en fusion r\u00e9unit le meilleur de deux mondes : naturel et artificiel ; terreux et chic; pratique et spirituel.&nbsp; Le verre est souffl\u00e9 \u00e0 la bouche [&hellip;]<\/p>\n","protected":false},"featured_media":371418,"comment_status":"closed","ping_status":"open","template":"","meta":{"_angie_page":false},"product_brand":[],"product_cat":[17574,14446],"product_tag":[],"class_list":{"0":"post-228620","1":"product","2":"type-product","3":"status-publish","4":"has-post-thumbnail","6":"product_cat-decoration-du-verre","7":"product_cat-maison-et-jardin","8":"pa_collection-molten-glass-on-wood-fr","9":"pa_made-in-indonesie","11":"first","12":"instock","13":"purchasable","14":"product-type-simple"},"supplier_id":null,"supplier_sku":"MGW-08","barcode":null,"atum_controlled":true,"out_stock_date":null,"out_stock_threshold":null,"inheritable":false,"inbound_stock":null,"stock_on_hold":0,"sold_today":0,"sales_last_days":0,"reserved_stock":null,"customer_returns":null,"warehouse_damage":null,"lost_in_post":null,"other_logs":null,"out_stock_days":0,"lost_sales":0,"has_location":null,"update_date":"2026-05-08T05:13:10","atum_locations":[],"atum_stock_status":"instock","restock_status":false,"low_stock_amount":"","sales_update_date":"2025-09-05T00:29:24","calc_backorders":null,"_links":{"self":[{"href":"https:\/\/aromasentia.com\/fr\/wp-json\/wp\/v2\/product\/228620","targetHints":{"allow":["GET"]}}],"collection":[{"href":"https:\/\/aromasentia.com\/fr\/wp-json\/wp\/v2\/product"}],"about":[{"href":"https:\/\/aromasentia.com\/fr\/wp-json\/wp\/v2\/types\/product"}],"replies":[{"embeddable":true,"href":"https:\/\/aromasentia.com\/fr\/wp-json\/wp\/v2\/comments?post=228620"}],"version-history":[{"count":0,"href":"https:\/\/aromasentia.com\/fr\/wp-json\/wp\/v2\/product\/228620\/revisions"}],"wp:featuredmedia":[{"embeddable":true,"href":"https:\/\/aromasentia.com\/fr\/wp-json\/wp\/v2\/media\/371418"}],"wp:attachment":[{"href":"https:\/\/aromasentia.com\/fr\/wp-json\/wp\/v2\/media?parent=228620"}],"wp:term":[{"taxonomy":"product_brand","embeddable":true,"href":"https:\/\/aromasentia.com\/fr\/wp-json\/wp\/v2\/product_brand?post=228620"},{"taxonomy":"product_cat","embeddable":true,"href":"https:\/\/aromasentia.com\/fr\/wp-json\/wp\/v2\/product_cat?post=228620"},{"taxonomy":"product_tag","embeddable":true,"href":"https:\/\/aromasentia.com\/fr\/wp-json\/wp\/v2\/product_tag?post=228620"}],"curies":[{"name":"wp","href":"https:\/\/api.w.org\/{rel}","templated":true}]}}