{"id":228556,"date":"2025-03-22T16:05:35","date_gmt":"2025-03-22T16:05:35","guid":{"rendered":"https:\/\/aromasentia.com\/product\/pastel-blue-macrame-dream-catcher-12cm-asst-colours\/"},"modified":"2025-12-30T19:16:29","modified_gmt":"2025-12-30T19:16:29","slug":"attrape-reves-en-macrame-bleu-pastel-12cm-couleurs-assorties","status":"publish","type":"product","link":"https:\/\/aromasentia.com\/fr\/attrape-reves-en-macrame-bleu-pastel-12cm-couleurs-assorties\/","title":{"rendered":"Attrape-r\u00eaves en macram\u00e9 bleu pastel 12cm (couleurs assorties)"},"content":{"rendered":"<p><strong><span style=\"color: rgb(75, 80, 88);\">Attrape R\u00eaves Pastel Macram\u00e9 &#8211; Bleu pastel en gros<\/span><\/strong>, fait main avec soin et amour dans les villages de Bali. Les esprits de la nuit peuvent apporter de bons et de mauvais r\u00eaves.&nbsp;<\/p>\n<p>Ces magnifiques attrape-r\u00eaves sont fabriqu\u00e9s \u00e0 la main sur l&rsquo;\u00eele spirituellement b\u00e9nie de Bali. Les bons r\u00eaves passent par l&rsquo;attrape-r\u00eaves et les mauvais ne connaissant pas le chemin s&#8217;emm\u00ealent dans la toile et p\u00e9rissent aux premi\u00e8res lueurs de l&rsquo;aube.&nbsp;<\/p>\n<p>\u00e0 Bali, les habitants sont tr\u00e8s en contact avec le monde des esprits et ont adopt\u00e9 l&rsquo;attrape-r\u00eaves et renouvel\u00e9 son pouvoir.&nbsp;<\/p>\n<p><strong><span style=\"color: rgb(141, 186, 216);\">Fabriqu\u00e9 avec amour \u00e0 partir de coton et de plumes avec des b\u00e9n\u00e9dictions suppl\u00e9mentaires. Faites de beaux r\u00eaves.<\/span><\/strong><\/p>\n","protected":false},"excerpt":{"rendered":"<p>Attrape R\u00eaves Pastel Macram\u00e9 &#8211; Bleu pastel en gros, fait main avec soin et amour dans les villages de Bali. Les esprits de la nuit peuvent apporter de bons et de mauvais r\u00eaves.&nbsp; Ces magnifiques attrape-r\u00eaves sont fabriqu\u00e9s \u00e0 la main sur l&rsquo;\u00eele spirituellement b\u00e9nie de Bali. Les bons r\u00eaves passent par l&rsquo;attrape-r\u00eaves et les [&hellip;]<\/p>\n","protected":false},"featured_media":371082,"comment_status":"closed","ping_status":"open","template":"","meta":[],"product_brand":[],"product_cat":[14447,14446],"product_tag":[],"class_list":{"0":"post-228556","1":"product","2":"type-product","3":"status-publish","4":"has-post-thumbnail","6":"product_cat-macrames-et-capteur-de-reves","7":"product_cat-maison-et-jardin","8":"pa_collection-pastel-macrame-dream-catchers-fr","9":"pa_made-in-indonesie","11":"first","12":"instock","13":"purchasable","14":"product-type-simple"},"supplier_id":null,"supplier_sku":"MDC-04","barcode":null,"atum_controlled":true,"out_stock_date":null,"out_stock_threshold":null,"inheritable":false,"inbound_stock":null,"stock_on_hold":0,"sold_today":0,"sales_last_days":0,"reserved_stock":null,"customer_returns":null,"warehouse_damage":null,"lost_in_post":null,"other_logs":null,"out_stock_days":0,"lost_sales":0,"has_location":null,"update_date":"2026-02-06T00:01:24","atum_locations":[],"atum_stock_status":"instock","restock_status":false,"low_stock_amount":"","sales_update_date":"2026-02-06T00:01:24","calc_backorders":null,"_links":{"self":[{"href":"https:\/\/aromasentia.com\/fr\/wp-json\/wp\/v2\/product\/228556","targetHints":{"allow":["GET"]}}],"collection":[{"href":"https:\/\/aromasentia.com\/fr\/wp-json\/wp\/v2\/product"}],"about":[{"href":"https:\/\/aromasentia.com\/fr\/wp-json\/wp\/v2\/types\/product"}],"replies":[{"embeddable":true,"href":"https:\/\/aromasentia.com\/fr\/wp-json\/wp\/v2\/comments?post=228556"}],"version-history":[{"count":0,"href":"https:\/\/aromasentia.com\/fr\/wp-json\/wp\/v2\/product\/228556\/revisions"}],"wp:featuredmedia":[{"embeddable":true,"href":"https:\/\/aromasentia.com\/fr\/wp-json\/wp\/v2\/media\/371082"}],"wp:attachment":[{"href":"https:\/\/aromasentia.com\/fr\/wp-json\/wp\/v2\/media?parent=228556"}],"wp:term":[{"taxonomy":"product_brand","embeddable":true,"href":"https:\/\/aromasentia.com\/fr\/wp-json\/wp\/v2\/product_brand?post=228556"},{"taxonomy":"product_cat","embeddable":true,"href":"https:\/\/aromasentia.com\/fr\/wp-json\/wp\/v2\/product_cat?post=228556"},{"taxonomy":"product_tag","embeddable":true,"href":"https:\/\/aromasentia.com\/fr\/wp-json\/wp\/v2\/product_tag?post=228556"}],"curies":[{"name":"wp","href":"https:\/\/api.w.org\/{rel}","templated":true}]}}