{"id":228532,"date":"2025-03-22T16:05:35","date_gmt":"2025-03-22T16:05:35","guid":{"rendered":"https:\/\/aromasentia.com\/product\/macrame-soft-chandelier-black\/"},"modified":"2025-12-30T19:16:22","modified_gmt":"2025-12-30T19:16:22","slug":"lustre-doux-en-macrame-noir","status":"publish","type":"product","link":"https:\/\/aromasentia.com\/fr\/lustre-doux-en-macrame-noir\/","title":{"rendered":"Lustre Doux en Macram\u00e9 &#8211; Noir"},"content":{"rendered":"<p>Ajoutez une touche de glamour boh\u00e8me \u00e0 n&rsquo;importe quelle pi\u00e8ce avec notre <strong><span style=\"color: rgb(75, 80, 88);\">Lustre en macram\u00e9 Noir<\/span><\/strong> en gros.<\/p>\n<p>Si vous n&rsquo;avez toujours pas \u00e9t\u00e9 pris dans la folie du macram\u00e9, alors vous ne savez pas ce qui vous manque. Tiss\u00e9 \u00e0 la main en Indon\u00e9sie avec une corde de coton produite localement, ce lustre est un d\u00e9cor boh\u00e8me chic unique qui aura fi\u00e8re allure dans votre boutique.&nbsp;<\/p>\n<p>Taille approximative : H : 80 cm, l : 50 cm&nbsp;<\/p>\n<p>NB : Luminaire non inclus. Utilisez uniquement des ampoules LED\/\u00e0 faible consommation d&rsquo;\u00e9nergie\/efficaces en \u00e9nergie, qui restent froides et ne deviennent pas trop chaudes.&nbsp;<\/p>\n<p><strong><span style=\"color: rgb(75, 80, 88);\">* Enti\u00e8rement naturel&nbsp;<\/span><\/strong><\/p>\n<p><span style=\"color: rgb(75, 80, 88);\"><strong>* Tiss\u00e9 \u00e0 la main&nbsp;<\/strong><\/span><\/p>\n<p><span style=\"color: rgb(75, 80, 88);\"><strong>* Produit localement&nbsp;<\/strong><\/span><\/p>\n<p><strong><span style=\"color: rgb(75, 80, 88);\">* Commerce \u00e9quitable&nbsp;<\/span><\/strong><\/p>\n<p><strong><span style=\"color: rgb(141, 186, 216);\">Commandez aujourd&rsquo;hui. Vos clients le voudront.<\/span><\/strong><\/p>\n","protected":false},"excerpt":{"rendered":"<p>Ajoutez une touche de glamour boh\u00e8me \u00e0 n&rsquo;importe quelle pi\u00e8ce avec notre Lustre en macram\u00e9 Noir en gros. Si vous n&rsquo;avez toujours pas \u00e9t\u00e9 pris dans la folie du macram\u00e9, alors vous ne savez pas ce qui vous manque. Tiss\u00e9 \u00e0 la main en Indon\u00e9sie avec une corde de coton produite localement, ce lustre est [&hellip;]<\/p>\n","protected":false},"featured_media":370972,"comment_status":"closed","ping_status":"open","template":"","meta":[],"product_brand":[],"product_cat":[14446],"product_tag":[],"class_list":{"0":"post-228532","1":"product","2":"type-product","3":"status-publish","4":"has-post-thumbnail","6":"product_cat-maison-et-jardin","7":"pa_made-in-indonesie","9":"first","10":"instock","11":"purchasable","12":"product-type-simple"},"supplier_id":null,"supplier_sku":"MChand-02","barcode":null,"atum_controlled":true,"out_stock_date":null,"out_stock_threshold":null,"inheritable":false,"inbound_stock":null,"stock_on_hold":0,"sold_today":0,"sales_last_days":0,"reserved_stock":null,"customer_returns":null,"warehouse_damage":null,"lost_in_post":null,"other_logs":null,"out_stock_days":0,"lost_sales":0,"has_location":null,"update_date":"2026-01-30T01:25:38","atum_locations":[],"atum_stock_status":"instock","restock_status":false,"low_stock_amount":"","sales_update_date":"2026-01-30T01:25:38","calc_backorders":null,"_links":{"self":[{"href":"https:\/\/aromasentia.com\/fr\/wp-json\/wp\/v2\/product\/228532","targetHints":{"allow":["GET"]}}],"collection":[{"href":"https:\/\/aromasentia.com\/fr\/wp-json\/wp\/v2\/product"}],"about":[{"href":"https:\/\/aromasentia.com\/fr\/wp-json\/wp\/v2\/types\/product"}],"replies":[{"embeddable":true,"href":"https:\/\/aromasentia.com\/fr\/wp-json\/wp\/v2\/comments?post=228532"}],"version-history":[{"count":0,"href":"https:\/\/aromasentia.com\/fr\/wp-json\/wp\/v2\/product\/228532\/revisions"}],"wp:featuredmedia":[{"embeddable":true,"href":"https:\/\/aromasentia.com\/fr\/wp-json\/wp\/v2\/media\/370972"}],"wp:attachment":[{"href":"https:\/\/aromasentia.com\/fr\/wp-json\/wp\/v2\/media?parent=228532"}],"wp:term":[{"taxonomy":"product_brand","embeddable":true,"href":"https:\/\/aromasentia.com\/fr\/wp-json\/wp\/v2\/product_brand?post=228532"},{"taxonomy":"product_cat","embeddable":true,"href":"https:\/\/aromasentia.com\/fr\/wp-json\/wp\/v2\/product_cat?post=228532"},{"taxonomy":"product_tag","embeddable":true,"href":"https:\/\/aromasentia.com\/fr\/wp-json\/wp\/v2\/product_tag?post=228532"}],"curies":[{"name":"wp","href":"https:\/\/api.w.org\/{rel}","templated":true}]}}