{"id":228400,"date":"2025-03-22T16:05:35","date_gmt":"2025-03-22T16:05:35","guid":{"rendered":"https:\/\/aromasentia.com\/product\/macrame-angel-rainbow\/"},"modified":"2025-12-30T19:16:00","modified_gmt":"2025-12-30T19:16:00","slug":"ange-en-macrame-arc-en-ciel","status":"publish","type":"product","link":"https:\/\/aromasentia.com\/fr\/ange-en-macrame-arc-en-ciel\/","title":{"rendered":"Ange en macram\u00e9 &#8211; Arc-en-ciel"},"content":{"rendered":"<p>Ancient Wisdom Hati-Hati Macrame Ange en macram\u00e9 est tiss\u00e9 \u00e0 la main dans des villages de montagne \u00e0 partir de pur coton indon\u00e9sien. Hati-Hati en langue indon\u00e9sienne signifie \u00ab\u00a0prenez soin\u00a0\u00bb et est extr\u00eamement couramment utilis\u00e9. Les anges Hati Hati font un beau cadeau culturel et attentionn\u00e9. Cet ange a donc \u00e9t\u00e9 con&ccedil;u pour apporter amour et attention \u00e0 tous ceux qui le tiennent.&nbsp;<\/p>\n<p><strong><span style=\"color: rgb(75, 80, 88);\">Ange en macram\u00e9 &#8211; Arc-en-ciel<\/span><\/strong><\/p>\n<p>Cet ange est fait pour \u00eatre accroch\u00e9 dans la chambre ou pr\u00e8s d&rsquo;un b\u00e9b\u00e9. C&rsquo;est pour nous rappeler que prendre soin et prot\u00e9ger nos enfants est la plus haute des t\u00e2ches humaines.&nbsp;<\/p>\n<p><strong><span style=\"color: rgb(141, 186, 216);\">Cet ange est le cadeau parfait pour un nouveau-n\u00e9, en particulier lors de la c\u00e9r\u00e9monie de bapt\u00eame ou de bapt\u00eame.<\/span><\/strong><\/p>\n","protected":false},"excerpt":{"rendered":"<p>Ancient Wisdom Hati-Hati Macrame Ange en macram\u00e9 est tiss\u00e9 \u00e0 la main dans des villages de montagne \u00e0 partir de pur coton indon\u00e9sien. Hati-Hati en langue indon\u00e9sienne signifie \u00ab\u00a0prenez soin\u00a0\u00bb et est extr\u00eamement couramment utilis\u00e9. Les anges Hati Hati font un beau cadeau culturel et attentionn\u00e9. Cet ange a donc \u00e9t\u00e9 con&ccedil;u pour apporter amour [&hellip;]<\/p>\n","protected":false},"featured_media":370091,"comment_status":"closed","ping_status":"open","template":"","meta":{"_angie_page":false},"product_brand":[],"product_cat":[14447,14446],"product_tag":[],"class_list":{"0":"post-228400","1":"product","2":"type-product","3":"status-publish","4":"has-post-thumbnail","6":"product_cat-macrames-et-capteur-de-reves","7":"product_cat-maison-et-jardin","8":"pa_collection-hati-hati-macrame-angel-in-gift-box-fr","9":"pa_made-in-indonesie","11":"first","12":"instock","13":"purchasable","14":"product-type-simple"},"supplier_id":null,"supplier_sku":"MacA-01","barcode":null,"atum_controlled":true,"out_stock_date":null,"out_stock_threshold":null,"inheritable":false,"inbound_stock":null,"stock_on_hold":0,"sold_today":0,"sales_last_days":0,"reserved_stock":null,"customer_returns":null,"warehouse_damage":null,"lost_in_post":null,"other_logs":null,"out_stock_days":0,"lost_sales":0,"has_location":null,"update_date":"2026-04-27T07:11:45","atum_locations":[],"atum_stock_status":"instock","restock_status":false,"low_stock_amount":"","sales_update_date":"2026-01-20T05:13:36","calc_backorders":null,"_links":{"self":[{"href":"https:\/\/aromasentia.com\/fr\/wp-json\/wp\/v2\/product\/228400","targetHints":{"allow":["GET"]}}],"collection":[{"href":"https:\/\/aromasentia.com\/fr\/wp-json\/wp\/v2\/product"}],"about":[{"href":"https:\/\/aromasentia.com\/fr\/wp-json\/wp\/v2\/types\/product"}],"replies":[{"embeddable":true,"href":"https:\/\/aromasentia.com\/fr\/wp-json\/wp\/v2\/comments?post=228400"}],"version-history":[{"count":0,"href":"https:\/\/aromasentia.com\/fr\/wp-json\/wp\/v2\/product\/228400\/revisions"}],"wp:featuredmedia":[{"embeddable":true,"href":"https:\/\/aromasentia.com\/fr\/wp-json\/wp\/v2\/media\/370091"}],"wp:attachment":[{"href":"https:\/\/aromasentia.com\/fr\/wp-json\/wp\/v2\/media?parent=228400"}],"wp:term":[{"taxonomy":"product_brand","embeddable":true,"href":"https:\/\/aromasentia.com\/fr\/wp-json\/wp\/v2\/product_brand?post=228400"},{"taxonomy":"product_cat","embeddable":true,"href":"https:\/\/aromasentia.com\/fr\/wp-json\/wp\/v2\/product_cat?post=228400"},{"taxonomy":"product_tag","embeddable":true,"href":"https:\/\/aromasentia.com\/fr\/wp-json\/wp\/v2\/product_tag?post=228400"}],"curies":[{"name":"wp","href":"https:\/\/api.w.org\/{rel}","templated":true}]}}