{"id":228384,"date":"2025-03-22T16:05:35","date_gmt":"2025-03-22T16:05:35","guid":{"rendered":"https:\/\/aromasentia.com\/product\/1x-linen-cushion-30x50cm-palm-tree-with-fringe\/"},"modified":"2025-12-30T19:16:00","modified_gmt":"2025-12-30T19:16:00","slug":"coussin-en-lin-30x50-cm-palmier-a-franges","status":"publish","type":"product","link":"https:\/\/aromasentia.com\/fr\/coussin-en-lin-30x50-cm-palmier-a-franges\/","title":{"rendered":"Coussin en lin 30&#215;50 cm Palmier \u00e0 franges"},"content":{"rendered":"<p>Si vous recherchez des accessoires pour la maison naturels, durables et \u00e9cologiques, nos housses de coussin en lin \u00e0 franges en gros sont le bon choix pour vous.&nbsp;<\/p>\n<p>Des rev\u00eatements de <strong><span style=\"color: rgb(75, 80, 88);\">coussin en lin durables<\/span><\/strong>. Ils peuvent remplacer des dizaines de rev\u00eatements en coton. Ils ajouteront une touche chaleureuse \u00e0 n&rsquo;importe quelle maison, que ce soit sur un canap\u00e9, une balan&ccedil;oire ou un banc de jardin. Fabriqu\u00e9s \u00e0 100% en lin, ils sont une parfaite alternative \u00e9cologique.&nbsp;<\/p>\n<p><strong><span style=\"color: rgb(75, 80, 88);\">Le lin est un mat\u00e9riau renouvelable et enti\u00e8rement biod\u00e9gradable<\/span><\/strong>, aucun engrais n&rsquo;est utilis\u00e9 dans sa culture et il ne n\u00e9cessite aucune irrigation. Le mat\u00e9riau est tr\u00e8s doux et confortable, vous invitant \u00e0 la d\u00e9tente. \u00e0 chaque lavage et utilisation, il deviendra plus doux.&nbsp;<\/p>\n<p>C&rsquo;est parce que les fibres de lin se cassent pendant le lavage, donc plus vous l&rsquo;utilisez longtemps, plus il est fin. Ces rev\u00eatements ont des franges \u00e9l\u00e9gantes et une fermeture \u00e0 glissi\u00e8re pratique.&nbsp;<\/p>\n<p><strong><span style=\"color: rgb(75, 80, 88);\">NB : Les housses de coussins sont vendues sans les int\u00e9rieurs (coussins).<\/span><\/strong>&nbsp;<\/p>\n<p><strong><span style=\"color: rgb(141, 186, 216);\">Si vous vendez des articles m\u00e9nagers, c&rsquo;est un article essentiel. Acheter maintenant.<\/span><\/strong><\/p>\n","protected":false},"excerpt":{"rendered":"<p>Si vous recherchez des accessoires pour la maison naturels, durables et \u00e9cologiques, nos housses de coussin en lin \u00e0 franges en gros sont le bon choix pour vous.&nbsp; Des rev\u00eatements de coussin en lin durables. Ils peuvent remplacer des dizaines de rev\u00eatements en coton. Ils ajouteront une touche chaleureuse \u00e0 n&rsquo;importe quelle maison, que ce [&hellip;]<\/p>\n","protected":false},"featured_media":370007,"comment_status":"closed","ping_status":"open","template":"","meta":[],"product_brand":[],"product_cat":[17809,14446,16869],"product_tag":[],"class_list":{"0":"post-228384","1":"product","2":"type-product","3":"status-publish","4":"has-post-thumbnail","6":"product_cat-housses-de-coussin","7":"product_cat-maison-et-jardin","8":"product_cat-textiles","9":"pa_collection-linen-cushion-coverings-fr","10":"pa_made-in-indonesie","12":"first","13":"instock","14":"purchasable","15":"product-type-simple"},"supplier_id":null,"supplier_sku":"LinC-06","barcode":null,"atum_controlled":true,"out_stock_date":null,"out_stock_threshold":null,"inheritable":false,"inbound_stock":null,"stock_on_hold":0,"sold_today":0,"sales_last_days":0,"reserved_stock":null,"customer_returns":null,"warehouse_damage":null,"lost_in_post":null,"other_logs":null,"out_stock_days":0,"lost_sales":0,"has_location":null,"update_date":"2026-02-10T16:26:52","atum_locations":[],"atum_stock_status":"instock","restock_status":false,"low_stock_amount":"","sales_update_date":"2026-02-06T00:02:06","calc_backorders":null,"_links":{"self":[{"href":"https:\/\/aromasentia.com\/fr\/wp-json\/wp\/v2\/product\/228384","targetHints":{"allow":["GET"]}}],"collection":[{"href":"https:\/\/aromasentia.com\/fr\/wp-json\/wp\/v2\/product"}],"about":[{"href":"https:\/\/aromasentia.com\/fr\/wp-json\/wp\/v2\/types\/product"}],"replies":[{"embeddable":true,"href":"https:\/\/aromasentia.com\/fr\/wp-json\/wp\/v2\/comments?post=228384"}],"version-history":[{"count":0,"href":"https:\/\/aromasentia.com\/fr\/wp-json\/wp\/v2\/product\/228384\/revisions"}],"wp:featuredmedia":[{"embeddable":true,"href":"https:\/\/aromasentia.com\/fr\/wp-json\/wp\/v2\/media\/370007"}],"wp:attachment":[{"href":"https:\/\/aromasentia.com\/fr\/wp-json\/wp\/v2\/media?parent=228384"}],"wp:term":[{"taxonomy":"product_brand","embeddable":true,"href":"https:\/\/aromasentia.com\/fr\/wp-json\/wp\/v2\/product_brand?post=228384"},{"taxonomy":"product_cat","embeddable":true,"href":"https:\/\/aromasentia.com\/fr\/wp-json\/wp\/v2\/product_cat?post=228384"},{"taxonomy":"product_tag","embeddable":true,"href":"https:\/\/aromasentia.com\/fr\/wp-json\/wp\/v2\/product_tag?post=228384"}],"curies":[{"name":"wp","href":"https:\/\/api.w.org\/{rel}","templated":true}]}}