{"id":228344,"date":"2025-03-22T16:05:35","date_gmt":"2025-03-22T16:05:35","guid":{"rendered":"https:\/\/aromasentia.com\/product\/kilim-rug-125x80-cm-charcoal\/"},"modified":"2025-06-23T18:43:18","modified_gmt":"2025-06-23T18:43:18","slug":"tapis-kilim-125x80-cm-anthracite","status":"publish","type":"product","link":"https:\/\/aromasentia.com\/fr\/tapis-kilim-125x80-cm-anthracite\/","title":{"rendered":"Tapis Kilim 125&#215;80 cm &#8211; Anthracite"},"content":{"rendered":"<p>Ce <strong><span style=\"color: rgb(75, 80, 88);\">Tapis Kilim Anthracite<\/span><\/strong> en gros est tr\u00e8s \u00e9l\u00e9gant et accrocheur avec son motif diagonal en forme de marche. Il ajoutera de la couleur \u00e0 n&rsquo;importe quelle pi\u00e8ce.&nbsp;<\/p>\n<p>Offrez \u00e0 vos clients une sensation orientale \u00e0 la maison. Le tapis Kilim est un tapis oriental tiss\u00e9 en tapisserie plate. Il a \u00e9t\u00e9 produit depuis l&rsquo;Antiquit\u00e9.&nbsp;<\/p>\n<p>Cet affichage astucieux de tapis boh\u00e8me \u00e0 tissage plat est c\u00e9l\u00e8bre parce que la laine ne traverse pas toute la largeur du tapis, mais tourne plut\u00f4t lorsque la couleur est chang\u00e9e. Cela signifie que chaque tapis a une apparence unique.&nbsp;<\/p>\n<p>Design d&rsquo;inspiration tribale. Directement import\u00e9 de Turquie.&nbsp;<\/p>\n<p><strong><span style=\"color: rgb(141, 186, 216);\">Commandez aujourd&rsquo;hui cette d\u00e9coration d&rsquo;int\u00e9rieur unique et \u00e0 la mode, vos clients vont l&rsquo;adorer.<\/span><\/strong><\/p>\n","protected":false},"excerpt":{"rendered":"<p>Ce Tapis Kilim Anthracite en gros est tr\u00e8s \u00e9l\u00e9gant et accrocheur avec son motif diagonal en forme de marche. Il ajoutera de la couleur \u00e0 n&rsquo;importe quelle pi\u00e8ce.&nbsp; Offrez \u00e0 vos clients une sensation orientale \u00e0 la maison. Le tapis Kilim est un tapis oriental tiss\u00e9 en tapisserie plate. Il a \u00e9t\u00e9 produit depuis l&rsquo;Antiquit\u00e9.&nbsp; [&hellip;]<\/p>\n","protected":false},"featured_media":369701,"comment_status":"closed","ping_status":"open","template":"","meta":{"_angie_page":false},"product_brand":[],"product_cat":[14446,16868,16869],"product_tag":[],"class_list":{"0":"post-228344","1":"product","2":"type-product","3":"status-publish","4":"has-post-thumbnail","6":"product_cat-maison-et-jardin","7":"product_cat-tapis","8":"product_cat-textiles","9":"pa_collection-kilim-rug-fr","10":"pa_made-in-turquie","12":"first","13":"instock","14":"purchasable","15":"product-type-simple"},"supplier_id":null,"supplier_sku":"KRug-02","barcode":null,"atum_controlled":true,"out_stock_date":null,"out_stock_threshold":null,"inheritable":false,"inbound_stock":null,"stock_on_hold":0,"sold_today":0,"sales_last_days":0,"reserved_stock":null,"customer_returns":null,"warehouse_damage":null,"lost_in_post":null,"other_logs":null,"out_stock_days":0,"lost_sales":0,"has_location":null,"update_date":"2026-04-27T07:10:28","atum_locations":[],"atum_stock_status":"instock","restock_status":false,"low_stock_amount":"","sales_update_date":"2026-01-30T01:24:57","calc_backorders":null,"_links":{"self":[{"href":"https:\/\/aromasentia.com\/fr\/wp-json\/wp\/v2\/product\/228344","targetHints":{"allow":["GET"]}}],"collection":[{"href":"https:\/\/aromasentia.com\/fr\/wp-json\/wp\/v2\/product"}],"about":[{"href":"https:\/\/aromasentia.com\/fr\/wp-json\/wp\/v2\/types\/product"}],"replies":[{"embeddable":true,"href":"https:\/\/aromasentia.com\/fr\/wp-json\/wp\/v2\/comments?post=228344"}],"version-history":[{"count":0,"href":"https:\/\/aromasentia.com\/fr\/wp-json\/wp\/v2\/product\/228344\/revisions"}],"wp:featuredmedia":[{"embeddable":true,"href":"https:\/\/aromasentia.com\/fr\/wp-json\/wp\/v2\/media\/369701"}],"wp:attachment":[{"href":"https:\/\/aromasentia.com\/fr\/wp-json\/wp\/v2\/media?parent=228344"}],"wp:term":[{"taxonomy":"product_brand","embeddable":true,"href":"https:\/\/aromasentia.com\/fr\/wp-json\/wp\/v2\/product_brand?post=228344"},{"taxonomy":"product_cat","embeddable":true,"href":"https:\/\/aromasentia.com\/fr\/wp-json\/wp\/v2\/product_cat?post=228344"},{"taxonomy":"product_tag","embeddable":true,"href":"https:\/\/aromasentia.com\/fr\/wp-json\/wp\/v2\/product_tag?post=228344"}],"curies":[{"name":"wp","href":"https:\/\/api.w.org\/{rel}","templated":true}]}}