{"id":228332,"date":"2025-03-22T16:05:35","date_gmt":"2025-03-22T16:05:35","guid":{"rendered":"https:\/\/aromasentia.com\/product\/kilim-cushion-cover-charcoal\/"},"modified":"2025-06-23T18:43:17","modified_gmt":"2025-06-23T18:43:17","slug":"kilim-cushion-cover-charcoal","status":"publish","type":"product","link":"https:\/\/aromasentia.com\/fr\/kilim-cushion-cover-charcoal\/","title":{"rendered":"Kilim Cushion Cover &#8211; Charcoal"},"content":{"rendered":"<p>Ajoutez une texture sophistiqu\u00e9e avec cette housse de coussin Kilim &#8211; Charcoal. Cette housse de coussin remarquable utilise le tissage Kilim traditionnel, affichant des motifs g\u00e9om\u00e9triques captivants ou des motifs ethniques dans un gris anthracite profond, peut-\u00eatre avec des accents contrast\u00e9s. Sa texture riche et sa teinte neutre et audacieuse apportent une touche de boh\u00e8me moderne ou d&rsquo;\u00e9l\u00e9gance rustique \u00e0 votre int\u00e9rieur. Une pi\u00e8ce durable et \u00e9l\u00e9gante qui ajoute de la profondeur, de l&rsquo;art et un sens de la sophistication dans n&rsquo;importe quelle pi\u00e8ce.<\/p>\n","protected":false},"excerpt":{"rendered":"<p>Ajoutez une texture sophistiqu\u00e9e avec cette housse de coussin Kilim &#8211; Charcoal. Cette housse de coussin remarquable utilise le tissage Kilim traditionnel, affichant des motifs g\u00e9om\u00e9triques captivants ou des motifs ethniques dans un gris anthracite profond, peut-\u00eatre avec des accents contrast\u00e9s. Sa texture riche et sa teinte neutre et audacieuse apportent une touche de boh\u00e8me [&hellip;]<\/p>\n","protected":false},"featured_media":369626,"comment_status":"closed","ping_status":"open","template":"","meta":{"_angie_page":false},"product_brand":[],"product_cat":[17809,14446,16869],"product_tag":[],"class_list":{"0":"post-228332","1":"product","2":"type-product","3":"status-publish","4":"has-post-thumbnail","6":"product_cat-housses-de-coussin","7":"product_cat-maison-et-jardin","8":"product_cat-textiles","9":"pa_made-in-turquie","11":"first","12":"instock","13":"purchasable","14":"product-type-simple"},"supplier_id":null,"supplier_sku":"KCush-02DS","barcode":null,"atum_controlled":true,"out_stock_date":null,"out_stock_threshold":null,"inheritable":false,"inbound_stock":null,"stock_on_hold":0,"sold_today":0,"sales_last_days":0,"reserved_stock":null,"customer_returns":null,"warehouse_damage":null,"lost_in_post":null,"other_logs":null,"out_stock_days":0,"lost_sales":0,"has_location":null,"update_date":"2026-04-27T07:10:19","atum_locations":[],"atum_stock_status":"instock","restock_status":false,"low_stock_amount":"","sales_update_date":"2026-01-30T01:25:48","calc_backorders":null,"_links":{"self":[{"href":"https:\/\/aromasentia.com\/fr\/wp-json\/wp\/v2\/product\/228332","targetHints":{"allow":["GET"]}}],"collection":[{"href":"https:\/\/aromasentia.com\/fr\/wp-json\/wp\/v2\/product"}],"about":[{"href":"https:\/\/aromasentia.com\/fr\/wp-json\/wp\/v2\/types\/product"}],"replies":[{"embeddable":true,"href":"https:\/\/aromasentia.com\/fr\/wp-json\/wp\/v2\/comments?post=228332"}],"version-history":[{"count":0,"href":"https:\/\/aromasentia.com\/fr\/wp-json\/wp\/v2\/product\/228332\/revisions"}],"wp:featuredmedia":[{"embeddable":true,"href":"https:\/\/aromasentia.com\/fr\/wp-json\/wp\/v2\/media\/369626"}],"wp:attachment":[{"href":"https:\/\/aromasentia.com\/fr\/wp-json\/wp\/v2\/media?parent=228332"}],"wp:term":[{"taxonomy":"product_brand","embeddable":true,"href":"https:\/\/aromasentia.com\/fr\/wp-json\/wp\/v2\/product_brand?post=228332"},{"taxonomy":"product_cat","embeddable":true,"href":"https:\/\/aromasentia.com\/fr\/wp-json\/wp\/v2\/product_cat?post=228332"},{"taxonomy":"product_tag","embeddable":true,"href":"https:\/\/aromasentia.com\/fr\/wp-json\/wp\/v2\/product_tag?post=228332"}],"curies":[{"name":"wp","href":"https:\/\/api.w.org\/{rel}","templated":true}]}}