{"id":228320,"date":"2025-03-22T16:05:35","date_gmt":"2025-03-22T16:05:35","guid":{"rendered":"https:\/\/aromasentia.com\/product\/round-jute-and-recycle-denim-rug-120-cm\/"},"modified":"2025-12-30T19:15:52","modified_gmt":"2025-12-30T19:15:52","slug":"tapis-rond-jute-et-denim-recycle-120-cm","status":"publish","type":"product","link":"https:\/\/aromasentia.com\/fr\/tapis-rond-jute-et-denim-recycle-120-cm\/","title":{"rendered":"Tapis Rond Jute et Denim Recycl\u00e9 &#8211; 120 cm"},"content":{"rendered":"<p>En provenance d&apos;Inde, ces tapis faits \u00e0 la main sont magnifiques, doux au toucher et r\u00e9sistants.<\/p>\n<p>En trois tailles 90cm &#8211; (taille de table basse) \u00e0 120cm et 150cm, assez pour remplir \u00e9l\u00e9gamment un salon comme sur ces photos.<\/p>\n<p>Fabriqu\u00e9 \u00e0 partir de jute durable et de coton sari recycl\u00e9 ou de chutes de denim recycl\u00e9es. Vos clients peuvent ajouter une touche artisanale \u00e0 des prix \u00e9tonnamment raisonnables.<\/p>\n<p>Complets, avec \u00e9tiquette \u00e0 main AW-Artisan pour montrer que ce produit proviens du commerce \u00e9quitable.<\/p>\n<p>Les tapis ronds sont tellement \u00e0 la mode maintenant, rejoignez le cercle et commandez d\u00e8s aujourd&apos;hui.<\/p>\n","protected":false},"excerpt":{"rendered":"<p>En provenance d&apos;Inde, ces tapis faits \u00e0 la main sont magnifiques, doux au toucher et r\u00e9sistants. En trois tailles 90cm &#8211; (taille de table basse) \u00e0 120cm et 150cm, assez pour remplir \u00e9l\u00e9gamment un salon comme sur ces photos. Fabriqu\u00e9 \u00e0 partir de jute durable et de coton sari recycl\u00e9 ou de chutes de denim [&hellip;]<\/p>\n","protected":false},"featured_media":369487,"comment_status":"closed","ping_status":"open","template":"","meta":{"_angie_page":false},"product_brand":[],"product_cat":[14446,16868,16869],"product_tag":[],"class_list":{"0":"post-228320","1":"product","2":"type-product","3":"status-publish","4":"has-post-thumbnail","6":"product_cat-maison-et-jardin","7":"product_cat-tapis","8":"product_cat-textiles","9":"pa_collection-round-jute-and-recycled-cotton-rugs-fr","10":"pa_made-in-inde","12":"first","13":"outofstock","14":"purchasable","15":"product-type-simple"},"supplier_id":null,"supplier_sku":"JRug-05","barcode":null,"atum_controlled":true,"out_stock_date":"2025-09-05 00:40:03","out_stock_threshold":null,"inheritable":false,"inbound_stock":null,"stock_on_hold":0,"sold_today":0,"sales_last_days":0,"reserved_stock":null,"customer_returns":null,"warehouse_damage":null,"lost_in_post":null,"other_logs":null,"out_stock_days":0,"lost_sales":0,"has_location":null,"update_date":"2026-04-27T07:10:13","atum_locations":[],"atum_stock_status":"outofstock","restock_status":false,"low_stock_amount":"","sales_update_date":"2025-09-05T00:29:05","calc_backorders":null,"_links":{"self":[{"href":"https:\/\/aromasentia.com\/fr\/wp-json\/wp\/v2\/product\/228320","targetHints":{"allow":["GET"]}}],"collection":[{"href":"https:\/\/aromasentia.com\/fr\/wp-json\/wp\/v2\/product"}],"about":[{"href":"https:\/\/aromasentia.com\/fr\/wp-json\/wp\/v2\/types\/product"}],"replies":[{"embeddable":true,"href":"https:\/\/aromasentia.com\/fr\/wp-json\/wp\/v2\/comments?post=228320"}],"version-history":[{"count":0,"href":"https:\/\/aromasentia.com\/fr\/wp-json\/wp\/v2\/product\/228320\/revisions"}],"wp:featuredmedia":[{"embeddable":true,"href":"https:\/\/aromasentia.com\/fr\/wp-json\/wp\/v2\/media\/369487"}],"wp:attachment":[{"href":"https:\/\/aromasentia.com\/fr\/wp-json\/wp\/v2\/media?parent=228320"}],"wp:term":[{"taxonomy":"product_brand","embeddable":true,"href":"https:\/\/aromasentia.com\/fr\/wp-json\/wp\/v2\/product_brand?post=228320"},{"taxonomy":"product_cat","embeddable":true,"href":"https:\/\/aromasentia.com\/fr\/wp-json\/wp\/v2\/product_cat?post=228320"},{"taxonomy":"product_tag","embeddable":true,"href":"https:\/\/aromasentia.com\/fr\/wp-json\/wp\/v2\/product_tag?post=228320"}],"curies":[{"name":"wp","href":"https:\/\/api.w.org\/{rel}","templated":true}]}}