{"id":228284,"date":"2025-03-22T16:05:35","date_gmt":"2025-03-22T16:05:35","guid":{"rendered":"https:\/\/aromasentia.com\/product\/molton-glass-candle-double-holder-on-wood\/"},"modified":"2025-06-23T18:43:09","modified_gmt":"2025-06-23T18:43:09","slug":"bougeoir-double-en-verre-fondu-sur-bois","status":"publish","type":"product","link":"https:\/\/aromasentia.com\/fr\/bougeoir-double-en-verre-fondu-sur-bois\/","title":{"rendered":"Bougeoir Double en Verre Fondu sur Bois"},"content":{"rendered":"<p><strong><span style=\"color: rgb(75, 80, 88);\">Vente en gros Bougie en verre fondu double support sur bois <\/span><\/strong><\/p>\n<p>Comme vous le savez, tout ce qui est li\u00e9 aux plantes d&rsquo;int\u00e9rieur et naturel est une tendance majeure, et ce produit magnifique et naturel est juste sur le bouton. Ils sont fabriqu\u00e9s \u00e0 la main \u00e0 partir de verre recycl\u00e9 et de bois de gamal.&nbsp;<\/p>\n<p>Ces belles pi\u00e8ces en verre fondu r\u00e9unissent le meilleur de deux mondes : naturel et artificiel ; terreux et chic; pratique et spirituel.&nbsp;<\/p>\n<p><strong><span style=\"color: rgb(141, 186, 216);\">Veuillez noter : qu&rsquo;en raison de la nature artisanale de ce produit, il peut y avoir de petites imperfections dans le verre telles que de petites bulles, de l\u00e9g\u00e8res rayures. Les tailles et les designs peuvent varier l\u00e9g\u00e8rement.<\/span><\/strong><\/p>\n","protected":false},"excerpt":{"rendered":"<p>Vente en gros Bougie en verre fondu double support sur bois Comme vous le savez, tout ce qui est li\u00e9 aux plantes d&rsquo;int\u00e9rieur et naturel est une tendance majeure, et ce produit magnifique et naturel est juste sur le bouton. Ils sont fabriqu\u00e9s \u00e0 la main \u00e0 partir de verre recycl\u00e9 et de bois de [&hellip;]<\/p>\n","protected":false},"featured_media":372146,"comment_status":"closed","ping_status":"open","template":"","meta":{"_angie_page":false},"product_brand":[],"product_cat":[17574,14446],"product_tag":[],"class_list":{"0":"post-228284","1":"product","2":"type-product","3":"status-publish","4":"has-post-thumbnail","6":"product_cat-decoration-du-verre","7":"product_cat-maison-et-jardin","8":"pa_collection-molten-glass-on-wood-fr","9":"pa_made-in-indonesie","11":"first","12":"instock","13":"purchasable","14":"product-type-simple"},"supplier_id":null,"supplier_sku":"MGW-25","barcode":null,"atum_controlled":true,"out_stock_date":null,"out_stock_threshold":null,"inheritable":false,"inbound_stock":null,"stock_on_hold":0,"sold_today":0,"sales_last_days":0,"reserved_stock":null,"customer_returns":null,"warehouse_damage":null,"lost_in_post":null,"other_logs":null,"out_stock_days":0,"lost_sales":0,"has_location":null,"update_date":"2026-04-30T01:02:51","atum_locations":[],"atum_stock_status":"instock","restock_status":false,"low_stock_amount":"","sales_update_date":"2025-09-05T00:29:27","calc_backorders":null,"_links":{"self":[{"href":"https:\/\/aromasentia.com\/fr\/wp-json\/wp\/v2\/product\/228284","targetHints":{"allow":["GET"]}}],"collection":[{"href":"https:\/\/aromasentia.com\/fr\/wp-json\/wp\/v2\/product"}],"about":[{"href":"https:\/\/aromasentia.com\/fr\/wp-json\/wp\/v2\/types\/product"}],"replies":[{"embeddable":true,"href":"https:\/\/aromasentia.com\/fr\/wp-json\/wp\/v2\/comments?post=228284"}],"version-history":[{"count":0,"href":"https:\/\/aromasentia.com\/fr\/wp-json\/wp\/v2\/product\/228284\/revisions"}],"wp:featuredmedia":[{"embeddable":true,"href":"https:\/\/aromasentia.com\/fr\/wp-json\/wp\/v2\/media\/372146"}],"wp:attachment":[{"href":"https:\/\/aromasentia.com\/fr\/wp-json\/wp\/v2\/media?parent=228284"}],"wp:term":[{"taxonomy":"product_brand","embeddable":true,"href":"https:\/\/aromasentia.com\/fr\/wp-json\/wp\/v2\/product_brand?post=228284"},{"taxonomy":"product_cat","embeddable":true,"href":"https:\/\/aromasentia.com\/fr\/wp-json\/wp\/v2\/product_cat?post=228284"},{"taxonomy":"product_tag","embeddable":true,"href":"https:\/\/aromasentia.com\/fr\/wp-json\/wp\/v2\/product_tag?post=228284"}],"curies":[{"name":"wp","href":"https:\/\/api.w.org\/{rel}","templated":true}]}}